{"id":11276,"date":"2025-07-28T12:21:21","date_gmt":"2025-07-28T12:21:21","guid":{"rendered":"https:\/\/newhometr.com\/store\/?post_type=product&#038;p=11276"},"modified":"2025-07-28T12:21:23","modified_gmt":"2025-07-28T12:21:23","slug":"aletcantam-extra-kapali-kasa-zebra-stor-perde-aparati-10lu_pkt","status":"publish","type":"product","link":"https:\/\/newhometr.com\/store\/product\/aletcantam-extra-kapali-kasa-zebra-stor-perde-aparati-10lu_pkt\/","title":{"rendered":"Alet\u00e7antam Extra Kapali Kasa Zebra Stor Perde Aparati (10&#8217;lu_pkt)"},"content":{"rendered":"<p>ALET\u00c7ANTAM EKSTRA B\u00dcY\u00dcK 5CM MONTAJ APARATI<\/p>\n<p>-KAPALI KASA ZEBRA PERDE MONTAJ KELEP\u00c7ES\u0130<br \/>\n-PAKET \u0130\u00c7ER\u0130\u011e\u0130 10 ADETT\u0130R.<br \/>\n-5 CM GEN\u0130\u015eL\u0130\u011e\u0130NDEK\u0130 KASALARA UYUMLUDUR.<\/p>\n","protected":false},"excerpt":{"rendered":"<p>Extra Kapali Kasa Zebra Stor Perde Aparati (10&#8217;lu_pkt)<\/p>\n","protected":false},"featured_media":11277,"comment_status":"open","ping_status":"closed","template":"","meta":[],"product_brand":[],"product_cat":[524,52],"product_tag":[],"class_list":{"0":"post-11276","1":"product","2":"type-product","3":"status-publish","4":"has-post-thumbnail","6":"product_cat-curtain-accessories","7":"product_cat-building-materials","10":"instock","11":"shipping-taxable","12":"purchasable","13":"product-type-simple"},"_links":{"self":[{"href":"https:\/\/newhometr.com\/store\/wp-json\/wp\/v2\/product\/11276","targetHints":{"allow":["GET"]}}],"collection":[{"href":"https:\/\/newhometr.com\/store\/wp-json\/wp\/v2\/product"}],"about":[{"href":"https:\/\/newhometr.com\/store\/wp-json\/wp\/v2\/types\/product"}],"replies":[{"embeddable":true,"href":"https:\/\/newhometr.com\/store\/wp-json\/wp\/v2\/comments?post=11276"}],"version-history":[{"count":1,"href":"https:\/\/newhometr.com\/store\/wp-json\/wp\/v2\/product\/11276\/revisions"}],"predecessor-version":[{"id":11281,"href":"https:\/\/newhometr.com\/store\/wp-json\/wp\/v2\/product\/11276\/revisions\/11281"}],"wp:featuredmedia":[{"embeddable":true,"href":"https:\/\/newhometr.com\/store\/wp-json\/wp\/v2\/media\/11277"}],"wp:attachment":[{"href":"https:\/\/newhometr.com\/store\/wp-json\/wp\/v2\/media?parent=11276"}],"wp:term":[{"taxonomy":"product_brand","embeddable":true,"href":"https:\/\/newhometr.com\/store\/wp-json\/wp\/v2\/product_brand?post=11276"},{"taxonomy":"product_cat","embeddable":true,"href":"https:\/\/newhometr.com\/store\/wp-json\/wp\/v2\/product_cat?post=11276"},{"taxonomy":"product_tag","embeddable":true,"href":"https:\/\/newhometr.com\/store\/wp-json\/wp\/v2\/product_tag?post=11276"}],"curies":[{"name":"wp","href":"https:\/\/api.w.org\/{rel}","templated":true}]}}