{"id":11272,"date":"2025-07-28T12:16:02","date_gmt":"2025-07-28T12:16:02","guid":{"rendered":"https:\/\/newhometr.com\/store\/?post_type=product&#038;p=11272"},"modified":"2025-07-28T12:16:03","modified_gmt":"2025-07-28T12:16:03","slug":"made-korni%cc%87s-fi%cc%87nal-2-li%cc%87","status":"publish","type":"product","link":"https:\/\/newhometr.com\/store\/product\/made-korni%cc%87s-fi%cc%87nal-2-li%cc%87\/","title":{"rendered":"Made Korni\u0307\u015f Fi\u0307nal 2 Li\u0307"},"content":{"rendered":"<p>MADE KORN\u0130\u015e F\u0130NAL 2 L\u0130<\/p>\n<p>Bu \u0130lan ENTEGRA Entegrasyon Sistemleri ile Listelenmi\u015ftir<\/p>\n","protected":false},"excerpt":{"rendered":"<p>MADE KORN\u0130\u015e F\u0130NAL 2 L\u0130 Bu \u0130lan ENTEGRA Entegrasyon Sistemleri ile Listelenmi\u015ftir<\/p>\n","protected":false},"featured_media":11273,"comment_status":"open","ping_status":"closed","template":"","meta":[],"product_brand":[],"product_cat":[524,52],"product_tag":[],"class_list":{"0":"post-11272","1":"product","2":"type-product","3":"status-publish","4":"has-post-thumbnail","6":"product_cat-curtain-accessories","7":"product_cat-building-materials","10":"instock","11":"shipping-taxable","12":"purchasable","13":"product-type-simple"},"_links":{"self":[{"href":"https:\/\/newhometr.com\/store\/wp-json\/wp\/v2\/product\/11272","targetHints":{"allow":["GET"]}}],"collection":[{"href":"https:\/\/newhometr.com\/store\/wp-json\/wp\/v2\/product"}],"about":[{"href":"https:\/\/newhometr.com\/store\/wp-json\/wp\/v2\/types\/product"}],"replies":[{"embeddable":true,"href":"https:\/\/newhometr.com\/store\/wp-json\/wp\/v2\/comments?post=11272"}],"version-history":[{"count":2,"href":"https:\/\/newhometr.com\/store\/wp-json\/wp\/v2\/product\/11272\/revisions"}],"predecessor-version":[{"id":11275,"href":"https:\/\/newhometr.com\/store\/wp-json\/wp\/v2\/product\/11272\/revisions\/11275"}],"wp:featuredmedia":[{"embeddable":true,"href":"https:\/\/newhometr.com\/store\/wp-json\/wp\/v2\/media\/11273"}],"wp:attachment":[{"href":"https:\/\/newhometr.com\/store\/wp-json\/wp\/v2\/media?parent=11272"}],"wp:term":[{"taxonomy":"product_brand","embeddable":true,"href":"https:\/\/newhometr.com\/store\/wp-json\/wp\/v2\/product_brand?post=11272"},{"taxonomy":"product_cat","embeddable":true,"href":"https:\/\/newhometr.com\/store\/wp-json\/wp\/v2\/product_cat?post=11272"},{"taxonomy":"product_tag","embeddable":true,"href":"https:\/\/newhometr.com\/store\/wp-json\/wp\/v2\/product_tag?post=11272"}],"curies":[{"name":"wp","href":"https:\/\/api.w.org\/{rel}","templated":true}]}}