{"id":11268,"date":"2025-07-28T12:13:34","date_gmt":"2025-07-28T12:13:34","guid":{"rendered":"https:\/\/newhometr.com\/store\/?post_type=product&#038;p=11268"},"modified":"2025-07-28T12:13:36","modified_gmt":"2025-07-28T12:13:36","slug":"aletcantam-2-rayli-kornis-le-donus-kose-viraj-90","status":"publish","type":"product","link":"https:\/\/newhometr.com\/store\/product\/aletcantam-2-rayli-kornis-le-donus-kose-viraj-90\/","title":{"rendered":"Alet\u00e7antam 2 Rayl\u0131 Korni\u015f Le D\u00f6n\u00fc\u015f K\u00f6\u015fe Viraj &#8211; 90\u00b0"},"content":{"rendered":"<p>KORN\u0130\u015e D\u00d6N\u00dc\u015e\u00dc &#8211;<br \/>\n-Adet fiyat\u0131d\u0131r.<br \/>\n-2 rayl\u0131 korni\u015fler i\u00e7in uygundur.<br \/>\n -90\u00b0 d\u00f6n\u00fc\u015f a\u00e7\u0131s\u0131 vard\u0131r. <\/p>\n<p> -Plastik malzemeden \u00fcretilmi\u015ftir.<\/p>\n","protected":false},"excerpt":{"rendered":"<p>Alet\u00e7antam 2 Rayl\u0131 Korni\u015f Le D\u00f6n\u00fc\u015f K\u00f6\u015fe Viraj &#8211; 90\u00b0<\/p>\n","protected":false},"featured_media":11269,"comment_status":"open","ping_status":"closed","template":"","meta":[],"product_brand":[],"product_cat":[524,52],"product_tag":[],"class_list":{"0":"post-11268","1":"product","2":"type-product","3":"status-publish","4":"has-post-thumbnail","6":"product_cat-curtain-accessories","7":"product_cat-building-materials","10":"instock","11":"shipping-taxable","12":"purchasable","13":"product-type-simple"},"_links":{"self":[{"href":"https:\/\/newhometr.com\/store\/wp-json\/wp\/v2\/product\/11268","targetHints":{"allow":["GET"]}}],"collection":[{"href":"https:\/\/newhometr.com\/store\/wp-json\/wp\/v2\/product"}],"about":[{"href":"https:\/\/newhometr.com\/store\/wp-json\/wp\/v2\/types\/product"}],"replies":[{"embeddable":true,"href":"https:\/\/newhometr.com\/store\/wp-json\/wp\/v2\/comments?post=11268"}],"version-history":[{"count":2,"href":"https:\/\/newhometr.com\/store\/wp-json\/wp\/v2\/product\/11268\/revisions"}],"predecessor-version":[{"id":11271,"href":"https:\/\/newhometr.com\/store\/wp-json\/wp\/v2\/product\/11268\/revisions\/11271"}],"wp:featuredmedia":[{"embeddable":true,"href":"https:\/\/newhometr.com\/store\/wp-json\/wp\/v2\/media\/11269"}],"wp:attachment":[{"href":"https:\/\/newhometr.com\/store\/wp-json\/wp\/v2\/media?parent=11268"}],"wp:term":[{"taxonomy":"product_brand","embeddable":true,"href":"https:\/\/newhometr.com\/store\/wp-json\/wp\/v2\/product_brand?post=11268"},{"taxonomy":"product_cat","embeddable":true,"href":"https:\/\/newhometr.com\/store\/wp-json\/wp\/v2\/product_cat?post=11268"},{"taxonomy":"product_tag","embeddable":true,"href":"https:\/\/newhometr.com\/store\/wp-json\/wp\/v2\/product_tag?post=11268"}],"curies":[{"name":"wp","href":"https:\/\/api.w.org\/{rel}","templated":true}]}}