{"id":11264,"date":"2025-07-28T12:00:22","date_gmt":"2025-07-28T12:00:22","guid":{"rendered":"https:\/\/newhometr.com\/store\/?post_type=product&#038;p=11264"},"modified":"2025-07-28T12:00:23","modified_gmt":"2025-07-28T12:00:23","slug":"made-korni%cc%87s-kose-donus-3-lu-90-derece","status":"publish","type":"product","link":"https:\/\/newhometr.com\/store\/product\/made-korni%cc%87s-kose-donus-3-lu-90-derece\/","title":{"rendered":"Made Korni\u0307\u015f K\u00f6\u015fe D\u00f6n\u00fc\u015f 3 L\u00fc 90 Derece"},"content":{"rendered":"<p>made korni\u0307\u015f k\u00f6\u015fe d\u00f6n\u00fc\u015f 3 l\u00fc<\/p>\n","protected":false},"excerpt":{"rendered":"<p>made korni\u0307\u015f k\u00f6\u015fe d\u00f6n\u00fc\u015f 3 l\u00fc<\/p>\n","protected":false},"featured_media":11265,"comment_status":"open","ping_status":"closed","template":"","meta":[],"product_brand":[],"product_cat":[524,52],"product_tag":[],"class_list":{"0":"post-11264","1":"product","2":"type-product","3":"status-publish","4":"has-post-thumbnail","6":"product_cat-curtain-accessories","7":"product_cat-building-materials","10":"instock","11":"shipping-taxable","12":"purchasable","13":"product-type-simple"},"_links":{"self":[{"href":"https:\/\/newhometr.com\/store\/wp-json\/wp\/v2\/product\/11264","targetHints":{"allow":["GET"]}}],"collection":[{"href":"https:\/\/newhometr.com\/store\/wp-json\/wp\/v2\/product"}],"about":[{"href":"https:\/\/newhometr.com\/store\/wp-json\/wp\/v2\/types\/product"}],"replies":[{"embeddable":true,"href":"https:\/\/newhometr.com\/store\/wp-json\/wp\/v2\/comments?post=11264"}],"version-history":[{"count":2,"href":"https:\/\/newhometr.com\/store\/wp-json\/wp\/v2\/product\/11264\/revisions"}],"predecessor-version":[{"id":11267,"href":"https:\/\/newhometr.com\/store\/wp-json\/wp\/v2\/product\/11264\/revisions\/11267"}],"wp:featuredmedia":[{"embeddable":true,"href":"https:\/\/newhometr.com\/store\/wp-json\/wp\/v2\/media\/11265"}],"wp:attachment":[{"href":"https:\/\/newhometr.com\/store\/wp-json\/wp\/v2\/media?parent=11264"}],"wp:term":[{"taxonomy":"product_brand","embeddable":true,"href":"https:\/\/newhometr.com\/store\/wp-json\/wp\/v2\/product_brand?post=11264"},{"taxonomy":"product_cat","embeddable":true,"href":"https:\/\/newhometr.com\/store\/wp-json\/wp\/v2\/product_cat?post=11264"},{"taxonomy":"product_tag","embeddable":true,"href":"https:\/\/newhometr.com\/store\/wp-json\/wp\/v2\/product_tag?post=11264"}],"curies":[{"name":"wp","href":"https:\/\/api.w.org\/{rel}","templated":true}]}}