{"id":11257,"date":"2025-07-28T11:58:11","date_gmt":"2025-07-28T11:58:11","guid":{"rendered":"https:\/\/newhometr.com\/store\/?post_type=product&#038;p=11257"},"modified":"2025-07-28T11:58:13","modified_gmt":"2025-07-28T11:58:13","slug":"kornissan-firat-plastik-3-rayli-1-sinif-perde-ray-luks-kornis-3-metre","status":"publish","type":"product","link":"https:\/\/newhometr.com\/store\/product\/kornissan-firat-plastik-3-rayli-1-sinif-perde-ray-luks-kornis-3-metre\/","title":{"rendered":"Korni\u015fsan F\u0131rat Plastik 3 Rayl\u0131 1. S\u0131n\u0131f Perde Ray L\u00fcks Korni\u015f 3 Metre"},"content":{"rendered":"<p>t\u00fcm perdeler i\u0307\u00e7i\u0307n uyumludur<br \/>\ny\u00fcksek tutma ve kirilmama \u00f6zelli\u0307\u011fi\u0307ne sahi\u0307pti\u0307r<br \/>\nfirat plasti\u0307k d\u00fcnya markasi \u00fcreti\u0307mi\u0307<br \/>\n1. sinif perde ray aksesuar<br \/>\n3 rayli 3 metre bi\u0307r adet si\u0307pari\u0307\u015fleri\u0307ni\u0307zde i\u0307ki\u0307 par\u00e7a , bi\u0307rden fazla si\u0307pari\u0307\u015fleri\u0307ni\u0307zde tek par\u00e7a olarak kargolanir<br \/>\n\u00f6zel paketleni\u0307r<br \/>\na\u011fir perdeleri\u0307ni\u0307z i\u0307\u00e7i\u0307n i\u0307dealdi\u0307r<br \/>\ng\u00fc\u00e7l\u00fc, dayanikli, uzun \u00f6m\u00fcrl\u00fcd\u00fcr<\/p>\n","protected":false},"excerpt":{"rendered":"<p>t\u00fcm perdeler i\u0307\u00e7i\u0307n uyumludur y\u00fcksek tutma ve kirilmama \u00f6zelli\u0307\u011fi\u0307ne sahi\u0307pti\u0307r firat plasti\u0307k d\u00fcnya markasi \u00fcreti\u0307mi\u0307 1. sinif perde ray aksesuar 3 rayli 3 metre bi\u0307r adet si\u0307pari\u0307\u015fleri\u0307ni\u0307zde i\u0307ki\u0307 par\u00e7a , bi\u0307rden fazla si\u0307pari\u0307\u015fleri\u0307ni\u0307zde tek par\u00e7a olarak kargolanir \u00f6zel paketleni\u0307r a\u011fir perdeleri\u0307ni\u0307z i\u0307\u00e7i\u0307n i\u0307dealdi\u0307r g\u00fc\u00e7l\u00fc, dayanikli, uzun \u00f6m\u00fcrl\u00fcd\u00fcr<\/p>\n","protected":false},"featured_media":11258,"comment_status":"open","ping_status":"closed","template":"","meta":[],"product_brand":[],"product_cat":[524,52],"product_tag":[],"class_list":{"0":"post-11257","1":"product","2":"type-product","3":"status-publish","4":"has-post-thumbnail","6":"product_cat-curtain-accessories","7":"product_cat-building-materials","10":"instock","11":"shipping-taxable","12":"purchasable","13":"product-type-simple"},"_links":{"self":[{"href":"https:\/\/newhometr.com\/store\/wp-json\/wp\/v2\/product\/11257","targetHints":{"allow":["GET"]}}],"collection":[{"href":"https:\/\/newhometr.com\/store\/wp-json\/wp\/v2\/product"}],"about":[{"href":"https:\/\/newhometr.com\/store\/wp-json\/wp\/v2\/types\/product"}],"replies":[{"embeddable":true,"href":"https:\/\/newhometr.com\/store\/wp-json\/wp\/v2\/comments?post=11257"}],"version-history":[{"count":1,"href":"https:\/\/newhometr.com\/store\/wp-json\/wp\/v2\/product\/11257\/revisions"}],"predecessor-version":[{"id":11263,"href":"https:\/\/newhometr.com\/store\/wp-json\/wp\/v2\/product\/11257\/revisions\/11263"}],"wp:featuredmedia":[{"embeddable":true,"href":"https:\/\/newhometr.com\/store\/wp-json\/wp\/v2\/media\/11258"}],"wp:attachment":[{"href":"https:\/\/newhometr.com\/store\/wp-json\/wp\/v2\/media?parent=11257"}],"wp:term":[{"taxonomy":"product_brand","embeddable":true,"href":"https:\/\/newhometr.com\/store\/wp-json\/wp\/v2\/product_brand?post=11257"},{"taxonomy":"product_cat","embeddable":true,"href":"https:\/\/newhometr.com\/store\/wp-json\/wp\/v2\/product_cat?post=11257"},{"taxonomy":"product_tag","embeddable":true,"href":"https:\/\/newhometr.com\/store\/wp-json\/wp\/v2\/product_tag?post=11257"}],"curies":[{"name":"wp","href":"https:\/\/api.w.org\/{rel}","templated":true}]}}