{"id":11254,"date":"2025-07-28T11:53:58","date_gmt":"2025-07-28T11:53:58","guid":{"rendered":"https:\/\/newhometr.com\/store\/?post_type=product&#038;p=11254"},"modified":"2025-07-28T11:54:00","modified_gmt":"2025-07-28T11:54:00","slug":"ermo-kornis-demiri-35440-15x55x95-mm","status":"publish","type":"product","link":"https:\/\/newhometr.com\/store\/product\/ermo-kornis-demiri-35440-15x55x95-mm\/","title":{"rendered":"Ermo Korni\u015f Demiri 35440 15x55x95 mm"},"content":{"rendered":"<p>ermo korni\u015f demiri 35440, korni\u015f montajlar\u0131nda kullanabilece\u011finiz ba\u011flant\u0131 par\u00e7as\u0131.<\/p>\n","protected":false},"excerpt":{"rendered":"<p>ermo korni\u015f demiri 35440, korni\u015f montajlar\u0131nda kullanabilece\u011finiz ba\u011flant\u0131 par\u00e7as\u0131.<\/p>\n","protected":false},"featured_media":11255,"comment_status":"open","ping_status":"closed","template":"","meta":[],"product_brand":[],"product_cat":[524,52],"product_tag":[],"class_list":{"0":"post-11254","1":"product","2":"type-product","3":"status-publish","4":"has-post-thumbnail","6":"product_cat-curtain-accessories","7":"product_cat-building-materials","10":"instock","11":"shipping-taxable","12":"purchasable","13":"product-type-simple"},"_links":{"self":[{"href":"https:\/\/newhometr.com\/store\/wp-json\/wp\/v2\/product\/11254","targetHints":{"allow":["GET"]}}],"collection":[{"href":"https:\/\/newhometr.com\/store\/wp-json\/wp\/v2\/product"}],"about":[{"href":"https:\/\/newhometr.com\/store\/wp-json\/wp\/v2\/types\/product"}],"replies":[{"embeddable":true,"href":"https:\/\/newhometr.com\/store\/wp-json\/wp\/v2\/comments?post=11254"}],"version-history":[{"count":1,"href":"https:\/\/newhometr.com\/store\/wp-json\/wp\/v2\/product\/11254\/revisions"}],"predecessor-version":[{"id":11256,"href":"https:\/\/newhometr.com\/store\/wp-json\/wp\/v2\/product\/11254\/revisions\/11256"}],"wp:featuredmedia":[{"embeddable":true,"href":"https:\/\/newhometr.com\/store\/wp-json\/wp\/v2\/media\/11255"}],"wp:attachment":[{"href":"https:\/\/newhometr.com\/store\/wp-json\/wp\/v2\/media?parent=11254"}],"wp:term":[{"taxonomy":"product_brand","embeddable":true,"href":"https:\/\/newhometr.com\/store\/wp-json\/wp\/v2\/product_brand?post=11254"},{"taxonomy":"product_cat","embeddable":true,"href":"https:\/\/newhometr.com\/store\/wp-json\/wp\/v2\/product_cat?post=11254"},{"taxonomy":"product_tag","embeddable":true,"href":"https:\/\/newhometr.com\/store\/wp-json\/wp\/v2\/product_tag?post=11254"}],"curies":[{"name":"wp","href":"https:\/\/api.w.org\/{rel}","templated":true}]}}