{"id":11246,"date":"2025-07-28T11:50:05","date_gmt":"2025-07-28T11:50:05","guid":{"rendered":"https:\/\/newhometr.com\/store\/?post_type=product&#038;p=11246"},"modified":"2025-07-28T11:50:06","modified_gmt":"2025-07-28T11:50:06","slug":"kornissan-20-adet-stor-zebra-perde-pratik-kornise-takma-aparati-kucuk-boy-pratik-ayak-dar-boy","status":"publish","type":"product","link":"https:\/\/newhometr.com\/store\/product\/kornissan-20-adet-stor-zebra-perde-pratik-kornise-takma-aparati-kucuk-boy-pratik-ayak-dar-boy\/","title":{"rendered":"Korni\u015fsan 20 Adet Stor Zebra Perde Pratik Korni\u015fe Takma Aparat\u0131 K\u00fc\u00e7\u00fck Boy Pratik Ayak Dar Boy"},"content":{"rendered":"<p>stor&amp;zebra perde geni\u0307\u015f boy korni\u0307\u015fe plasti\u0307k takma aparati<\/p>\n<p>bi\u0307ri\u0307nci\u0307 sinif plasti\u0307kten \u00fcreti\u0307lmi\u0307\u015fti\u0307r.<\/p>\n<p>esnek ve sa\u011flam yapisindan dolayi 3 cm kadar ge\u00e7 arali\u011fi vardir.<\/p>\n<p>\u00fcr\u00fcn\u00fcn toplam uzunlu\u011fu 4,5 cm di\u0307r.<\/p>\n<p>1 pakette 20 adet bulunmaktadir.<\/p>\n<p>m\u00fc\u015fterilerimizin<br \/>\nkaliteli ve uzun \u00f6m\u00fcrl\u00fc korni\u015f ihtiya\u00e7lar\u0131n\u0131n fark\u0131ndal\u0131\u011f\u0131 ile 2021 y\u0131l\u0131nda i\u0307stanbul\u2019da korni\u015f sekt\u00f6r\u00fcnde faaliyete ge\u00e7tik. o zamandan bug\u00fcne kadar korni\u015fsan olarak alan\u0131nda uzmanla\u015fm\u0131\u015f tedarik\u00e7ilerden, en dayan\u0131kl\u0131 ve iyi kalite korni\u015f teminine \u00f6zen g\u00f6steriyoruz. bize dan\u0131\u015fan kurumsal ve bireysel t\u00fcm m\u00fc\u015fterilerimizin korni\u015f montaj\u0131 ihtiya\u00e7lar\u0131na en k\u0131sa s\u00fcrede yan\u0131t almalar\u0131n\u0131 sa\u011fl\u0131yoruz. tedarik\u00e7ilerimiz arac\u0131l\u0131\u011f\u0131yla en uygun korni\u015fleri se\u00e7iyor ve fiyat\/performans olarak bu korni\u015f se\u00e7imlerinden memnun kalmalar\u0131n\u0131 ama\u00e7l\u0131yoruz.<\/p>\n","protected":false},"excerpt":{"rendered":"<p>stor&amp;zebra perde geni\u0307\u015f boy korni\u0307\u015fe plasti\u0307k takma aparati bi\u0307ri\u0307nci\u0307 sinif plasti\u0307kten \u00fcreti\u0307lmi\u0307\u015fti\u0307r. esnek ve sa\u011flam yapisindan dolayi 3 cm kadar ge\u00e7 arali\u011fi vardir. \u00fcr\u00fcn\u00fcn toplam uzunlu\u011fu 4,5 cm di\u0307r. 1 pakette 20 adet bulunmaktadir. m\u00fc\u015fterilerimizin kaliteli ve uzun \u00f6m\u00fcrl\u00fc korni\u015f ihtiya\u00e7lar\u0131n\u0131n fark\u0131ndal\u0131\u011f\u0131 ile 2021 y\u0131l\u0131nda i\u0307stanbul\u2019da korni\u015f sekt\u00f6r\u00fcnde faaliyete ge\u00e7tik. o zamandan bug\u00fcne kadar korni\u015fsan &hellip; <a href=\"https:\/\/newhometr.com\/store\/product\/kornissan-20-adet-stor-zebra-perde-pratik-kornise-takma-aparati-kucuk-boy-pratik-ayak-dar-boy\/\" class=\"more-link\">Continue reading <span class=\"screen-reader-text\">Korni\u015fsan 20 Adet Stor Zebra Perde Pratik Korni\u015fe Takma Aparat\u0131 K\u00fc\u00e7\u00fck Boy Pratik Ayak Dar Boy<\/span><\/a><\/p>\n","protected":false},"featured_media":11247,"comment_status":"open","ping_status":"closed","template":"","meta":[],"product_brand":[],"product_cat":[524,52],"product_tag":[],"class_list":{"0":"post-11246","1":"product","2":"type-product","3":"status-publish","4":"has-post-thumbnail","6":"product_cat-curtain-accessories","7":"product_cat-building-materials","10":"instock","11":"shipping-taxable","12":"purchasable","13":"product-type-simple"},"_links":{"self":[{"href":"https:\/\/newhometr.com\/store\/wp-json\/wp\/v2\/product\/11246","targetHints":{"allow":["GET"]}}],"collection":[{"href":"https:\/\/newhometr.com\/store\/wp-json\/wp\/v2\/product"}],"about":[{"href":"https:\/\/newhometr.com\/store\/wp-json\/wp\/v2\/types\/product"}],"replies":[{"embeddable":true,"href":"https:\/\/newhometr.com\/store\/wp-json\/wp\/v2\/comments?post=11246"}],"version-history":[{"count":1,"href":"https:\/\/newhometr.com\/store\/wp-json\/wp\/v2\/product\/11246\/revisions"}],"predecessor-version":[{"id":11253,"href":"https:\/\/newhometr.com\/store\/wp-json\/wp\/v2\/product\/11246\/revisions\/11253"}],"wp:featuredmedia":[{"embeddable":true,"href":"https:\/\/newhometr.com\/store\/wp-json\/wp\/v2\/media\/11247"}],"wp:attachment":[{"href":"https:\/\/newhometr.com\/store\/wp-json\/wp\/v2\/media?parent=11246"}],"wp:term":[{"taxonomy":"product_brand","embeddable":true,"href":"https:\/\/newhometr.com\/store\/wp-json\/wp\/v2\/product_brand?post=11246"},{"taxonomy":"product_cat","embeddable":true,"href":"https:\/\/newhometr.com\/store\/wp-json\/wp\/v2\/product_cat?post=11246"},{"taxonomy":"product_tag","embeddable":true,"href":"https:\/\/newhometr.com\/store\/wp-json\/wp\/v2\/product_tag?post=11246"}],"curies":[{"name":"wp","href":"https:\/\/api.w.org\/{rel}","templated":true}]}}