{"id":11231,"date":"2025-07-28T11:39:24","date_gmt":"2025-07-28T11:39:24","guid":{"rendered":"https:\/\/newhometr.com\/store\/?post_type=product&#038;p=11231"},"modified":"2025-07-28T11:39:25","modified_gmt":"2025-07-28T11:39:25","slug":"kornissan-3-rayli-3-metre-birinci-sinif-polyester-kalin-perdeler-icin-tutucu-ray-kornis-luks-1-sinif","status":"publish","type":"product","link":"https:\/\/newhometr.com\/store\/product\/kornissan-3-rayli-3-metre-birinci-sinif-polyester-kalin-perdeler-icin-tutucu-ray-kornis-luks-1-sinif\/","title":{"rendered":"Korni\u015fsan 3 Rayl\u0131 3 Metre Birinci S\u0131n\u0131f Polyester Kal\u0131n Perdeler i\u00e7in Tutucu Ray Korni\u015f L\u00fcks 1. S\u0131n\u0131f"},"content":{"rendered":"<p>\u00dcr\u00fcn\u00fcm\u00fcz tek par\u00e7a 3 metre \u015fekli\u0307nde ( \u00fccretsi\u0307z montaj klavuzu ve \u00f6zel korni\u0307\u015f d\u00fcbel ve vi\u0307dasiyla bi\u0307rlekte) g\u00f6nderi\u0307li\u0307r. Bu 3&#8217;l\u00fc korni\u015f setimiz, b\u00fct\u00fcn perde ihtiya\u00e7lar\u0131n\u0131z\u0131 kar\u015f\u0131lar. \u00dcr\u00fcn, kaliteli malzemeden yap\u0131lm\u0131\u015f 3 metre uzunlu\u011funda \u00fcst\u00fcn 1.s\u0131n\u0131f l\u00fcks perde ray\u0131na sahiptir. \u00dc\u00e7 ayr\u0131 ray\u0131 sayesinde birden fazla perdeyi ayn\u0131 anda kullanma \u00f6zg\u00fcrl\u00fc\u011f\u00fc sunar. Kolay montaj \u00f6zelli\u011fi ile herkesin rahat\u00e7a kurabilece\u011fi bu korni\u015f seti, evinizin dekorasyonuna estetik bir dokunu\u015f kat\u0131yor. \u00dcr\u00fcn\u00fcn \u00f6zellikleri: 3&#8217;l\u00fc korni\u015f: \u00fc\u00e7 ayr\u0131 ray\u0131 sayesinde tarz\u0131n\u0131z\u0131 yans\u0131tan birden fazla perdeyi ayn\u0131 korni\u015f \u00fczerinde kullanabilirsiniz. 3 metre uzunluk: 3 metrelik uzunlu\u011fu sayesinde geni\u015f pencereler i\u00e7in bile uygundur. Kaliteli malzeme: uzun s\u00fcreli kullan\u0131m i\u00e7in dayan\u0131kl\u0131 ve kaliteli malzemeden yap\u0131lm\u0131\u015ft\u0131r. 1.s\u0131n\u0131f l\u00fcks perde ray\u0131: ev dekorasyonunuzda l\u00fcks bir dokunu\u015f ile prestijinizi art\u0131r\u0131r. Kolay montaj: kolay montaj \u00f6zelli\u011fi ile herkesin rahat\u00e7a kurabilece\u011fi bir \u00fcr\u00fcnd\u00fcr. Bu e\u015fsiz 3&#8217;l\u00fc korni\u015f seti ile perde se\u00e7imlerinizde \u00f6zg\u00fcrce hareket edin ve evinize ayr\u0131cal\u0131kl\u0131 bir dokunu\u015f kat\u0131n. Trendyol.com&#8217;da kaliteden \u00f6d\u00fcn vermeyenler i\u00e7in \u00f6zel olarak tasarlad\u0131\u011f\u0131m\u0131z 3l\u00fc korni\u015f modelimiz, 3 metre uzunlu\u011funda geni\u015f bir alan\u0131 kaplayabilecek kapasitededir. Sizin se\u00e7iminizle \u00f6zelle\u015ftiren bu \u00fc\u00e7l\u00fc korni\u015f seti, y\u00fcksek kaliteli malzemeden \u00fcretilmi\u015ftir ve size uzun y\u0131llar hizmet garantisini sunar. Bu 1. S\u0131n\u0131f l\u00fcks perde ray\u0131, evinizin veya ofisinizin esteti\u011fini art\u0131rmak i\u00e7in m\u00fckemmel bir se\u00e7imdir. Korni\u015f tasar\u0131m\u0131, modern ve \u015f\u0131k bir g\u00f6r\u00fcn\u00fcm sunarken, kaliteli malzeme uzun \u00f6m\u00fcrl\u00fc ve dayan\u0131kl\u0131 bir kullan\u0131m sa\u011flar. Ayr\u0131ca 3 rayl\u0131 yap\u0131s\u0131 sayesinde perde se\u00e7imlerinizde sizlere geni\u015f bir yelpaze sunar. \u00dcr\u00fcn, kolay montaj avantaj\u0131 ile de dikkat \u00e7ekmektedir. Ev veya ofisinizi, kendi zevkinize g\u00f6re dekore etmek i\u00e7in 3l\u00fc korni\u015f modelimizi tercih edin ve kaliteli malzemenin konforunu ya\u015fay\u0131n. \u015e\u0131marmaya ve trendyol.com\u2019un e\u015fsiz f\u0131rsatlar\u0131na doyamayacaks\u0131n\u0131z.<\/p>\n","protected":false},"excerpt":{"rendered":"<p>3 rayl\u0131 3 metre korni\u015f montaj i\u00e7in d\u00fcbel vidas\u0131yla birlikte<\/p>\n","protected":false},"featured_media":11232,"comment_status":"open","ping_status":"closed","template":"","meta":[],"product_brand":[],"product_cat":[524,52],"product_tag":[],"class_list":{"0":"post-11231","1":"product","2":"type-product","3":"status-publish","4":"has-post-thumbnail","6":"product_cat-curtain-accessories","7":"product_cat-building-materials","10":"instock","11":"shipping-taxable","12":"purchasable","13":"product-type-simple"},"_links":{"self":[{"href":"https:\/\/newhometr.com\/store\/wp-json\/wp\/v2\/product\/11231","targetHints":{"allow":["GET"]}}],"collection":[{"href":"https:\/\/newhometr.com\/store\/wp-json\/wp\/v2\/product"}],"about":[{"href":"https:\/\/newhometr.com\/store\/wp-json\/wp\/v2\/types\/product"}],"replies":[{"embeddable":true,"href":"https:\/\/newhometr.com\/store\/wp-json\/wp\/v2\/comments?post=11231"}],"version-history":[{"count":2,"href":"https:\/\/newhometr.com\/store\/wp-json\/wp\/v2\/product\/11231\/revisions"}],"predecessor-version":[{"id":11238,"href":"https:\/\/newhometr.com\/store\/wp-json\/wp\/v2\/product\/11231\/revisions\/11238"}],"wp:featuredmedia":[{"embeddable":true,"href":"https:\/\/newhometr.com\/store\/wp-json\/wp\/v2\/media\/11232"}],"wp:attachment":[{"href":"https:\/\/newhometr.com\/store\/wp-json\/wp\/v2\/media?parent=11231"}],"wp:term":[{"taxonomy":"product_brand","embeddable":true,"href":"https:\/\/newhometr.com\/store\/wp-json\/wp\/v2\/product_brand?post=11231"},{"taxonomy":"product_cat","embeddable":true,"href":"https:\/\/newhometr.com\/store\/wp-json\/wp\/v2\/product_cat?post=11231"},{"taxonomy":"product_tag","embeddable":true,"href":"https:\/\/newhometr.com\/store\/wp-json\/wp\/v2\/product_tag?post=11231"}],"curies":[{"name":"wp","href":"https:\/\/api.w.org\/{rel}","templated":true}]}}