{"id":11222,"date":"2025-07-28T11:34:13","date_gmt":"2025-07-28T11:34:13","guid":{"rendered":"https:\/\/newhometr.com\/store\/?post_type=product&#038;p=11222"},"modified":"2025-07-28T11:34:16","modified_gmt":"2025-07-28T11:34:16","slug":"kornissan-3-rayli-45-metre-birinci-sinif-polyester-kalin-perdeler-icin-tutucu-ray-kornis-luks-1-sinif","status":"publish","type":"product","link":"https:\/\/newhometr.com\/store\/product\/kornissan-3-rayli-45-metre-birinci-sinif-polyester-kalin-perdeler-icin-tutucu-ray-kornis-luks-1-sinif\/","title":{"rendered":"Korni\u015fsan 3 Rayl\u0131 4,5 Metre Birinci S\u0131n\u0131f Polyester Kal\u0131n Perdeler i\u00e7in Tutucu Ray Korni\u015f L\u00fcks 1. S\u0131n\u0131f"},"content":{"rendered":"<p>UYARI: Kargo kurallar\u0131 gere\u011fi 2.5 metreden uzun \u00f6l\u00e7\u00fcleri iki par\u00e7a halinde g\u00f6ndermek zorunday\u0131z. Kargo \u015firketleri kap\u0131ya kadar teslimde Max 2.5 metre uzunluk ta\u015f\u0131maktad\u0131r.2 rayl\u0131 4.5 metre korni\u015f montaj i\u00e7in d\u00fcbel vidas\u0131yla birlikte \u00dcr\u00fcn 2 par\u00e7a olarak (2+2,5 metre \u015feklinde + \u00fccretsiz birle\u015ftirme aparat\u0131yla ) g\u00f6nderi\u0307li\u0307r.<br \/>\n\u00fcr\u00fcn \u00f6l\u00e7\u00fcleri\u0307: uzunluk x &#8211; en 8 cm &#8211; y\u00fcksekli\u0307k 2,5 cm di\u0307r<br \/>\nvi\u0307dalama ve yapi\u015ftirma uygulamalari i\u0307\u00e7i\u0307n uygundur<br \/>\n1. Sinif plasti\u0307kten \u00fcreti\u0307lmi\u0307\u015fti\u0307r (atik plasti\u0307k de\u011fi\u0307ldi\u0307r)<br \/>\nsi\u0307pari\u0307\u015fleri\u0307ni\u0307z anla\u015fmali kargo i\u0307le 2 g\u00fcn i\u0307\u00e7i\u0307nde kapiniza kadar tesli\u0307m edi\u0307lmektedi\u0307r.<br \/>\nt\u00fcm korni\u0307\u015f aksesuarlari uygulanabi\u0307li\u0307r.<br \/>\n\u00fcr\u00fcnleri\u0307mi\u0307z pat pat ambalaj ve \u00f6zel karton i\u0307le sa\u011flam g\u00fcveni\u0307li\u0307r paketleni\u0307r.<br \/>\nneden korni\u015fsan? Eviniz veya i\u015fyerinizin dekorasyonunda kullanaca\u011f\u0131n\u0131z perde ve aksesuarlar\u0131 se\u00e7mek, mekana uygun bir g\u00f6r\u00fcn\u00fcm sa\u011flamak ad\u0131na olduk\u00e7a \u00f6nemlidir. Korni\u0307\u015fsan uzun \u00f6m\u00fcrl\u00fc ve sa\u011flam \u00fcr\u00fcnlerinde, y\u00fcksek kaliteyi garanti eder ve sa\u011flaml\u0131\u011f\u0131na g\u00fcvenir. Kullan\u0131lan birinci s\u0131n\u0131f pvc den \u00fcretilir. Her mekan i\u00e7in \u00f6zel \u00e7\u00f6z\u00fcmler korni\u0307\u015fsan, m\u00fc\u015fterilerinin ihtiya\u00e7lar\u0131na \u00f6zel \u00e7\u00f6z\u00fcmler sunar. Mimari a\u00e7\u0131dan her mekan\u0131n kendine has bir kimli\u011fi ve \u00e7izgisi vard\u0131r ve korni\u0307\u015fsan, bu \u00f6zellikleri dikkate alarak mekanlara uygun \u00fcr\u00fcnler sunar.<\/p>\n","protected":false},"excerpt":{"rendered":"<p>2 rayl\u0131 4.5 metre korni\u015f montaj i\u00e7in d\u00fcbel vidas\u0131yla birlikte<\/p>\n","protected":false},"featured_media":11223,"comment_status":"open","ping_status":"closed","template":"","meta":[],"product_brand":[],"product_cat":[524,52],"product_tag":[],"class_list":{"0":"post-11222","1":"product","2":"type-product","3":"status-publish","4":"has-post-thumbnail","6":"product_cat-curtain-accessories","7":"product_cat-building-materials","10":"instock","11":"shipping-taxable","12":"purchasable","13":"product-type-simple"},"_links":{"self":[{"href":"https:\/\/newhometr.com\/store\/wp-json\/wp\/v2\/product\/11222","targetHints":{"allow":["GET"]}}],"collection":[{"href":"https:\/\/newhometr.com\/store\/wp-json\/wp\/v2\/product"}],"about":[{"href":"https:\/\/newhometr.com\/store\/wp-json\/wp\/v2\/types\/product"}],"replies":[{"embeddable":true,"href":"https:\/\/newhometr.com\/store\/wp-json\/wp\/v2\/comments?post=11222"}],"version-history":[{"count":1,"href":"https:\/\/newhometr.com\/store\/wp-json\/wp\/v2\/product\/11222\/revisions"}],"predecessor-version":[{"id":11230,"href":"https:\/\/newhometr.com\/store\/wp-json\/wp\/v2\/product\/11222\/revisions\/11230"}],"wp:featuredmedia":[{"embeddable":true,"href":"https:\/\/newhometr.com\/store\/wp-json\/wp\/v2\/media\/11223"}],"wp:attachment":[{"href":"https:\/\/newhometr.com\/store\/wp-json\/wp\/v2\/media?parent=11222"}],"wp:term":[{"taxonomy":"product_brand","embeddable":true,"href":"https:\/\/newhometr.com\/store\/wp-json\/wp\/v2\/product_brand?post=11222"},{"taxonomy":"product_cat","embeddable":true,"href":"https:\/\/newhometr.com\/store\/wp-json\/wp\/v2\/product_cat?post=11222"},{"taxonomy":"product_tag","embeddable":true,"href":"https:\/\/newhometr.com\/store\/wp-json\/wp\/v2\/product_tag?post=11222"}],"curies":[{"name":"wp","href":"https:\/\/api.w.org\/{rel}","templated":true}]}}