{"id":11186,"date":"2025-07-13T19:14:40","date_gmt":"2025-07-13T19:14:40","guid":{"rendered":"https:\/\/newhometr.com\/store\/?post_type=product&#038;p=11186"},"modified":"2025-07-14T11:30:53","modified_gmt":"2025-07-14T11:30:53","slug":"visir-oljegrunning-klar","status":"publish","type":"product","link":"https:\/\/newhometr.com\/store\/product\/visir-oljegrunning-klar\/","title":{"rendered":"VISIR Oljegrunning Klar"},"content":{"rendered":"<p>Visir Oljegrunning Klar, ham ah\u015fap y\u00fczeylerde kullan\u0131lan, gev\u015fek ah\u015fap liflerini ba\u011flayan, su itici ve m\u00fckemmel n\u00fcfuz \u00f6zelli\u011fine sahip \u015feffaf astard\u0131r.<\/p>\n<p>Ah\u015fab\u0131 \u00e7\u00fcr\u00fcmeye kar\u015f\u0131 korur. Zorlu iklim ko\u015fullar\u0131nda dahi kullan\u0131ma uygun bir astard\u0131r. K\u00fcf, mantar ve suya kar\u015f\u0131 y\u00fcksek dirence sahiptir.<\/p>\n<p>Ham ah\u015fap y\u00fczeylerin yan\u0131 s\u0131ra y\u0131pranm\u0131\u015f veya emprenye edilmi\u015f y\u00fczeylerde de kullan\u0131labilir. Vernik ve ah\u015fap boyalar\u0131n alt\u0131nda kullan\u0131lmas\u0131 boya sisteminin \u00f6mr\u00fcn\u00fc uzat\u0131r.<\/p>\n","protected":false},"excerpt":{"rendered":"<p>Visir Oljegrunning Klar, ham ah\u015fap y\u00fczeylerde kullan\u0131lan, gev\u015fek ah\u015fap liflerini ba\u011flayan, su itici ve m\u00fckemmel n\u00fcfuz \u00f6zelli\u011fine sahip \u015feffaf astard\u0131r. Ah\u015fab\u0131 \u00e7\u00fcr\u00fcmeye kar\u015f\u0131 korur. Zorlu iklim ko\u015fullar\u0131nda dahi kullan\u0131ma uygun bir astard\u0131r. K\u00fcf, mantar ve suya kar\u015f\u0131 y\u00fcksek dirence sahiptir. Ham ah\u015fap y\u00fczeylerin yan\u0131 s\u0131ra y\u0131pranm\u0131\u015f veya emprenye edilmi\u015f y\u00fczeylerde de kullan\u0131labilir. Vernik ve ah\u015fap &hellip; <a href=\"https:\/\/newhometr.com\/store\/product\/visir-oljegrunning-klar\/\" class=\"more-link\">Continue reading <span class=\"screen-reader-text\">VISIR Oljegrunning Klar<\/span><\/a><\/p>\n","protected":false},"featured_media":11187,"comment_status":"open","ping_status":"closed","template":"","meta":[],"product_brand":[515],"product_cat":[516,57],"product_tag":[],"class_list":{"0":"post-11186","1":"product","2":"type-product","3":"status-publish","4":"has-post-thumbnail","6":"product_brand-jotun","7":"product_cat-jotun","8":"product_cat-paint","9":"pa_size-0-90-lt","10":"pa_size-270-lt","13":"instock","14":"shipping-taxable","15":"purchasable","16":"product-type-variable"},"_links":{"self":[{"href":"https:\/\/newhometr.com\/store\/wp-json\/wp\/v2\/product\/11186","targetHints":{"allow":["GET"]}}],"collection":[{"href":"https:\/\/newhometr.com\/store\/wp-json\/wp\/v2\/product"}],"about":[{"href":"https:\/\/newhometr.com\/store\/wp-json\/wp\/v2\/types\/product"}],"replies":[{"embeddable":true,"href":"https:\/\/newhometr.com\/store\/wp-json\/wp\/v2\/comments?post=11186"}],"version-history":[{"count":1,"href":"https:\/\/newhometr.com\/store\/wp-json\/wp\/v2\/product\/11186\/revisions"}],"predecessor-version":[{"id":11189,"href":"https:\/\/newhometr.com\/store\/wp-json\/wp\/v2\/product\/11186\/revisions\/11189"}],"wp:featuredmedia":[{"embeddable":true,"href":"https:\/\/newhometr.com\/store\/wp-json\/wp\/v2\/media\/11187"}],"wp:attachment":[{"href":"https:\/\/newhometr.com\/store\/wp-json\/wp\/v2\/media?parent=11186"}],"wp:term":[{"taxonomy":"product_brand","embeddable":true,"href":"https:\/\/newhometr.com\/store\/wp-json\/wp\/v2\/product_brand?post=11186"},{"taxonomy":"product_cat","embeddable":true,"href":"https:\/\/newhometr.com\/store\/wp-json\/wp\/v2\/product_cat?post=11186"},{"taxonomy":"product_tag","embeddable":true,"href":"https:\/\/newhometr.com\/store\/wp-json\/wp\/v2\/product_tag?post=11186"}],"curies":[{"name":"wp","href":"https:\/\/api.w.org\/{rel}","templated":true}]}}