{"id":11180,"date":"2025-07-13T19:09:13","date_gmt":"2025-07-13T19:09:13","guid":{"rendered":"https:\/\/newhometr.com\/store\/?post_type=product&#038;p=11180"},"modified":"2025-07-14T11:26:19","modified_gmt":"2025-07-14T11:26:19","slug":"jotashield-tex-ultra","status":"publish","type":"product","link":"https:\/\/newhometr.com\/store\/product\/jotashield-tex-ultra\/","title":{"rendered":"Jotashield Tex Ultra"},"content":{"rendered":"<p>Jotashield Tex Ultra, yap\u0131n\u0131n zamanla oturmas\u0131yla olu\u015fan k\u0131lcal \u00e7atlaklara kar\u015f\u0131 \u00e7atlak k\u00f6pr\u00fcleme \u00f6zelli\u011fine sahiptir. D\u00fc\u015f\u00fck kir tutma \u00f6zelli\u011fi sayesinde binan\u0131z\u0131n estetik g\u00f6r\u00fcn\u00fcm\u00fcn\u00fc y\u0131llarca korur. Karbondioksit ve klor iyon dif\u00fczyonu, su buhar\u0131 ge\u00e7irgenli\u011fi, su ge\u00e7irgenli\u011fi, su ge\u00e7irimsizlik \u00f6zelliklerine sahiptir. Klor iyon dif\u00fczyonuna dayan\u0131m \u00f6zelli\u011fi sayesinde \u00f6zellikle deniz kenar\u0131nda ya da yo\u011fun neme maruz kalan yap\u0131larda kullan\u0131ld\u0131\u011f\u0131nda, tuz veya nemden kaynaklanan boya problemlerinin olu\u015fmas\u0131n\u0131 \u00f6nler.<\/p>\n<p><strong>JOTUN Jotashield Tex Ultra D\u0131\u015f Cephe Boyas\u0131 Renk Kartelas\u0131<\/strong><br \/>\n<a href=\"https:\/\/newhometr.com\/store\/wp-content\/uploads\/2025\/07\/jotun-dis-cephe-renk-koleksiyonu.png\"><img decoding=\"async\" class=\"alignnone size-thumbnail wp-image-11116\" src=\"https:\/\/newhometr.com\/store\/wp-content\/uploads\/2025\/07\/jotun-dis-cephe-renk-koleksiyonu-150x150.png\" alt=\"\" width=\"150\" height=\"150\"><\/a><\/p>\n","protected":false},"excerpt":{"rendered":"<p>Jotashield Tex Ultra, yap\u0131n\u0131n zamanla oturmas\u0131yla olu\u015fan k\u0131lcal \u00e7atlaklara kar\u015f\u0131 \u00e7atlak k\u00f6pr\u00fcleme \u00f6zelli\u011fine sahiptir. D\u00fc\u015f\u00fck kir tutma \u00f6zelli\u011fi sayesinde binan\u0131z\u0131n estetik g\u00f6r\u00fcn\u00fcm\u00fcn\u00fc y\u0131llarca korur. Karbondioksit ve klor iyon dif\u00fczyonu, su buhar\u0131 ge\u00e7irgenli\u011fi, su ge\u00e7irgenli\u011fi, su ge\u00e7irimsizlik \u00f6zelliklerine sahiptir. Klor iyon dif\u00fczyonuna dayan\u0131m \u00f6zelli\u011fi sayesinde \u00f6zellikle deniz kenar\u0131nda ya da yo\u011fun neme maruz kalan yap\u0131larda kullan\u0131ld\u0131\u011f\u0131nda, &hellip; <a href=\"https:\/\/newhometr.com\/store\/product\/jotashield-tex-ultra\/\" class=\"more-link\">Continue reading <span class=\"screen-reader-text\">Jotashield Tex Ultra<\/span><\/a><\/p>\n","protected":false},"featured_media":11181,"comment_status":"open","ping_status":"closed","template":"","meta":[],"product_brand":[515],"product_cat":[516,57],"product_tag":[],"class_list":{"0":"post-11180","1":"product","2":"type-product","3":"status-publish","4":"has-post-thumbnail","6":"product_brand-jotun","7":"product_cat-jotun","8":"product_cat-paint","9":"pa_size-135-lt","12":"instock","13":"shipping-taxable","14":"purchasable","15":"product-type-variable"},"_links":{"self":[{"href":"https:\/\/newhometr.com\/store\/wp-json\/wp\/v2\/product\/11180","targetHints":{"allow":["GET"]}}],"collection":[{"href":"https:\/\/newhometr.com\/store\/wp-json\/wp\/v2\/product"}],"about":[{"href":"https:\/\/newhometr.com\/store\/wp-json\/wp\/v2\/types\/product"}],"replies":[{"embeddable":true,"href":"https:\/\/newhometr.com\/store\/wp-json\/wp\/v2\/comments?post=11180"}],"version-history":[{"count":2,"href":"https:\/\/newhometr.com\/store\/wp-json\/wp\/v2\/product\/11180\/revisions"}],"predecessor-version":[{"id":11185,"href":"https:\/\/newhometr.com\/store\/wp-json\/wp\/v2\/product\/11180\/revisions\/11185"}],"wp:featuredmedia":[{"embeddable":true,"href":"https:\/\/newhometr.com\/store\/wp-json\/wp\/v2\/media\/11181"}],"wp:attachment":[{"href":"https:\/\/newhometr.com\/store\/wp-json\/wp\/v2\/media?parent=11180"}],"wp:term":[{"taxonomy":"product_brand","embeddable":true,"href":"https:\/\/newhometr.com\/store\/wp-json\/wp\/v2\/product_brand?post=11180"},{"taxonomy":"product_cat","embeddable":true,"href":"https:\/\/newhometr.com\/store\/wp-json\/wp\/v2\/product_cat?post=11180"},{"taxonomy":"product_tag","embeddable":true,"href":"https:\/\/newhometr.com\/store\/wp-json\/wp\/v2\/product_tag?post=11180"}],"curies":[{"name":"wp","href":"https:\/\/api.w.org\/{rel}","templated":true}]}}