{"id":11172,"date":"2025-07-13T19:00:44","date_gmt":"2025-07-13T19:00:44","guid":{"rendered":"https:\/\/newhometr.com\/store\/?post_type=product&#038;p=11172"},"modified":"2025-07-14T11:24:05","modified_gmt":"2025-07-14T11:24:05","slug":"demidekk-ultimate-tackfarg","status":"publish","type":"product","link":"https:\/\/newhometr.com\/store\/product\/demidekk-ultimate-tackfarg\/","title":{"rendered":"Demidekk Ultimate Tackfarg"},"content":{"rendered":"<p>\u0130\u00e7 ve d\u0131\u015f cephe uygulamalar\u0131na uygun, opak (\u00f6rt\u00fcc\u00fc) ah\u015fap koruma \u00fcr\u00fcn\u00fcd\u00fcr. Su bazl\u0131d\u0131r. AMA (Alkid Modifiye Akrilik) Teknoloji ile \u00fcretilmi\u015ftir.<\/p>\n<p>DEMIDEKK Infinity Details, benzersiz d\u00fc\u015f\u00fck kir tutma \u00f6zelli\u011fi sayesinde kendini temizler.<\/p>\n<p>Ah\u015fap y\u00fczeyleriniz uzun y\u0131llar yeni boyanm\u0131\u015f gibi g\u00f6r\u00fcnmesini sa\u011flar.<\/p>\n<p>H\u0131zl\u0131 kuruma \u00f6zelli\u011fi ile birlikte yaln\u0131zca 1 saat i\u00e7erisinde ya\u011fmura dayan\u0131kl\u0131 hale gelir.<\/p>\n<p>\u00dcst\u00fcn UV dayan\u0131m\u0131 ve benzersiz d\u00fc\u015f\u00fck kir tutma \u00f6zelli\u011fi sayesinde boyad\u0131\u011f\u0131n\u0131z alanlar uzun y\u0131llar boyunca yeni boyanm\u0131\u015f gibi g\u00f6r\u00fcn\u00fcr.<\/p>\n<p><strong>Jotun Demidekk Renk Kartelas\u0131<\/strong><br \/>\n<a href=\"https:\/\/newhometr.com\/store\/wp-content\/uploads\/2025\/07\/jotun-dis-cephe-renk-koleksiyonu.png\"><img fetchpriority=\"high\" decoding=\"async\" class=\"alignnone wp-image-11116\" src=\"https:\/\/newhometr.com\/store\/wp-content\/uploads\/2025\/07\/jotun-dis-cephe-renk-koleksiyonu-150x150.png\" alt=\"\" width=\"251\" height=\"251\"><\/a><\/p>\n","protected":false},"excerpt":{"rendered":"<p>\u0130\u00e7 ve d\u0131\u015f cephe uygulamalar\u0131na uygun, opak (\u00f6rt\u00fcc\u00fc) ah\u015fap koruma \u00fcr\u00fcn\u00fcd\u00fcr. Su bazl\u0131d\u0131r. AMA (Alkid Modifiye Akrilik) Teknoloji ile \u00fcretilmi\u015ftir. DEMIDEKK Infinity Details, benzersiz d\u00fc\u015f\u00fck kir tutma \u00f6zelli\u011fi sayesinde kendini temizler. Ah\u015fap y\u00fczeyleriniz uzun y\u0131llar yeni boyanm\u0131\u015f gibi g\u00f6r\u00fcnmesini sa\u011flar. H\u0131zl\u0131 kuruma \u00f6zelli\u011fi ile birlikte yaln\u0131zca 1 saat i\u00e7erisinde ya\u011fmura dayan\u0131kl\u0131 hale gelir. \u00dcst\u00fcn UV &hellip; <a href=\"https:\/\/newhometr.com\/store\/product\/demidekk-ultimate-tackfarg\/\" class=\"more-link\">Continue reading <span class=\"screen-reader-text\">Demidekk Ultimate Tackfarg<\/span><\/a><\/p>\n","protected":false},"featured_media":11173,"comment_status":"open","ping_status":"closed","template":"","meta":[],"product_brand":[515],"product_cat":[516,57],"product_tag":[],"class_list":{"0":"post-11172","1":"product","2":"type-product","3":"status-publish","4":"has-post-thumbnail","6":"product_brand-jotun","7":"product_cat-jotun","8":"product_cat-paint","9":"pa_size-0-68-lt","10":"pa_size-270-lt","13":"instock","14":"shipping-taxable","15":"purchasable","16":"product-type-variable"},"_links":{"self":[{"href":"https:\/\/newhometr.com\/store\/wp-json\/wp\/v2\/product\/11172","targetHints":{"allow":["GET"]}}],"collection":[{"href":"https:\/\/newhometr.com\/store\/wp-json\/wp\/v2\/product"}],"about":[{"href":"https:\/\/newhometr.com\/store\/wp-json\/wp\/v2\/types\/product"}],"replies":[{"embeddable":true,"href":"https:\/\/newhometr.com\/store\/wp-json\/wp\/v2\/comments?post=11172"}],"version-history":[{"count":2,"href":"https:\/\/newhometr.com\/store\/wp-json\/wp\/v2\/product\/11172\/revisions"}],"predecessor-version":[{"id":11179,"href":"https:\/\/newhometr.com\/store\/wp-json\/wp\/v2\/product\/11172\/revisions\/11179"}],"wp:featuredmedia":[{"embeddable":true,"href":"https:\/\/newhometr.com\/store\/wp-json\/wp\/v2\/media\/11173"}],"wp:attachment":[{"href":"https:\/\/newhometr.com\/store\/wp-json\/wp\/v2\/media?parent=11172"}],"wp:term":[{"taxonomy":"product_brand","embeddable":true,"href":"https:\/\/newhometr.com\/store\/wp-json\/wp\/v2\/product_brand?post=11172"},{"taxonomy":"product_cat","embeddable":true,"href":"https:\/\/newhometr.com\/store\/wp-json\/wp\/v2\/product_cat?post=11172"},{"taxonomy":"product_tag","embeddable":true,"href":"https:\/\/newhometr.com\/store\/wp-json\/wp\/v2\/product_tag?post=11172"}],"curies":[{"name":"wp","href":"https:\/\/api.w.org\/{rel}","templated":true}]}}