{"id":11154,"date":"2025-07-13T18:27:14","date_gmt":"2025-07-13T18:27:14","guid":{"rendered":"https:\/\/newhometr.com\/store\/?post_type=product&#038;p=11154"},"modified":"2025-07-14T11:10:43","modified_gmt":"2025-07-14T11:10:43","slug":"jotashield-real-matt","status":"publish","type":"product","link":"https:\/\/newhometr.com\/store\/product\/jotashield-real-matt\/","title":{"rendered":"Jotashield Real Matt"},"content":{"rendered":"<p>Jotun Jotashield Real Matt, d\u00fcz biti\u015fli, %100 saf akrilik ba\u011flay\u0131ca sahip, y\u00fcksek kaliteli, su bazl\u0131, tam mat g\u00f6r\u00fcme sahip d\u0131\u015f cephe boyas\u0131d\u0131r. Benzersiz d\u00fc\u015f\u00fck kir tutma, y\u00fcksek UV dayan\u0131m\u0131 ile 15 y\u0131la kadar koruma ve d\u00fc\u015f\u00fck sarfiyat \u00f6zellikleri ile bak\u0131m tutum maliyetlerinde avantaj sa\u011flar.<\/p>\n<p><strong>Jotun Jotashield Real Matt Renk Kartelas\u0131<\/strong><br \/>\n<a href=\"https:\/\/newhometr.com\/store\/wp-content\/uploads\/2025\/07\/jotun-dis-cephe-renk-koleksiyonu.png\"><img decoding=\"async\" class=\"alignnone size-thumbnail wp-image-11116\" src=\"https:\/\/newhometr.com\/store\/wp-content\/uploads\/2025\/07\/jotun-dis-cephe-renk-koleksiyonu-150x150.png\" alt=\"\" width=\"150\" height=\"150\"><\/a><\/p>\n","protected":false},"excerpt":{"rendered":"<p>Jotun Jotashield Real Matt, d\u00fcz biti\u015fli, %100 saf akrilik ba\u011flay\u0131ca sahip, y\u00fcksek kaliteli, su bazl\u0131, tam mat g\u00f6r\u00fcme sahip d\u0131\u015f cephe boyas\u0131d\u0131r. Benzersiz d\u00fc\u015f\u00fck kir tutma, y\u00fcksek UV dayan\u0131m\u0131 ile 15 y\u0131la kadar koruma ve d\u00fc\u015f\u00fck sarfiyat \u00f6zellikleri ile bak\u0131m tutum maliyetlerinde avantaj sa\u011flar. Jotun Jotashield Real Matt Renk Kartelas\u0131<\/p>\n","protected":false},"featured_media":11155,"comment_status":"open","ping_status":"closed","template":"","meta":[],"product_brand":[515],"product_cat":[516,57],"product_tag":[],"class_list":{"0":"post-11154","1":"product","2":"type-product","3":"status-publish","4":"has-post-thumbnail","6":"product_brand-jotun","7":"product_cat-jotun","8":"product_cat-paint","9":"pa_size-135-lt","10":"pa_size-225-lt","13":"instock","14":"shipping-taxable","15":"purchasable","16":"product-type-variable"},"_links":{"self":[{"href":"https:\/\/newhometr.com\/store\/wp-json\/wp\/v2\/product\/11154","targetHints":{"allow":["GET"]}}],"collection":[{"href":"https:\/\/newhometr.com\/store\/wp-json\/wp\/v2\/product"}],"about":[{"href":"https:\/\/newhometr.com\/store\/wp-json\/wp\/v2\/types\/product"}],"replies":[{"embeddable":true,"href":"https:\/\/newhometr.com\/store\/wp-json\/wp\/v2\/comments?post=11154"}],"version-history":[{"count":3,"href":"https:\/\/newhometr.com\/store\/wp-json\/wp\/v2\/product\/11154\/revisions"}],"predecessor-version":[{"id":11190,"href":"https:\/\/newhometr.com\/store\/wp-json\/wp\/v2\/product\/11154\/revisions\/11190"}],"wp:featuredmedia":[{"embeddable":true,"href":"https:\/\/newhometr.com\/store\/wp-json\/wp\/v2\/media\/11155"}],"wp:attachment":[{"href":"https:\/\/newhometr.com\/store\/wp-json\/wp\/v2\/media?parent=11154"}],"wp:term":[{"taxonomy":"product_brand","embeddable":true,"href":"https:\/\/newhometr.com\/store\/wp-json\/wp\/v2\/product_brand?post=11154"},{"taxonomy":"product_cat","embeddable":true,"href":"https:\/\/newhometr.com\/store\/wp-json\/wp\/v2\/product_cat?post=11154"},{"taxonomy":"product_tag","embeddable":true,"href":"https:\/\/newhometr.com\/store\/wp-json\/wp\/v2\/product_tag?post=11154"}],"curies":[{"name":"wp","href":"https:\/\/api.w.org\/{rel}","templated":true}]}}