{"id":11130,"date":"2025-07-13T16:40:38","date_gmt":"2025-07-13T16:40:38","guid":{"rendered":"https:\/\/newhometr.com\/store\/?post_type=product&#038;p=11130"},"modified":"2025-07-13T16:41:27","modified_gmt":"2025-07-13T16:41:27","slug":"jotashield-alkali-dayanimli-astar","status":"publish","type":"product","link":"https:\/\/newhometr.com\/store\/product\/jotashield-alkali-dayanimli-astar\/","title":{"rendered":"Jotashield Alkali Dayan\u0131ml\u0131 Astar"},"content":{"rendered":"<p>Jotashield Alkali Dayan\u0131ml\u0131 Astar, y\u00fcksek alkali dayan\u0131m\u0131na ve m\u00fckemmel n\u00fcfuz \u00f6zelli\u011fine sahip su bazl\u0131 d\u0131\u015f cephe astar\u0131d\u0131r.<\/p>\n<p><strong>M\u00fckemmel y\u00fczeyler<\/strong><br \/>\nJotashield Alkali Dayan\u0131ml\u0131 Astar, son kat boya uygulamas\u0131 i\u00e7in m\u00fckemmel bir zemin olu\u015fturur. Y\u00fczeye \u00e7ok iyi yap\u0131\u015farak derinlemesine n\u00fcfuz eder. Br\u00fct beton ve prekast y\u00fczeyler haricindeki t\u00fcm y\u00fczeylerde kullan\u0131ma uygundur. Su bazl\u0131 olmas\u0131 sayesinde \u00e7evre dostu \u00e7\u00f6z\u00fcmler sunar.<\/p>\n<ul>\n<li>Su bazl\u0131 d\u0131\u015f cephe astar\u0131<\/li>\n<li>Akrilik kopolimer re\u00e7ineli<\/li>\n<li>Y\u00fczeye m\u00fckemmel n\u00fcfuz \u00f6zelli\u011fi<\/li>\n<\/ul>\n","protected":false},"excerpt":{"rendered":"<p>Jotashield Alkali Dayan\u0131ml\u0131 Astar, y\u00fcksek alkali dayan\u0131m\u0131na ve m\u00fckemmel n\u00fcfuz \u00f6zelli\u011fine sahip su bazl\u0131 d\u0131\u015f cephe astar\u0131d\u0131r. M\u00fckemmel y\u00fczeyler Jotashield Alkali Dayan\u0131ml\u0131 Astar, son kat boya uygulamas\u0131 i\u00e7in m\u00fckemmel bir zemin olu\u015fturur. Y\u00fczeye \u00e7ok iyi yap\u0131\u015farak derinlemesine n\u00fcfuz eder. Br\u00fct beton ve prekast y\u00fczeyler haricindeki t\u00fcm y\u00fczeylerde kullan\u0131ma uygundur. Su bazl\u0131 olmas\u0131 sayesinde \u00e7evre dostu &hellip; <a href=\"https:\/\/newhometr.com\/store\/product\/jotashield-alkali-dayanimli-astar\/\" class=\"more-link\">Continue reading <span class=\"screen-reader-text\">Jotashield Alkali Dayan\u0131ml\u0131 Astar<\/span><\/a><\/p>\n","protected":false},"featured_media":11131,"comment_status":"open","ping_status":"closed","template":"","meta":[],"product_brand":[515],"product_cat":[516,57],"product_tag":[],"class_list":{"0":"post-11130","1":"product","2":"type-product","3":"status-publish","4":"has-post-thumbnail","6":"product_brand-jotun","7":"product_cat-jotun","8":"product_cat-paint","9":"pa_size-15-lt","10":"pa_size-250-lt","13":"instock","14":"shipping-taxable","15":"purchasable","16":"product-type-variable"},"_links":{"self":[{"href":"https:\/\/newhometr.com\/store\/wp-json\/wp\/v2\/product\/11130","targetHints":{"allow":["GET"]}}],"collection":[{"href":"https:\/\/newhometr.com\/store\/wp-json\/wp\/v2\/product"}],"about":[{"href":"https:\/\/newhometr.com\/store\/wp-json\/wp\/v2\/types\/product"}],"replies":[{"embeddable":true,"href":"https:\/\/newhometr.com\/store\/wp-json\/wp\/v2\/comments?post=11130"}],"version-history":[{"count":1,"href":"https:\/\/newhometr.com\/store\/wp-json\/wp\/v2\/product\/11130\/revisions"}],"predecessor-version":[{"id":11135,"href":"https:\/\/newhometr.com\/store\/wp-json\/wp\/v2\/product\/11130\/revisions\/11135"}],"wp:featuredmedia":[{"embeddable":true,"href":"https:\/\/newhometr.com\/store\/wp-json\/wp\/v2\/media\/11131"}],"wp:attachment":[{"href":"https:\/\/newhometr.com\/store\/wp-json\/wp\/v2\/media?parent=11130"}],"wp:term":[{"taxonomy":"product_brand","embeddable":true,"href":"https:\/\/newhometr.com\/store\/wp-json\/wp\/v2\/product_brand?post=11130"},{"taxonomy":"product_cat","embeddable":true,"href":"https:\/\/newhometr.com\/store\/wp-json\/wp\/v2\/product_cat?post=11130"},{"taxonomy":"product_tag","embeddable":true,"href":"https:\/\/newhometr.com\/store\/wp-json\/wp\/v2\/product_tag?post=11130"}],"curies":[{"name":"wp","href":"https:\/\/api.w.org\/{rel}","templated":true}]}}