{"id":11112,"date":"2025-07-13T16:04:40","date_gmt":"2025-07-13T16:04:40","guid":{"rendered":"https:\/\/newhometr.com\/store\/?post_type=product&#038;p=11112"},"modified":"2025-07-13T16:04:40","modified_gmt":"2025-07-13T16:04:40","slug":"jotashield-extreme","status":"publish","type":"product","link":"https:\/\/newhometr.com\/store\/product\/jotashield-extreme\/","title":{"rendered":"Jotashield Extreme"},"content":{"rendered":"<p>Jotun Jotashield Extreme, d\u00fcz biti\u015fli, %100 saf akrilik ba\u011flay\u0131ca sahip, y\u00fcksek kaliteli, su bazl\u0131, ipeksi mat g\u00f6r\u00fcme sahip d\u0131\u015f cephe boyas\u0131d\u0131r. D\u00fc\u015f\u00fck kir tutma \u00f6zelli\u011fi ve UV dayan\u0131ml\u0131 renkleri ile yap\u0131lar\u0131n y\u0131llar sonra bile yeni gibi g\u00f6r\u00fcnmesini sa\u011flar.<\/p>\n<p>Jotun Jotashield Extreme Renk Kartelas\u0131<br \/>\n<a href=\"https:\/\/newhometr.com\/store\/wp-content\/uploads\/2025\/07\/jotun-dis-cephe-renk-koleksiyonu.png\"><img decoding=\"async\" src=\"https:\/\/newhometr.com\/store\/wp-content\/uploads\/2025\/07\/jotun-dis-cephe-renk-koleksiyonu-150x150.png\" alt=\"\" width=\"150\" height=\"150\" class=\"alignnone size-thumbnail wp-image-11116\"><\/a><\/p>\n","protected":false},"excerpt":{"rendered":"<p>Jotun Jotashield Extreme, d\u00fcz biti\u015fli, %100 saf akrilik ba\u011flay\u0131ca sahip, y\u00fcksek kaliteli, su bazl\u0131, ipeksi mat g\u00f6r\u00fcme sahip d\u0131\u015f cephe boyas\u0131d\u0131r. D\u00fc\u015f\u00fck kir tutma \u00f6zelli\u011fi ve UV dayan\u0131ml\u0131 renkleri ile yap\u0131lar\u0131n y\u0131llar sonra bile yeni gibi g\u00f6r\u00fcnmesini sa\u011flar. Jotun Jotashield Extreme Renk Kartelas\u0131<\/p>\n","protected":false},"featured_media":11113,"comment_status":"open","ping_status":"closed","template":"","meta":[],"product_brand":[515],"product_cat":[516,57],"product_tag":[],"class_list":{"0":"post-11112","1":"product","2":"type-product","3":"status-publish","4":"has-post-thumbnail","6":"product_brand-jotun","7":"product_cat-jotun","8":"product_cat-paint","9":"pa_size-225-lt","12":"instock","13":"shipping-taxable","14":"purchasable","15":"product-type-variable"},"_links":{"self":[{"href":"https:\/\/newhometr.com\/store\/wp-json\/wp\/v2\/product\/11112","targetHints":{"allow":["GET"]}}],"collection":[{"href":"https:\/\/newhometr.com\/store\/wp-json\/wp\/v2\/product"}],"about":[{"href":"https:\/\/newhometr.com\/store\/wp-json\/wp\/v2\/types\/product"}],"replies":[{"embeddable":true,"href":"https:\/\/newhometr.com\/store\/wp-json\/wp\/v2\/comments?post=11112"}],"version-history":[{"count":1,"href":"https:\/\/newhometr.com\/store\/wp-json\/wp\/v2\/product\/11112\/revisions"}],"predecessor-version":[{"id":11118,"href":"https:\/\/newhometr.com\/store\/wp-json\/wp\/v2\/product\/11112\/revisions\/11118"}],"wp:featuredmedia":[{"embeddable":true,"href":"https:\/\/newhometr.com\/store\/wp-json\/wp\/v2\/media\/11113"}],"wp:attachment":[{"href":"https:\/\/newhometr.com\/store\/wp-json\/wp\/v2\/media?parent=11112"}],"wp:term":[{"taxonomy":"product_brand","embeddable":true,"href":"https:\/\/newhometr.com\/store\/wp-json\/wp\/v2\/product_brand?post=11112"},{"taxonomy":"product_cat","embeddable":true,"href":"https:\/\/newhometr.com\/store\/wp-json\/wp\/v2\/product_cat?post=11112"},{"taxonomy":"product_tag","embeddable":true,"href":"https:\/\/newhometr.com\/store\/wp-json\/wp\/v2\/product_tag?post=11112"}],"curies":[{"name":"wp","href":"https:\/\/api.w.org\/{rel}","templated":true}]}}