{"id":11096,"date":"2025-07-13T11:51:46","date_gmt":"2025-07-13T11:51:46","guid":{"rendered":"https:\/\/newhometr.com\/store\/?post_type=product&#038;p=11096"},"modified":"2025-07-13T13:36:15","modified_gmt":"2025-07-13T13:36:15","slug":"jotun-aqua-pro-metal","status":"publish","type":"product","link":"https:\/\/newhometr.com\/store\/product\/jotun-aqua-pro-metal\/","title":{"rendered":"JOTUN Aqua Pro Metal"},"content":{"rendered":"<p><strong>Jotun Aqua Pro Metal<\/strong><br \/>\nJotun Aqua Pro Metal, \u00fc\u00e7 \u00fcr\u00fcn\u00fc tek form\u00fcle s\u0131\u011fd\u0131ran teknolojisi sayesinde metal y\u00fczeylerin ilk g\u00fcnk\u00fc gibi g\u00f6r\u00fcnmesini sa\u011flar. Ayn\u0131 anda antipas, astar ve sonkat g\u00f6revi g\u00f6r\u00fcr. Pasl\u0131 y\u00fczeylere rahatl\u0131kla uygulanabilir. Jotun&#8217;un renk uzmanl\u0131\u011f\u0131 ile birle\u015fen g\u00fc\u00e7l\u00fc form\u00fcl\u00fc sayesinde uzun d\u00f6nemli koruma ve estetik g\u00f6r\u00fcn\u00fcm sunar.<\/p>\n<ul>\n<li>Jotun Aqua Pro Metal Ral K7 Kartelas\u0131<br \/>\n<a href=\"https:\/\/newhometr.com\/store\/wp-content\/uploads\/2025\/07\/jotun-aqua-pro-renk-kartelasi.png\"><img decoding=\"async\" class=\"alignnone size-thumbnail wp-image-11098\" src=\"https:\/\/newhometr.com\/store\/wp-content\/uploads\/2025\/07\/jotun-aqua-pro-renk-kartelasi-150x150.png\" alt=\"\" width=\"150\" height=\"150\"><\/a><br \/>\n<strong>Su Bazl\u0131 Ya\u011fl\u0131 Boya Nedir?<\/strong><br \/>\nSu bazl\u0131 ya\u011fl\u0131 boya olarak adland\u0131rd\u0131\u011f\u0131m\u0131z boyalar asl\u0131nda su bazl\u0131d\u0131r. Ancak parlak g\u00f6r\u00fcn\u00fcmleri nedeniyle piyasada su bazl\u0131 ya\u011fl\u0131 boya olarak belirtilmektedir. Jotun Aqua Pro Metal \u00fcr\u00fcnm\u00fcz de su bazl\u0131 ya\u011fl\u0131 boyad\u0131r. Silinebilir olu\u015fu, hemen kurumas\u0131 ve kolay uygulanabilmesi \u00f6nemli avantajlar\u0131ndand\u0131r.3&#8217;\u00fc 1 arada form\u00fcl\u00fc sayesinde ayn\u0131 anda antipas, astar ve sonkat g\u00f6revi g\u00f6r\u00fcr.Jotun Aqua Pro Metal do\u011frudan pas \u00fczerine rahatl\u0131kla uygulanabilir.Dekoratif bloyalar\u0131n s\u0131n\u0131rl\u0131 renk se\u00e7eneklerinin aksine , Jotun Aqua Pro metal geni\u015f renk yelpazesine sahiptir.Kullan\u0131ma haz\u0131rd\u0131r, kapa\u011f\u0131 a\u00e7\u0131p uygulamaya ba\u015flayabilirsiniz.<br \/>\n<strong>Su Bazl\u0131 Boyalar\u0131n \u00d6zellikleri<\/strong><\/li>\n<li>Nefes alan bir boya t\u00fcr\u00fcd\u00fcr.<\/li>\n<li>\u00c7evre ve insan sa\u011fl\u0131\u011f\u0131na zarar vermez.<\/li>\n<li>Suda \u00e7\u00f6z\u00fcnebilir oldu\u011fu i\u00e7in kolay silinebilir.<\/li>\n<li>Y\u0131l\u0131n her mevsiminde rahatl\u0131kla uygulanabilir.<\/li>\n<li>Uyguland\u0131\u011f\u0131 y\u00fczeyde uzun d\u00f6nemli koruma sa\u011flar.<br \/>\n<strong>Su Bazl\u0131 Ya\u011fl\u0131 Boya Nerelerde Kullan\u0131l\u0131r?<\/strong><br \/>\nSu bazl\u0131 ya\u011fl\u0131 boyalar genel anlamda t\u00fcm ah\u015fap, metal ve beton y\u00fczeylere uygulanabilmektedir. Bununla birlikte kap\u0131, pencere ve mobilyalarda da kullan\u0131lmaktad\u0131r.<\/li>\n<\/ul>\n","protected":false},"excerpt":{"rendered":"<p>Jotun Aqua Pro Metal Jotun Aqua Pro Metal, \u00fc\u00e7 \u00fcr\u00fcn\u00fc tek form\u00fcle s\u0131\u011fd\u0131ran teknolojisi sayesinde metal y\u00fczeylerin ilk g\u00fcnk\u00fc gibi g\u00f6r\u00fcnmesini sa\u011flar. Ayn\u0131 anda antipas, astar ve sonkat g\u00f6revi g\u00f6r\u00fcr. Pasl\u0131 y\u00fczeylere rahatl\u0131kla uygulanabilir. Jotun&#8217;un renk uzmanl\u0131\u011f\u0131 ile birle\u015fen g\u00fc\u00e7l\u00fc form\u00fcl\u00fc sayesinde uzun d\u00f6nemli koruma ve estetik g\u00f6r\u00fcn\u00fcm sunar. Jotun Aqua Pro Metal Ral K7 &hellip; <a href=\"https:\/\/newhometr.com\/store\/product\/jotun-aqua-pro-metal\/\" class=\"more-link\">Continue reading <span class=\"screen-reader-text\">JOTUN Aqua Pro Metal<\/span><\/a><\/p>\n","protected":false},"featured_media":11105,"comment_status":"open","ping_status":"closed","template":"","meta":[],"product_brand":[515],"product_cat":[516,57],"product_tag":[],"class_list":{"0":"post-11096","1":"product","2":"type-product","3":"status-publish","4":"has-post-thumbnail","6":"product_brand-jotun","7":"product_cat-jotun","8":"product_cat-paint","9":"pa_size-0-90-lt","10":"pa_size-225-lt","13":"instock","14":"shipping-taxable","15":"purchasable","16":"product-type-variable"},"_links":{"self":[{"href":"https:\/\/newhometr.com\/store\/wp-json\/wp\/v2\/product\/11096","targetHints":{"allow":["GET"]}}],"collection":[{"href":"https:\/\/newhometr.com\/store\/wp-json\/wp\/v2\/product"}],"about":[{"href":"https:\/\/newhometr.com\/store\/wp-json\/wp\/v2\/types\/product"}],"replies":[{"embeddable":true,"href":"https:\/\/newhometr.com\/store\/wp-json\/wp\/v2\/comments?post=11096"}],"version-history":[{"count":4,"href":"https:\/\/newhometr.com\/store\/wp-json\/wp\/v2\/product\/11096\/revisions"}],"predecessor-version":[{"id":11104,"href":"https:\/\/newhometr.com\/store\/wp-json\/wp\/v2\/product\/11096\/revisions\/11104"}],"wp:featuredmedia":[{"embeddable":true,"href":"https:\/\/newhometr.com\/store\/wp-json\/wp\/v2\/media\/11105"}],"wp:attachment":[{"href":"https:\/\/newhometr.com\/store\/wp-json\/wp\/v2\/media?parent=11096"}],"wp:term":[{"taxonomy":"product_brand","embeddable":true,"href":"https:\/\/newhometr.com\/store\/wp-json\/wp\/v2\/product_brand?post=11096"},{"taxonomy":"product_cat","embeddable":true,"href":"https:\/\/newhometr.com\/store\/wp-json\/wp\/v2\/product_cat?post=11096"},{"taxonomy":"product_tag","embeddable":true,"href":"https:\/\/newhometr.com\/store\/wp-json\/wp\/v2\/product_tag?post=11096"}],"curies":[{"name":"wp","href":"https:\/\/api.w.org\/{rel}","templated":true}]}}