{"id":11089,"date":"2025-07-13T11:23:32","date_gmt":"2025-07-13T11:23:32","guid":{"rendered":"https:\/\/newhometr.com\/store\/?post_type=product&#038;p=11089"},"modified":"2025-07-13T11:29:07","modified_gmt":"2025-07-13T11:29:07","slug":"jotun-fenomastic-tavan-boyasi","status":"publish","type":"product","link":"https:\/\/newhometr.com\/store\/product\/jotun-fenomastic-tavan-boyasi\/","title":{"rendered":"JOTUN Fenomastic Tavan Boyas\u0131"},"content":{"rendered":"<p>Zaman ve maliyet avantaj\u0131 sunarak boya uygulamas\u0131n\u0131n h\u0131zl\u0131 tamamlanmas\u0131n\u0131 ve p\u00fcr\u00fczs\u00fcz g\u00fczel bir doku olu\u015fmas\u0131n\u0131 sa\u011flar.<\/p>\n<p>M\u00fckemmel beyazl\u0131\u011fa sahip, kolay uygulanabilen, s\u0131\u00e7ramayan ve kokusuz tavan boyas\u0131.<br \/>\nFenomastic Serisi, \u00f6zellikle genel boya uygulamalar\u0131nda kullan\u0131lmak \u00fczere tasarlanm\u0131\u015ft\u0131r.<br \/>\nS\u0131\u00e7ramaz: Ustalar\u0131m\u0131z\u0131n daha iyi ko\u015fullar alt\u0131nda boya yapmalar\u0131 \u00f6nceliklerimiz aras\u0131nda yer al\u0131yor. Bu ama\u00e7la Fenomastic Tavan&#8217;\u0131 \u201cs\u0131\u00e7ramaz\u201d olarak tasarlad\u0131k.<br \/>\nKolay uygulan\u0131r: Kolay uygulan\u0131r ve iyi yay\u0131l\u0131r; f\u0131r\u00e7a ya da rulo izi b\u0131rakmaz. Y\u00fcksek kapat\u0131c\u0131l\u0131k ve r\u00f6tu\u015f \u00f6zelli\u011fine sahip olmas\u0131 sayesinde k\u0131sa s\u00fcrede tavan uygulaman\u0131z\u0131 tamamlayabilirsiniz.<br \/>\nKokusuzdur: Kokusuz olmas\u0131 tavan uygulamas\u0131n\u0131n daha rahat ko\u015fullarda ger\u00e7ekle\u015ftirilmesini sa\u011flar.<br \/>\nKar beyaz\u0131: \u00dcst\u00fcn beyazl\u0131k \u00f6zelli\u011fi sayesinde bembeyaz tavanlar sunar ve beyazl\u0131\u011f\u0131n\u0131 uzun y\u0131llar korur.<\/p>\n","protected":false},"excerpt":{"rendered":"<p>Zaman ve maliyet avantaj\u0131 sunarak boya uygulamas\u0131n\u0131n h\u0131zl\u0131 tamamlanmas\u0131n\u0131 ve p\u00fcr\u00fczs\u00fcz g\u00fczel bir doku olu\u015fmas\u0131n\u0131 sa\u011flar. M\u00fckemmel beyazl\u0131\u011fa sahip, kolay uygulanabilen, s\u0131\u00e7ramayan ve kokusuz tavan boyas\u0131. Fenomastic Serisi, \u00f6zellikle genel boya uygulamalar\u0131nda kullan\u0131lmak \u00fczere tasarlanm\u0131\u015ft\u0131r. S\u0131\u00e7ramaz: Ustalar\u0131m\u0131z\u0131n daha iyi ko\u015fullar alt\u0131nda boya yapmalar\u0131 \u00f6nceliklerimiz aras\u0131nda yer al\u0131yor. Bu ama\u00e7la Fenomastic Tavan&#8217;\u0131 \u201cs\u0131\u00e7ramaz\u201d olarak tasarlad\u0131k. Kolay &hellip; <a href=\"https:\/\/newhometr.com\/store\/product\/jotun-fenomastic-tavan-boyasi\/\" class=\"more-link\">Continue reading <span class=\"screen-reader-text\">JOTUN Fenomastic Tavan Boyas\u0131<\/span><\/a><\/p>\n","protected":false},"featured_media":11090,"comment_status":"open","ping_status":"closed","template":"","meta":[],"product_brand":[515],"product_cat":[516,57],"product_tag":[],"class_list":{"0":"post-11089","1":"product","2":"type-product","3":"status-publish","4":"has-post-thumbnail","6":"product_brand-jotun","7":"product_cat-jotun","8":"product_cat-paint","9":"pa_size-10-kg","10":"pa_size-175-kg","11":"pa_size-4-kg","14":"instock","15":"shipping-taxable","16":"purchasable","17":"product-type-variable"},"_links":{"self":[{"href":"https:\/\/newhometr.com\/store\/wp-json\/wp\/v2\/product\/11089","targetHints":{"allow":["GET"]}}],"collection":[{"href":"https:\/\/newhometr.com\/store\/wp-json\/wp\/v2\/product"}],"about":[{"href":"https:\/\/newhometr.com\/store\/wp-json\/wp\/v2\/types\/product"}],"replies":[{"embeddable":true,"href":"https:\/\/newhometr.com\/store\/wp-json\/wp\/v2\/comments?post=11089"}],"version-history":[{"count":2,"href":"https:\/\/newhometr.com\/store\/wp-json\/wp\/v2\/product\/11089\/revisions"}],"predecessor-version":[{"id":11095,"href":"https:\/\/newhometr.com\/store\/wp-json\/wp\/v2\/product\/11089\/revisions\/11095"}],"wp:featuredmedia":[{"embeddable":true,"href":"https:\/\/newhometr.com\/store\/wp-json\/wp\/v2\/media\/11090"}],"wp:attachment":[{"href":"https:\/\/newhometr.com\/store\/wp-json\/wp\/v2\/media?parent=11089"}],"wp:term":[{"taxonomy":"product_brand","embeddable":true,"href":"https:\/\/newhometr.com\/store\/wp-json\/wp\/v2\/product_brand?post=11089"},{"taxonomy":"product_cat","embeddable":true,"href":"https:\/\/newhometr.com\/store\/wp-json\/wp\/v2\/product_cat?post=11089"},{"taxonomy":"product_tag","embeddable":true,"href":"https:\/\/newhometr.com\/store\/wp-json\/wp\/v2\/product_tag?post=11089"}],"curies":[{"name":"wp","href":"https:\/\/api.w.org\/{rel}","templated":true}]}}