{"id":11083,"date":"2025-07-12T11:05:16","date_gmt":"2025-07-12T11:05:16","guid":{"rendered":"https:\/\/newhometr.com\/store\/?post_type=product&#038;p=11083"},"modified":"2025-07-12T11:05:18","modified_gmt":"2025-07-12T11:05:18","slug":"fenomastic-macun","status":"publish","type":"product","link":"https:\/\/newhometr.com\/store\/product\/fenomastic-macun\/","title":{"rendered":"Fenomastic Macun"},"content":{"rendered":"<p>Fenomastic Macun, astar uygulamas\u0131 gerektirmeyen, dolgu \u00f6zelli\u011fi ile m\u00fckemmel biti\u015f sunan, kolay uygulanan, su bazl\u0131 akrilik i\u00e7 cephe macunudur.<\/p>\n<h3 class=\"sc-ifAKCX iEOBID\">Fenomastic Macun, astar uygulamas\u0131 gerektirmeyen, dolgu \u00f6zelli\u011fi ile m\u00fckemmel biti\u015f sunan, kolay uygullanan, su bazl\u0131 akrilik i\u00e7 cephe macunudur. Zaman ve maliyet avantaj\u0131 sunarak boya uygulamas\u0131n\u0131n h\u0131zl\u0131 tamamlanmas\u0131n\u0131 ve p\u00fcr\u00fczs\u00fcz g\u00fczel bir doku olu\u015fmas\u0131n\u0131 sa\u011flar.<\/h3>\n<div class=\"sc-dnqmqq bDsesi sc-ccbnFN fmTSQh\">\n<div>Fenomastic Macun, astar uygulamas\u0131 gerektirmeyen, dolgu \u00f6zelli\u011fi ile m\u00fckemmel biti\u015f sunan, kolay uygulanan, su bazl\u0131 akrilik i\u00e7 cephe macunudur. Astar uygulamas\u0131 gerektirmemesi sayesinde zaman ve maliyet avantaj\u0131 sunar. Boya uygulamas\u0131 i\u00e7in p\u00fcr\u00fczs\u00fcz ve g\u00fczel bir y\u00fczey olu\u015fturur.<\/div>\n<div><\/div>\n<ul>\n<li><strong>Astar ve macun bir arada:<\/strong>\u00a0Fenomastic Macun \u201c2si1 arada\u201d \u00f6zelli\u011fine sahiptir; hem macun hem de astar g\u00f6revi g\u00f6r\u00fcr. Astar uygulamas\u0131 gerektirmez.<\/li>\n<li><strong>Zaman tasarrufu:<\/strong>\u00a0Fenomastic Macun, t\u00fcm \u00f6zellikleri ile hem zaman hem de malzeme ve i\u015f\u00e7ilik maliyetlerinden tasarruf sa\u011flar. Uygulaman\u0131n daha k\u0131sa s\u00fcrede tamamlanmas\u0131n\u0131 sa\u011flar.<\/li>\n<li><strong>M\u00fckemmel biti\u015f:<\/strong>\u00a0Dolgu \u00f6zelli\u011fi ile p\u00fcr\u00fczs\u00fcz bir y\u00fczey olu\u015fturur, b\u00f6ylece macun \u00fczerine son kat boya uyguland\u0131\u011f\u0131nda m\u00fckemmel bir biti\u015f elde edilir.<\/li>\n<li><strong>Kolay uygulama:<\/strong>\u00a0Kolay uygulan\u0131r, ustay\u0131 yormaz ve y\u00fczeye iyi yay\u0131l\u0131r.<\/li>\n<\/ul>\n<\/div>\n","protected":false},"excerpt":{"rendered":"<p>Fenomastic Macun, astar uygulamas\u0131 gerektirmeyen, dolgu \u00f6zelli\u011fi ile m\u00fckemmel biti\u015f sunan, kolay uygulanan, su bazl\u0131 akrilik i\u00e7 cephe macunudur. Fenomastic Macun, astar uygulamas\u0131 gerektirmeyen, dolgu \u00f6zelli\u011fi ile m\u00fckemmel biti\u015f sunan, kolay uygullanan, su bazl\u0131 akrilik i\u00e7 cephe macunudur. Zaman ve maliyet avantaj\u0131 sunarak boya uygulamas\u0131n\u0131n h\u0131zl\u0131 tamamlanmas\u0131n\u0131 ve p\u00fcr\u00fczs\u00fcz g\u00fczel bir doku olu\u015fmas\u0131n\u0131 sa\u011flar. Fenomastic &hellip; <a href=\"https:\/\/newhometr.com\/store\/product\/fenomastic-macun\/\" class=\"more-link\">Continue reading <span class=\"screen-reader-text\">Fenomastic Macun<\/span><\/a><\/p>\n","protected":false},"featured_media":11084,"comment_status":"open","ping_status":"closed","template":"","meta":[],"product_brand":[515],"product_cat":[516,57],"product_tag":[],"class_list":{"0":"post-11083","1":"product","2":"type-product","3":"status-publish","4":"has-post-thumbnail","6":"product_brand-jotun","7":"product_cat-jotun","8":"product_cat-paint","9":"pa_size-25-kg","10":"pa_size-4-kg","13":"instock","14":"shipping-taxable","15":"purchasable","16":"product-type-variable"},"_links":{"self":[{"href":"https:\/\/newhometr.com\/store\/wp-json\/wp\/v2\/product\/11083","targetHints":{"allow":["GET"]}}],"collection":[{"href":"https:\/\/newhometr.com\/store\/wp-json\/wp\/v2\/product"}],"about":[{"href":"https:\/\/newhometr.com\/store\/wp-json\/wp\/v2\/types\/product"}],"replies":[{"embeddable":true,"href":"https:\/\/newhometr.com\/store\/wp-json\/wp\/v2\/comments?post=11083"}],"version-history":[{"count":1,"href":"https:\/\/newhometr.com\/store\/wp-json\/wp\/v2\/product\/11083\/revisions"}],"predecessor-version":[{"id":11088,"href":"https:\/\/newhometr.com\/store\/wp-json\/wp\/v2\/product\/11083\/revisions\/11088"}],"wp:featuredmedia":[{"embeddable":true,"href":"https:\/\/newhometr.com\/store\/wp-json\/wp\/v2\/media\/11084"}],"wp:attachment":[{"href":"https:\/\/newhometr.com\/store\/wp-json\/wp\/v2\/media?parent=11083"}],"wp:term":[{"taxonomy":"product_brand","embeddable":true,"href":"https:\/\/newhometr.com\/store\/wp-json\/wp\/v2\/product_brand?post=11083"},{"taxonomy":"product_cat","embeddable":true,"href":"https:\/\/newhometr.com\/store\/wp-json\/wp\/v2\/product_cat?post=11083"},{"taxonomy":"product_tag","embeddable":true,"href":"https:\/\/newhometr.com\/store\/wp-json\/wp\/v2\/product_tag?post=11083"}],"curies":[{"name":"wp","href":"https:\/\/api.w.org\/{rel}","templated":true}]}}