{"id":11072,"date":"2025-07-12T10:32:47","date_gmt":"2025-07-12T10:32:47","guid":{"rendered":"https:\/\/newhometr.com\/store\/?post_type=product&#038;p=11072"},"modified":"2025-07-12T10:32:48","modified_gmt":"2025-07-12T10:32:48","slug":"fenomastic-primer","status":"publish","type":"product","link":"https:\/\/newhometr.com\/store\/product\/fenomastic-primer\/","title":{"rendered":"Fenomastic Primer"},"content":{"rendered":"<p>Fenomastic Emulsion Primer y\u00fcksek kaliteye sahip, \u00f6zel olarak geli\u015ftirilmi\u015f akrilik re\u00e7inesi ile alkaliye kar\u015f\u0131 y\u00fcksek dayan\u0131m sa\u011flayan su bazl\u0131 bir astard\u0131r.<br \/>\nY\u00fcksek kalitede \u00f6zel olarak geli\u015ftirilmi\u015f akrilik re\u00e7ineli su bazl\u0131 astard\u0131r.<br \/>\nFenomastic Primer y\u00fcksek kaliteye sahip \u00f6zel olarak geli\u015ftirilmi\u015f akrilik re\u00e7ineli su bazl\u0131 astard\u0131r. D\u00fc\u015f\u00fck u\u00e7ucu organik bile\u015fik (VOC) de\u011feri sayesinde i\u00e7 cephelerde hava kalitesini d\u00fc\u015f\u00fcrmez. Fenomastic Primer, uyguland\u0131\u011f\u0131 y\u00fczeylere daha iyi n\u00fcfuz edebilmesi amac\u0131yla \u00f6zel olarak form\u00fcle edilmi\u015ftir.<\/p>\n<ul>\n<li>\u0130\u00e7 cephe astar\u0131<\/li>\n<li>D\u00fc\u015f\u00fck VOC oran\u0131<\/li>\n<li>M\u00fckemmel n\u00fcfuz \u00f6zelli\u011fi<\/li>\n<\/ul>\n","protected":false},"excerpt":{"rendered":"<p>Fenomastic Emulsion Primer y\u00fcksek kaliteye sahip, \u00f6zel olarak geli\u015ftirilmi\u015f akrilik re\u00e7inesi ile alkaliye kar\u015f\u0131 y\u00fcksek dayan\u0131m sa\u011flayan su bazl\u0131 bir astard\u0131r. Y\u00fcksek kalitede \u00f6zel olarak geli\u015ftirilmi\u015f akrilik re\u00e7ineli su bazl\u0131 astard\u0131r. Fenomastic Primer y\u00fcksek kaliteye sahip \u00f6zel olarak geli\u015ftirilmi\u015f akrilik re\u00e7ineli su bazl\u0131 astard\u0131r. D\u00fc\u015f\u00fck u\u00e7ucu organik bile\u015fik (VOC) de\u011feri sayesinde i\u00e7 cephelerde hava kalitesini &hellip; <a href=\"https:\/\/newhometr.com\/store\/product\/fenomastic-primer\/\" class=\"more-link\">Continue reading <span class=\"screen-reader-text\">Fenomastic Primer<\/span><\/a><\/p>\n","protected":false},"featured_media":11073,"comment_status":"open","ping_status":"closed","template":"","meta":[],"product_brand":[515],"product_cat":[516,57],"product_tag":[],"class_list":{"0":"post-11072","1":"product","2":"type-product","3":"status-publish","4":"has-post-thumbnail","6":"product_brand-jotun","7":"product_cat-jotun","8":"product_cat-paint","9":"pa_size-15-lt","10":"pa_size-250-lt","13":"instock","14":"shipping-taxable","15":"purchasable","16":"product-type-variable"},"_links":{"self":[{"href":"https:\/\/newhometr.com\/store\/wp-json\/wp\/v2\/product\/11072","targetHints":{"allow":["GET"]}}],"collection":[{"href":"https:\/\/newhometr.com\/store\/wp-json\/wp\/v2\/product"}],"about":[{"href":"https:\/\/newhometr.com\/store\/wp-json\/wp\/v2\/types\/product"}],"replies":[{"embeddable":true,"href":"https:\/\/newhometr.com\/store\/wp-json\/wp\/v2\/comments?post=11072"}],"version-history":[{"count":2,"href":"https:\/\/newhometr.com\/store\/wp-json\/wp\/v2\/product\/11072\/revisions"}],"predecessor-version":[{"id":11078,"href":"https:\/\/newhometr.com\/store\/wp-json\/wp\/v2\/product\/11072\/revisions\/11078"}],"wp:featuredmedia":[{"embeddable":true,"href":"https:\/\/newhometr.com\/store\/wp-json\/wp\/v2\/media\/11073"}],"wp:attachment":[{"href":"https:\/\/newhometr.com\/store\/wp-json\/wp\/v2\/media?parent=11072"}],"wp:term":[{"taxonomy":"product_brand","embeddable":true,"href":"https:\/\/newhometr.com\/store\/wp-json\/wp\/v2\/product_brand?post=11072"},{"taxonomy":"product_cat","embeddable":true,"href":"https:\/\/newhometr.com\/store\/wp-json\/wp\/v2\/product_cat?post=11072"},{"taxonomy":"product_tag","embeddable":true,"href":"https:\/\/newhometr.com\/store\/wp-json\/wp\/v2\/product_tag?post=11072"}],"curies":[{"name":"wp","href":"https:\/\/api.w.org\/{rel}","templated":true}]}}