{"id":11065,"date":"2025-07-12T10:17:55","date_gmt":"2025-07-12T10:17:55","guid":{"rendered":"https:\/\/newhometr.com\/store\/?post_type=product&#038;p=11065"},"modified":"2025-07-12T10:17:56","modified_gmt":"2025-07-12T10:17:56","slug":"fenomastic-ipek-mat","status":"publish","type":"product","link":"https:\/\/newhometr.com\/store\/product\/fenomastic-ipek-mat\/","title":{"rendered":"Fenomastic \u0130pek Mat"},"content":{"rendered":"<p>Fenomastic \u0130pek Mat; silikonlu, kolay uygulanabilir, \u00f6rt\u00fcc\u00fcl\u00fc\u011f\u00fc y\u00fcksek i\u00e7 cephe boyas\u0131d\u0131r. Fenomastic Serisi, \u00f6zellikle genel boya uygulamalar\u0131nda kullan\u0131lmak \u00fczere tasarlanm\u0131\u015ft\u0131r. Serimizi geli\u015ftirirken ustalar\u0131m\u0131z\u0131n boyadan beklenti ve ihtiya\u00e7lar\u0131n\u0131 g\u00f6z \u00f6n\u00fcnde bulundurarak d\u00f6rt ana \u00f6zelli\u011fi merkezimize ald\u0131k. Fenomastic \u0130pek Mat, silikonlu, m\u00fckemmel dokuya sahip, kolay uygulanabilen, s\u0131\u00e7rama yapmayan i\u00e7 cephe boyas\u0131d\u0131r. P\u00fcr\u00fczs\u00fcz ipek mat biti\u015f sa\u011flar. Kolay uygulan\u0131r ve iyi yay\u0131l\u0131r; y\u00fcksek \u00f6rt\u00fcc\u00fcl\u00fck ve r\u00f6tu\u015f \u00f6zelli\u011fine sahiptir. S\u0131\u00e7ramaz; f\u0131r\u00e7a ya da rulo izi b\u0131rakmaz.<\/p>\n<p>Jotun Fenomastic \u0130pek Mat Renk Kartelas\u0131<br \/>\n<a href=\"https:\/\/newhometr.com\/store\/wp-content\/uploads\/2025\/07\/jotun-en-guzel-renklerimiz-4.png\"><img decoding=\"async\" src=\"https:\/\/newhometr.com\/store\/wp-content\/uploads\/2025\/07\/jotun-en-guzel-renklerimiz-4-150x150.png\" alt=\"\" width=\"150\" height=\"150\" class=\"alignnone size-thumbnail wp-image-11061\"><\/a><span data-mce-type=\"bookmark\" style=\"width: 0px;overflow: hidden;line-height: 0\" class=\"mce_SELRES_start\">\ufeff<\/span><\/p>\n","protected":false},"excerpt":{"rendered":"<p>Fenomastic \u0130pek Mat; silikonlu, kolay uygulanabilir, \u00f6rt\u00fcc\u00fcl\u00fc\u011f\u00fc y\u00fcksek i\u00e7 cephe boyas\u0131d\u0131r. Fenomastic Serisi, \u00f6zellikle genel boya uygulamalar\u0131nda kullan\u0131lmak \u00fczere tasarlanm\u0131\u015ft\u0131r. Serimizi geli\u015ftirirken ustalar\u0131m\u0131z\u0131n boyadan beklenti ve ihtiya\u00e7lar\u0131n\u0131 g\u00f6z \u00f6n\u00fcnde bulundurarak d\u00f6rt ana \u00f6zelli\u011fi merkezimize ald\u0131k. Fenomastic \u0130pek Mat, silikonlu, m\u00fckemmel dokuya sahip, kolay uygulanabilen, s\u0131\u00e7rama yapmayan i\u00e7 cephe boyas\u0131d\u0131r. P\u00fcr\u00fczs\u00fcz ipek mat biti\u015f sa\u011flar. Kolay &hellip; <a href=\"https:\/\/newhometr.com\/store\/product\/fenomastic-ipek-mat\/\" class=\"more-link\">Continue reading <span class=\"screen-reader-text\">Fenomastic \u0130pek Mat<\/span><\/a><\/p>\n","protected":false},"featured_media":11066,"comment_status":"open","ping_status":"closed","template":"","meta":[],"product_brand":[515],"product_cat":[516,57],"product_tag":[],"class_list":{"0":"post-11065","1":"product","2":"type-product","3":"status-publish","4":"has-post-thumbnail","6":"product_brand-jotun","7":"product_cat-jotun","8":"product_cat-paint","9":"pa_size-135-lt","10":"pa_size-225-lt","13":"instock","14":"shipping-taxable","15":"purchasable","16":"product-type-variable"},"_links":{"self":[{"href":"https:\/\/newhometr.com\/store\/wp-json\/wp\/v2\/product\/11065","targetHints":{"allow":["GET"]}}],"collection":[{"href":"https:\/\/newhometr.com\/store\/wp-json\/wp\/v2\/product"}],"about":[{"href":"https:\/\/newhometr.com\/store\/wp-json\/wp\/v2\/types\/product"}],"replies":[{"embeddable":true,"href":"https:\/\/newhometr.com\/store\/wp-json\/wp\/v2\/comments?post=11065"}],"version-history":[{"count":2,"href":"https:\/\/newhometr.com\/store\/wp-json\/wp\/v2\/product\/11065\/revisions"}],"predecessor-version":[{"id":11071,"href":"https:\/\/newhometr.com\/store\/wp-json\/wp\/v2\/product\/11065\/revisions\/11071"}],"wp:featuredmedia":[{"embeddable":true,"href":"https:\/\/newhometr.com\/store\/wp-json\/wp\/v2\/media\/11066"}],"wp:attachment":[{"href":"https:\/\/newhometr.com\/store\/wp-json\/wp\/v2\/media?parent=11065"}],"wp:term":[{"taxonomy":"product_brand","embeddable":true,"href":"https:\/\/newhometr.com\/store\/wp-json\/wp\/v2\/product_brand?post=11065"},{"taxonomy":"product_cat","embeddable":true,"href":"https:\/\/newhometr.com\/store\/wp-json\/wp\/v2\/product_cat?post=11065"},{"taxonomy":"product_tag","embeddable":true,"href":"https:\/\/newhometr.com\/store\/wp-json\/wp\/v2\/product_tag?post=11065"}],"curies":[{"name":"wp","href":"https:\/\/api.w.org\/{rel}","templated":true}]}}