{"id":11044,"date":"2025-07-12T09:53:54","date_gmt":"2025-07-12T09:53:54","guid":{"rendered":"https:\/\/newhometr.com\/store\/?post_type=product&#038;p=11044"},"modified":"2025-07-12T09:53:56","modified_gmt":"2025-07-12T09:53:56","slug":"fenomastic-guzel-evim-saf-ipek","status":"publish","type":"product","link":"https:\/\/newhometr.com\/store\/product\/fenomastic-guzel-evim-saf-ipek\/","title":{"rendered":"Fenomastic G\u00fczel Evim Saf \u0130pek"},"content":{"rendered":"<p>JOTUN FENOMASTIC G\u00dcZEL EV\u0130M SAF \u0130PEK<\/p>\n<p>Jotun Fenomastic G\u00fczel Evim Saf \u0130pek, e\u015fsiz ipek mat dokusu ile duvarlar\u0131n\u0131zda p\u00fcr\u00fczs\u00fcz, yumu\u015fak ve do\u011fal bir g\u00f6r\u00fcn\u00fcm elde etmenizi sa\u011flar. Su bazl\u0131 ve kokusuz olmas\u0131 sayesinde y\u0131l\u0131n her d\u00f6neminde ev ve i\u015fyerlerinizi \u00f6zg\u00fcrce renklendirebilirsiniz. S\u0131n\u0131rs\u0131z renk se\u00e7ene\u011fi ile hayalinizdeki dekorasyonu ger\u00e7e\u011fe d\u00f6n\u00fc\u015ft\u00fcrebilirsiniz.<\/p>\n<p>Jotun Fenomastic G\u00fczel Evim Saf \u0130pek Renk Kartelas\u0131<br \/>\n<a href=\"https:\/\/newhometr.com\/store\/wp-content\/uploads\/2025\/07\/jotun-en-guzel-renklerimiz-3.png\"><img decoding=\"async\" src=\"https:\/\/newhometr.com\/store\/wp-content\/uploads\/2025\/07\/jotun-en-guzel-renklerimiz-3-150x150.png\" alt=\"\" width=\"150\" height=\"150\" class=\"alignnone size-thumbnail wp-image-11050\"><\/a><\/p>\n","protected":false},"excerpt":{"rendered":"<p>JOTUN FENOMASTIC G\u00dcZEL EV\u0130M SAF \u0130PEK Jotun Fenomastic G\u00fczel Evim Saf \u0130pek, e\u015fsiz ipek mat dokusu ile duvarlar\u0131n\u0131zda p\u00fcr\u00fczs\u00fcz, yumu\u015fak ve do\u011fal bir g\u00f6r\u00fcn\u00fcm elde etmenizi sa\u011flar. Su bazl\u0131 ve kokusuz olmas\u0131 sayesinde y\u0131l\u0131n her d\u00f6neminde ev ve i\u015fyerlerinizi \u00f6zg\u00fcrce renklendirebilirsiniz. S\u0131n\u0131rs\u0131z renk se\u00e7ene\u011fi ile hayalinizdeki dekorasyonu ger\u00e7e\u011fe d\u00f6n\u00fc\u015ft\u00fcrebilirsiniz. Jotun Fenomastic G\u00fczel Evim Saf \u0130pek &hellip; <a href=\"https:\/\/newhometr.com\/store\/product\/fenomastic-guzel-evim-saf-ipek\/\" class=\"more-link\">Continue reading <span class=\"screen-reader-text\">Fenomastic G\u00fczel Evim Saf \u0130pek<\/span><\/a><\/p>\n","protected":false},"featured_media":11045,"comment_status":"open","ping_status":"closed","template":"","meta":[],"product_brand":[515],"product_cat":[516,57],"product_tag":[],"class_list":{"0":"post-11044","1":"product","2":"type-product","3":"status-publish","4":"has-post-thumbnail","6":"product_brand-jotun","7":"product_cat-jotun","8":"product_cat-paint","9":"pa_size-1-lt","10":"pa_size-135-lt","11":"pa_size-225-lt","12":"pa_size-675-lt","15":"instock","16":"shipping-taxable","17":"purchasable","18":"product-type-variable"},"_links":{"self":[{"href":"https:\/\/newhometr.com\/store\/wp-json\/wp\/v2\/product\/11044","targetHints":{"allow":["GET"]}}],"collection":[{"href":"https:\/\/newhometr.com\/store\/wp-json\/wp\/v2\/product"}],"about":[{"href":"https:\/\/newhometr.com\/store\/wp-json\/wp\/v2\/types\/product"}],"replies":[{"embeddable":true,"href":"https:\/\/newhometr.com\/store\/wp-json\/wp\/v2\/comments?post=11044"}],"version-history":[{"count":1,"href":"https:\/\/newhometr.com\/store\/wp-json\/wp\/v2\/product\/11044\/revisions"}],"predecessor-version":[{"id":11055,"href":"https:\/\/newhometr.com\/store\/wp-json\/wp\/v2\/product\/11044\/revisions\/11055"}],"wp:featuredmedia":[{"embeddable":true,"href":"https:\/\/newhometr.com\/store\/wp-json\/wp\/v2\/media\/11045"}],"wp:attachment":[{"href":"https:\/\/newhometr.com\/store\/wp-json\/wp\/v2\/media?parent=11044"}],"wp:term":[{"taxonomy":"product_brand","embeddable":true,"href":"https:\/\/newhometr.com\/store\/wp-json\/wp\/v2\/product_brand?post=11044"},{"taxonomy":"product_cat","embeddable":true,"href":"https:\/\/newhometr.com\/store\/wp-json\/wp\/v2\/product_cat?post=11044"},{"taxonomy":"product_tag","embeddable":true,"href":"https:\/\/newhometr.com\/store\/wp-json\/wp\/v2\/product_tag?post=11044"}],"curies":[{"name":"wp","href":"https:\/\/api.w.org\/{rel}","templated":true}]}}