{"id":11031,"date":"2025-07-11T15:44:57","date_gmt":"2025-07-11T15:44:57","guid":{"rendered":"https:\/\/newhometr.com\/store\/?post_type=product&#038;p=11031"},"modified":"2025-07-11T16:10:05","modified_gmt":"2025-07-11T16:10:05","slug":"fenomastic-guzel-evim-mineral","status":"publish","type":"product","link":"https:\/\/newhometr.com\/store\/product\/fenomastic-guzel-evim-mineral\/","title":{"rendered":"Fenomastic G\u00fczel Evim Mineral"},"content":{"rendered":"<p>Jotun Fenomastic G\u00fczel Evim Mineral, basit f\u0131r\u00e7a darbeleriyle uygulan\u0131r; do\u011fal, mat ve yumu\u015fak bir g\u00f6r\u00fcn\u00fcm sunar. Br\u00fct beton g\u00f6r\u00fcn\u00fcm\u00fc sa\u011flayan gri tonlar\u0131n\u0131n yan\u0131 s\u0131ra farkl\u0131 renk alternatifleriyle duvarlarda benzersiz renk oyunlar\u0131 yarat\u0131r. Fenomastic G\u00fczel Evim Mineral\u2019in benzersiz renk oyunu ile do\u011fadan ilham alan mekanlar yaratmak \u00e7ok kolay! Basit f\u0131r\u00e7a darbeleriyle duvarlar\u0131n\u0131zda hayat bulan do\u011fal g\u00f6r\u00fcn\u00fcmle tam istedi\u011finiz gibi bir ortama sahip olabilirsiniz. Tek yapman\u0131z gereken hayalinizdeki atmosferi zihninizde canland\u0131rman\u0131z.<\/p>\n<p>Jotun Fenomastic G\u00fczel Evim Mineral Renk Kartelas\u0131<br \/>\n<a href=\"https:\/\/newhometr.com\/store\/wp-content\/uploads\/2025\/07\/jotun-en-guzel-renklerimiz-2.png\"><img decoding=\"async\" src=\"https:\/\/newhometr.com\/store\/wp-content\/uploads\/2025\/07\/jotun-en-guzel-renklerimiz-2-150x150.png\" alt=\"\" width=\"150\" height=\"150\" class=\"alignnone size-thumbnail wp-image-11037\"><\/a><\/p>\n","protected":false},"excerpt":{"rendered":"<p>Jotun Fenomastic G\u00fczel Evim Mineral, basit f\u0131r\u00e7a darbeleriyle uygulan\u0131r; do\u011fal, mat ve yumu\u015fak bir g\u00f6r\u00fcn\u00fcm sunar. Br\u00fct beton g\u00f6r\u00fcn\u00fcm\u00fc sa\u011flayan gri tonlar\u0131n\u0131n yan\u0131 s\u0131ra farkl\u0131 renk alternatifleriyle duvarlarda benzersiz renk oyunlar\u0131 yarat\u0131r. Fenomastic G\u00fczel Evim Mineral\u2019in benzersiz renk oyunu ile do\u011fadan ilham alan mekanlar yaratmak \u00e7ok kolay! Basit f\u0131r\u00e7a darbeleriyle duvarlar\u0131n\u0131zda hayat bulan do\u011fal g\u00f6r\u00fcn\u00fcmle &hellip; <a href=\"https:\/\/newhometr.com\/store\/product\/fenomastic-guzel-evim-mineral\/\" class=\"more-link\">Continue reading <span class=\"screen-reader-text\">Fenomastic G\u00fczel Evim Mineral<\/span><\/a><\/p>\n","protected":false},"featured_media":11032,"comment_status":"open","ping_status":"closed","template":"","meta":[],"product_brand":[515],"product_cat":[516,57],"product_tag":[],"class_list":{"0":"post-11031","1":"product","2":"type-product","3":"status-publish","4":"has-post-thumbnail","6":"product_brand-jotun","7":"product_cat-jotun","8":"product_cat-paint","9":"pa_size-1-lt","10":"pa_size-225-lt","13":"instock","14":"shipping-taxable","15":"purchasable","16":"product-type-variable"},"_links":{"self":[{"href":"https:\/\/newhometr.com\/store\/wp-json\/wp\/v2\/product\/11031","targetHints":{"allow":["GET"]}}],"collection":[{"href":"https:\/\/newhometr.com\/store\/wp-json\/wp\/v2\/product"}],"about":[{"href":"https:\/\/newhometr.com\/store\/wp-json\/wp\/v2\/types\/product"}],"replies":[{"embeddable":true,"href":"https:\/\/newhometr.com\/store\/wp-json\/wp\/v2\/comments?post=11031"}],"version-history":[{"count":3,"href":"https:\/\/newhometr.com\/store\/wp-json\/wp\/v2\/product\/11031\/revisions"}],"predecessor-version":[{"id":11041,"href":"https:\/\/newhometr.com\/store\/wp-json\/wp\/v2\/product\/11031\/revisions\/11041"}],"wp:featuredmedia":[{"embeddable":true,"href":"https:\/\/newhometr.com\/store\/wp-json\/wp\/v2\/media\/11032"}],"wp:attachment":[{"href":"https:\/\/newhometr.com\/store\/wp-json\/wp\/v2\/media?parent=11031"}],"wp:term":[{"taxonomy":"product_brand","embeddable":true,"href":"https:\/\/newhometr.com\/store\/wp-json\/wp\/v2\/product_brand?post=11031"},{"taxonomy":"product_cat","embeddable":true,"href":"https:\/\/newhometr.com\/store\/wp-json\/wp\/v2\/product_cat?post=11031"},{"taxonomy":"product_tag","embeddable":true,"href":"https:\/\/newhometr.com\/store\/wp-json\/wp\/v2\/product_tag?post=11031"}],"curies":[{"name":"wp","href":"https:\/\/api.w.org\/{rel}","templated":true}]}}