{"id":11022,"date":"2025-07-11T14:30:32","date_gmt":"2025-07-11T14:30:32","guid":{"rendered":"https:\/\/newhometr.com\/store\/?post_type=product&#038;p=11022"},"modified":"2025-07-11T14:38:20","modified_gmt":"2025-07-11T14:38:20","slug":"fenomastic-zen","status":"publish","type":"product","link":"https:\/\/newhometr.com\/store\/product\/fenomastic-zen\/","title":{"rendered":"Fenomastic Zen"},"content":{"rendered":"<p>Jotun Fenomastic Zen, \u00f6zel geli\u015ftirilen y\u00fczey teknolojisi sayesinde leke tutmaz. Y\u00fczeyde olu\u015fabilecek lekeler kolayca silinir, b\u00f6ylece duvarlar\u0131n\u0131z her g\u00fcn ilk g\u00fcnk\u00fc g\u00fczel g\u00f6r\u00fcn\u00fcm\u00fcn\u00fc korur. Antibakteriyel form\u00fcl\u00fc sayesinde k\u00fcf ve bakteri olu\u015fumunu engeller, size ve sevdiklerinize g\u00fcvenli ve sa\u011fl\u0131kl\u0131 bir ya\u015fam alan\u0131 sunar. Su bazl\u0131d\u0131r; koku problemi ya\u015famadan y\u0131l\u0131n her d\u00f6neminde evinizi \u00f6zg\u00fcrce renklendirebilirsiniz.<\/p>\n<p>Jotun Fenomastic Zen Renk Kartelas\u0131<br \/>\n<a href=\"https:\/\/newhometr.com\/store\/wp-content\/uploads\/2025\/07\/jotun-en-guzel-renklerimiz-1.png\"><img decoding=\"async\" src=\"https:\/\/newhometr.com\/store\/wp-content\/uploads\/2025\/07\/jotun-en-guzel-renklerimiz-1-150x150.png\" alt=\"\" width=\"150\" height=\"150\" class=\"alignnone size-thumbnail wp-image-11025\"><\/a><\/p>\n","protected":false},"excerpt":{"rendered":"<p>Jotun Fenomastic Zen, \u00f6zel geli\u015ftirilen y\u00fczey teknolojisi sayesinde leke tutmaz. Y\u00fczeyde olu\u015fabilecek lekeler kolayca silinir, b\u00f6ylece duvarlar\u0131n\u0131z her g\u00fcn ilk g\u00fcnk\u00fc g\u00fczel g\u00f6r\u00fcn\u00fcm\u00fcn\u00fc korur. Antibakteriyel form\u00fcl\u00fc sayesinde k\u00fcf ve bakteri olu\u015fumunu engeller, size ve sevdiklerinize g\u00fcvenli ve sa\u011fl\u0131kl\u0131 bir ya\u015fam alan\u0131 sunar. Su bazl\u0131d\u0131r; koku problemi ya\u015famadan y\u0131l\u0131n her d\u00f6neminde evinizi \u00f6zg\u00fcrce renklendirebilirsiniz. Jotun Fenomastic &hellip; <a href=\"https:\/\/newhometr.com\/store\/product\/fenomastic-zen\/\" class=\"more-link\">Continue reading <span class=\"screen-reader-text\">Fenomastic Zen<\/span><\/a><\/p>\n","protected":false},"featured_media":11023,"comment_status":"open","ping_status":"closed","template":"","meta":[],"product_brand":[515],"product_cat":[516,57],"product_tag":[],"class_list":{"0":"post-11022","1":"product","2":"type-product","3":"status-publish","4":"has-post-thumbnail","6":"product_brand-jotun","7":"product_cat-jotun","8":"product_cat-paint","9":"pa_size-1-lt","10":"pa_size-135-lt","11":"pa_size-225-lt","12":"pa_size-675-lt","15":"instock","16":"shipping-taxable","17":"purchasable","18":"product-type-variable"},"_links":{"self":[{"href":"https:\/\/newhometr.com\/store\/wp-json\/wp\/v2\/product\/11022","targetHints":{"allow":["GET"]}}],"collection":[{"href":"https:\/\/newhometr.com\/store\/wp-json\/wp\/v2\/product"}],"about":[{"href":"https:\/\/newhometr.com\/store\/wp-json\/wp\/v2\/types\/product"}],"replies":[{"embeddable":true,"href":"https:\/\/newhometr.com\/store\/wp-json\/wp\/v2\/comments?post=11022"}],"version-history":[{"count":1,"href":"https:\/\/newhometr.com\/store\/wp-json\/wp\/v2\/product\/11022\/revisions"}],"predecessor-version":[{"id":11026,"href":"https:\/\/newhometr.com\/store\/wp-json\/wp\/v2\/product\/11022\/revisions\/11026"}],"wp:featuredmedia":[{"embeddable":true,"href":"https:\/\/newhometr.com\/store\/wp-json\/wp\/v2\/media\/11023"}],"wp:attachment":[{"href":"https:\/\/newhometr.com\/store\/wp-json\/wp\/v2\/media?parent=11022"}],"wp:term":[{"taxonomy":"product_brand","embeddable":true,"href":"https:\/\/newhometr.com\/store\/wp-json\/wp\/v2\/product_brand?post=11022"},{"taxonomy":"product_cat","embeddable":true,"href":"https:\/\/newhometr.com\/store\/wp-json\/wp\/v2\/product_cat?post=11022"},{"taxonomy":"product_tag","embeddable":true,"href":"https:\/\/newhometr.com\/store\/wp-json\/wp\/v2\/product_tag?post=11022"}],"curies":[{"name":"wp","href":"https:\/\/api.w.org\/{rel}","templated":true}]}}