{"id":11005,"date":"2025-07-11T12:22:46","date_gmt":"2025-07-11T12:22:46","guid":{"rendered":"https:\/\/newhometr.com\/store\/?post_type=product&#038;p=11005"},"modified":"2025-07-11T14:31:02","modified_gmt":"2025-07-11T14:31:02","slug":"fenomastic-guzel-evim-zengin-mat","status":"publish","type":"product","link":"https:\/\/newhometr.com\/store\/product\/fenomastic-guzel-evim-zengin-mat\/","title":{"rendered":"Fenomastic G\u00fczel Evim Zengin Mat"},"content":{"rendered":"<p>Fenomastic G\u00fczel Evim Zengin Mat ile duvarlar\u0131n\u0131z\u0131n havas\u0131 de\u011fi\u015fecek. Boya ustalar\u0131m\u0131z\u0131n tavsiyesiyle \u00f6zel olarak \u00fcretildi. Bu sayede do\u011fal bir doku ve mat bir biti\u015f g\u00f6receksiniz. P\u00fcr\u00fczs\u00fcz bir g\u00f6r\u00fcn\u00fcm elde etmenizin en kolay yolunu hemen sat\u0131n al\u0131n. Su bazl\u0131 ve kokusuz boya olmas\u0131 sebebiyle boya yapmak art\u0131k \u00e7ok daha kolay.<\/p>\n<p>Jotun Fenomastic G\u00fczel Evim Zengin Mat Renk Kartelas\u0131<br \/>\n<a href=\"https:\/\/newhometr.com\/store\/wp-content\/uploads\/2025\/07\/jotun-en-guzel-renklerimiz.png\"><img decoding=\"async\" src=\"https:\/\/newhometr.com\/store\/wp-content\/uploads\/2025\/07\/jotun-en-guzel-renklerimiz-150x150.png\" alt=\"\" width=\"150\" height=\"150\" class=\"alignnone size-thumbnail wp-image-11017\"><\/a><\/p>\n","protected":false},"excerpt":{"rendered":"<p>Fenomastic G\u00fczel Evim Zengin Mat ile duvarlar\u0131n\u0131z\u0131n havas\u0131 de\u011fi\u015fecek. Boya ustalar\u0131m\u0131z\u0131n tavsiyesiyle \u00f6zel olarak \u00fcretildi. Bu sayede do\u011fal bir doku ve mat bir biti\u015f g\u00f6receksiniz. P\u00fcr\u00fczs\u00fcz bir g\u00f6r\u00fcn\u00fcm elde etmenizin en kolay yolunu hemen sat\u0131n al\u0131n. Su bazl\u0131 ve kokusuz boya olmas\u0131 sebebiyle boya yapmak art\u0131k \u00e7ok daha kolay. Jotun Fenomastic G\u00fczel Evim Zengin Mat &hellip; <a href=\"https:\/\/newhometr.com\/store\/product\/fenomastic-guzel-evim-zengin-mat\/\" class=\"more-link\">Continue reading <span class=\"screen-reader-text\">Fenomastic G\u00fczel Evim Zengin Mat<\/span><\/a><\/p>\n","protected":false},"featured_media":11006,"comment_status":"open","ping_status":"closed","template":"","meta":[],"product_brand":[515],"product_cat":[516,57],"product_tag":[],"class_list":{"0":"post-11005","1":"product","2":"type-product","3":"status-publish","4":"has-post-thumbnail","6":"product_brand-jotun","7":"product_cat-jotun","8":"product_cat-paint","9":"pa_size-1-lt","10":"pa_size-135-lt","11":"pa_size-225-lt","12":"pa_size-675-lt","15":"instock","16":"shipping-taxable","17":"purchasable","18":"product-type-variable"},"_links":{"self":[{"href":"https:\/\/newhometr.com\/store\/wp-json\/wp\/v2\/product\/11005","targetHints":{"allow":["GET"]}}],"collection":[{"href":"https:\/\/newhometr.com\/store\/wp-json\/wp\/v2\/product"}],"about":[{"href":"https:\/\/newhometr.com\/store\/wp-json\/wp\/v2\/types\/product"}],"replies":[{"embeddable":true,"href":"https:\/\/newhometr.com\/store\/wp-json\/wp\/v2\/comments?post=11005"}],"version-history":[{"count":6,"href":"https:\/\/newhometr.com\/store\/wp-json\/wp\/v2\/product\/11005\/revisions"}],"predecessor-version":[{"id":11021,"href":"https:\/\/newhometr.com\/store\/wp-json\/wp\/v2\/product\/11005\/revisions\/11021"}],"wp:featuredmedia":[{"embeddable":true,"href":"https:\/\/newhometr.com\/store\/wp-json\/wp\/v2\/media\/11006"}],"wp:attachment":[{"href":"https:\/\/newhometr.com\/store\/wp-json\/wp\/v2\/media?parent=11005"}],"wp:term":[{"taxonomy":"product_brand","embeddable":true,"href":"https:\/\/newhometr.com\/store\/wp-json\/wp\/v2\/product_brand?post=11005"},{"taxonomy":"product_cat","embeddable":true,"href":"https:\/\/newhometr.com\/store\/wp-json\/wp\/v2\/product_cat?post=11005"},{"taxonomy":"product_tag","embeddable":true,"href":"https:\/\/newhometr.com\/store\/wp-json\/wp\/v2\/product_tag?post=11005"}],"curies":[{"name":"wp","href":"https:\/\/api.w.org\/{rel}","templated":true}]}}