{"id":10999,"date":"2025-07-11T12:11:04","date_gmt":"2025-07-11T12:11:04","guid":{"rendered":"https:\/\/newhometr.com\/store\/?post_type=product&#038;p=10999"},"modified":"2025-07-11T12:11:08","modified_gmt":"2025-07-11T12:11:08","slug":"maximum","status":"publish","type":"product","link":"https:\/\/newhometr.com\/store\/product\/maximum\/","title":{"rendered":"Maximum"},"content":{"rendered":"<p>Akrilik kopolimer esasl\u0131, silikon katk\u0131l\u0131, su bazl\u0131, silinebilen, maksimum \u00f6rt\u00fcc\u00fcl\u00fck, maksimum metraj ve iyi yap\u0131\u015fma \u00f6zelli\u011fine sahip dekoratif i\u00e7 y\u00fczey, ipeksi dokulu, yar\u0131 mat duvar boyas\u0131d\u0131r.<\/p>\n","protected":false},"excerpt":{"rendered":"<p>Akrilik kopolimer esasl\u0131, silikon katk\u0131l\u0131, su bazl\u0131, silinebilen, maksimum \u00f6rt\u00fcc\u00fcl\u00fck, maksimum metraj ve iyi yap\u0131\u015fma \u00f6zelli\u011fine sahip dekoratif i\u00e7 y\u00fczey, ipeksi dokulu, yar\u0131 mat duvar boyas\u0131d\u0131r.<\/p>\n","protected":false},"featured_media":11000,"comment_status":"open","ping_status":"closed","template":"","meta":[],"product_brand":[],"product_cat":[497,57],"product_tag":[],"class_list":{"0":"post-10999","1":"product","2":"type-product","3":"status-publish","4":"has-post-thumbnail","6":"product_cat-marshall-boya","7":"product_cat-paint","8":"pa_size-15-l","9":"pa_size-25-l","10":"pa_size-75-l","13":"instock","14":"shipping-taxable","15":"purchasable","16":"product-type-variable"},"_links":{"self":[{"href":"https:\/\/newhometr.com\/store\/wp-json\/wp\/v2\/product\/10999","targetHints":{"allow":["GET"]}}],"collection":[{"href":"https:\/\/newhometr.com\/store\/wp-json\/wp\/v2\/product"}],"about":[{"href":"https:\/\/newhometr.com\/store\/wp-json\/wp\/v2\/types\/product"}],"replies":[{"embeddable":true,"href":"https:\/\/newhometr.com\/store\/wp-json\/wp\/v2\/comments?post=10999"}],"version-history":[{"count":1,"href":"https:\/\/newhometr.com\/store\/wp-json\/wp\/v2\/product\/10999\/revisions"}],"predecessor-version":[{"id":11004,"href":"https:\/\/newhometr.com\/store\/wp-json\/wp\/v2\/product\/10999\/revisions\/11004"}],"wp:featuredmedia":[{"embeddable":true,"href":"https:\/\/newhometr.com\/store\/wp-json\/wp\/v2\/media\/11000"}],"wp:attachment":[{"href":"https:\/\/newhometr.com\/store\/wp-json\/wp\/v2\/media?parent=10999"}],"wp:term":[{"taxonomy":"product_brand","embeddable":true,"href":"https:\/\/newhometr.com\/store\/wp-json\/wp\/v2\/product_brand?post=10999"},{"taxonomy":"product_cat","embeddable":true,"href":"https:\/\/newhometr.com\/store\/wp-json\/wp\/v2\/product_cat?post=10999"},{"taxonomy":"product_tag","embeddable":true,"href":"https:\/\/newhometr.com\/store\/wp-json\/wp\/v2\/product_tag?post=10999"}],"curies":[{"name":"wp","href":"https:\/\/api.w.org\/{rel}","templated":true}]}}