{"id":10973,"date":"2025-07-10T10:30:19","date_gmt":"2025-07-10T10:30:19","guid":{"rendered":"https:\/\/newhometr.com\/store\/?post_type=product&#038;p=10973"},"modified":"2025-07-10T10:33:30","modified_gmt":"2025-07-10T10:33:30","slug":"silikonlu-ozel-mat","status":"publish","type":"product","link":"https:\/\/newhometr.com\/store\/product\/silikonlu-ozel-mat\/","title":{"rendered":"Silikonlu \u00d6zel Mat"},"content":{"rendered":"<p>Su bazl\u0131, Silikonlu, \u00f6zel mat, silinebilir, rahats\u0131z edici kokusu olmayan, zamanla renk de\u011fi\u015fimi yapmayan, sararmayan, m\u00fckemmel kapama ve iyi yap\u0131\u015fma \u00f6zelli\u011fine sahip olan, uygulamas\u0131 kolay y\u00fcksek kaliteli i\u00e7 mekan duvar boyas\u0131d\u0131r.<br \/>\nM\u00fckemmel silinebilme \u00f6zelli\u011fi ve m\u00fckemmel matl\u0131k seviyesi ile \u00fcst\u00fcn kaliteye sahiptir.<\/p>\n","protected":false},"excerpt":{"rendered":"<p>Su bazl\u0131, Silikonlu, \u00f6zel mat, silinebilir, rahats\u0131z edici kokusu olmayan, zamanla renk de\u011fi\u015fimi yapmayan, sararmayan, m\u00fckemmel kapama ve iyi yap\u0131\u015fma \u00f6zelli\u011fine sahip olan, uygulamas\u0131 kolay y\u00fcksek kaliteli i\u00e7 mekan duvar boyas\u0131d\u0131r. M\u00fckemmel silinebilme \u00f6zelli\u011fi ve m\u00fckemmel matl\u0131k seviyesi ile \u00fcst\u00fcn kaliteye sahiptir.<\/p>\n","protected":false},"featured_media":10972,"comment_status":"open","ping_status":"closed","template":"","meta":[],"product_brand":[],"product_cat":[497,57],"product_tag":[],"class_list":{"0":"post-10973","1":"product","2":"type-product","3":"status-publish","4":"has-post-thumbnail","6":"product_cat-marshall-boya","7":"product_cat-paint","8":"pa_size-1-l","9":"pa_size-25-l","10":"pa_size-750-ml","13":"instock","14":"shipping-taxable","15":"purchasable","16":"product-type-variable"},"_links":{"self":[{"href":"https:\/\/newhometr.com\/store\/wp-json\/wp\/v2\/product\/10973","targetHints":{"allow":["GET"]}}],"collection":[{"href":"https:\/\/newhometr.com\/store\/wp-json\/wp\/v2\/product"}],"about":[{"href":"https:\/\/newhometr.com\/store\/wp-json\/wp\/v2\/types\/product"}],"replies":[{"embeddable":true,"href":"https:\/\/newhometr.com\/store\/wp-json\/wp\/v2\/comments?post=10973"}],"version-history":[{"count":1,"href":"https:\/\/newhometr.com\/store\/wp-json\/wp\/v2\/product\/10973\/revisions"}],"predecessor-version":[{"id":10977,"href":"https:\/\/newhometr.com\/store\/wp-json\/wp\/v2\/product\/10973\/revisions\/10977"}],"wp:featuredmedia":[{"embeddable":true,"href":"https:\/\/newhometr.com\/store\/wp-json\/wp\/v2\/media\/10972"}],"wp:attachment":[{"href":"https:\/\/newhometr.com\/store\/wp-json\/wp\/v2\/media?parent=10973"}],"wp:term":[{"taxonomy":"product_brand","embeddable":true,"href":"https:\/\/newhometr.com\/store\/wp-json\/wp\/v2\/product_brand?post=10973"},{"taxonomy":"product_cat","embeddable":true,"href":"https:\/\/newhometr.com\/store\/wp-json\/wp\/v2\/product_cat?post=10973"},{"taxonomy":"product_tag","embeddable":true,"href":"https:\/\/newhometr.com\/store\/wp-json\/wp\/v2\/product_tag?post=10973"}],"curies":[{"name":"wp","href":"https:\/\/api.w.org\/{rel}","templated":true}]}}