{"id":10965,"date":"2025-07-08T13:33:05","date_gmt":"2025-07-08T13:33:05","guid":{"rendered":"https:\/\/newhometr.com\/store\/?post_type=product&#038;p=10965"},"modified":"2025-07-08T13:33:07","modified_gmt":"2025-07-08T13:33:07","slug":"fit-plastik","status":"publish","type":"product","link":"https:\/\/newhometr.com\/store\/product\/fit-plastik\/","title":{"rendered":"Fit Plastik"},"content":{"rendered":"<p>Rahats\u0131z edici kokusu olmayan, sararmayan, y\u00fcksek kapama ve iyi yap\u0131\u015fma \u00f6zelli\u011fine sahip, ekonomik son kat mat i\u00e7 cephe boyas\u0131d\u0131r.<\/p>\n","protected":false},"excerpt":{"rendered":"<p>Rahats\u0131z edici kokusu olmayan, sararmayan, y\u00fcksek kapama ve iyi yap\u0131\u015fma \u00f6zelli\u011fine sahip, ekonomik son kat mat i\u00e7 cephe boyas\u0131d\u0131r.<\/p>\n","protected":false},"featured_media":10966,"comment_status":"open","ping_status":"closed","template":"","meta":[],"product_brand":[],"product_cat":[497,57],"product_tag":[],"class_list":{"0":"post-10965","1":"product","2":"type-product","3":"status-publish","4":"has-post-thumbnail","6":"product_cat-marshall-boya","7":"product_cat-paint","8":"pa_size-10-kg","9":"pa_size-20-kg","10":"pa_size-3-5-kg","13":"instock","14":"shipping-taxable","15":"purchasable","16":"product-type-variable"},"_links":{"self":[{"href":"https:\/\/newhometr.com\/store\/wp-json\/wp\/v2\/product\/10965","targetHints":{"allow":["GET"]}}],"collection":[{"href":"https:\/\/newhometr.com\/store\/wp-json\/wp\/v2\/product"}],"about":[{"href":"https:\/\/newhometr.com\/store\/wp-json\/wp\/v2\/types\/product"}],"replies":[{"embeddable":true,"href":"https:\/\/newhometr.com\/store\/wp-json\/wp\/v2\/comments?post=10965"}],"version-history":[{"count":1,"href":"https:\/\/newhometr.com\/store\/wp-json\/wp\/v2\/product\/10965\/revisions"}],"predecessor-version":[{"id":10970,"href":"https:\/\/newhometr.com\/store\/wp-json\/wp\/v2\/product\/10965\/revisions\/10970"}],"wp:featuredmedia":[{"embeddable":true,"href":"https:\/\/newhometr.com\/store\/wp-json\/wp\/v2\/media\/10966"}],"wp:attachment":[{"href":"https:\/\/newhometr.com\/store\/wp-json\/wp\/v2\/media?parent=10965"}],"wp:term":[{"taxonomy":"product_brand","embeddable":true,"href":"https:\/\/newhometr.com\/store\/wp-json\/wp\/v2\/product_brand?post=10965"},{"taxonomy":"product_cat","embeddable":true,"href":"https:\/\/newhometr.com\/store\/wp-json\/wp\/v2\/product_cat?post=10965"},{"taxonomy":"product_tag","embeddable":true,"href":"https:\/\/newhometr.com\/store\/wp-json\/wp\/v2\/product_tag?post=10965"}],"curies":[{"name":"wp","href":"https:\/\/api.w.org\/{rel}","templated":true}]}}