{"id":10953,"date":"2025-07-08T13:17:55","date_gmt":"2025-07-08T13:17:55","guid":{"rendered":"https:\/\/newhometr.com\/store\/?post_type=product&#038;p=10953"},"modified":"2025-07-08T13:18:55","modified_gmt":"2025-07-08T13:18:55","slug":"silikonlu-mat","status":"publish","type":"product","link":"https:\/\/newhometr.com\/store\/product\/silikonlu-mat\/","title":{"rendered":"Silikonlu Mat"},"content":{"rendered":"<p>Su Bazl\u0131, Rahats\u0131z edici kokusu olmayan, su emme \u00f6zelli\u011fi d\u00fc\u015f\u00fck, zamanla renk de\u011fi\u015fimi yapmayan, sararmayan, y\u00fcksek kapama ve iyi yap\u0131\u015fma \u00f6zelli\u011fine sahip, silinebilen son kat mat i\u00e7 cephe duvar boyas\u0131d\u0131r.<\/p>\n","protected":false},"excerpt":{"rendered":"<p>Su Bazl\u0131, Rahats\u0131z edici kokusu olmayan, su emme \u00f6zelli\u011fi d\u00fc\u015f\u00fck, zamanla renk de\u011fi\u015fimi yapmayan, sararmayan, y\u00fcksek kapama ve iyi yap\u0131\u015fma \u00f6zelli\u011fine sahip, silinebilen son kat mat i\u00e7 cephe duvar boyas\u0131d\u0131r.<\/p>\n","protected":false},"featured_media":10954,"comment_status":"open","ping_status":"closed","template":"","meta":[],"product_brand":[],"product_cat":[497,57],"product_tag":[],"class_list":{"0":"post-10953","1":"product","2":"type-product","3":"status-publish","4":"has-post-thumbnail","6":"product_cat-marshall-boya","7":"product_cat-paint","8":"pa_size-15-l","9":"pa_size-25-l","10":"pa_size-75-l","13":"instock","14":"shipping-taxable","15":"purchasable","16":"product-type-variable"},"_links":{"self":[{"href":"https:\/\/newhometr.com\/store\/wp-json\/wp\/v2\/product\/10953","targetHints":{"allow":["GET"]}}],"collection":[{"href":"https:\/\/newhometr.com\/store\/wp-json\/wp\/v2\/product"}],"about":[{"href":"https:\/\/newhometr.com\/store\/wp-json\/wp\/v2\/types\/product"}],"replies":[{"embeddable":true,"href":"https:\/\/newhometr.com\/store\/wp-json\/wp\/v2\/comments?post=10953"}],"version-history":[{"count":1,"href":"https:\/\/newhometr.com\/store\/wp-json\/wp\/v2\/product\/10953\/revisions"}],"predecessor-version":[{"id":10958,"href":"https:\/\/newhometr.com\/store\/wp-json\/wp\/v2\/product\/10953\/revisions\/10958"}],"wp:featuredmedia":[{"embeddable":true,"href":"https:\/\/newhometr.com\/store\/wp-json\/wp\/v2\/media\/10954"}],"wp:attachment":[{"href":"https:\/\/newhometr.com\/store\/wp-json\/wp\/v2\/media?parent=10953"}],"wp:term":[{"taxonomy":"product_brand","embeddable":true,"href":"https:\/\/newhometr.com\/store\/wp-json\/wp\/v2\/product_brand?post=10953"},{"taxonomy":"product_cat","embeddable":true,"href":"https:\/\/newhometr.com\/store\/wp-json\/wp\/v2\/product_cat?post=10953"},{"taxonomy":"product_tag","embeddable":true,"href":"https:\/\/newhometr.com\/store\/wp-json\/wp\/v2\/product_tag?post=10953"}],"curies":[{"name":"wp","href":"https:\/\/api.w.org\/{rel}","templated":true}]}}