{"id":10939,"date":"2025-07-08T13:08:10","date_gmt":"2025-07-08T13:08:10","guid":{"rendered":"https:\/\/newhometr.com\/store\/?post_type=product&#038;p=10939"},"modified":"2025-07-08T13:08:13","modified_gmt":"2025-07-08T13:08:13","slug":"sil-pak","status":"publish","type":"product","link":"https:\/\/newhometr.com\/store\/product\/sil-pak\/","title":{"rendered":"S\u0130L-PAK"},"content":{"rendered":"<p>Su bazl\u0131, y\u00fcksek \u00f6rt\u00fcc\u00fcl\u00fc\u011fe sahip ,\u00fcst\u00fcn yay\u0131lma g\u00fcc\u00fc sayesinde rahat uygulanan, silikonlu ve yar\u0131 parlak g\u00f6r\u00fcn\u00fcml\u00fc i\u00e7 cephe boyas\u0131d\u0131r. Marshall Sil-Pak, devrim niteli\u011finde leke tutmayan teknolojisi ile su bazl\u0131 silikonlu i\u00e7 cephe boyas\u0131d\u0131r.<\/p>\n","protected":false},"excerpt":{"rendered":"<p>Su bazl\u0131, y\u00fcksek \u00f6rt\u00fcc\u00fcl\u00fc\u011fe sahip ,\u00fcst\u00fcn yay\u0131lma g\u00fcc\u00fc sayesinde rahat uygulanan, silikonlu ve yar\u0131 parlak g\u00f6r\u00fcn\u00fcml\u00fc i\u00e7 cephe boyas\u0131d\u0131r. Marshall Sil-Pak, devrim niteli\u011finde leke tutmayan teknolojisi ile su bazl\u0131 silikonlu i\u00e7 cephe boyas\u0131d\u0131r.<\/p>\n","protected":false},"featured_media":10940,"comment_status":"open","ping_status":"closed","template":"","meta":[],"product_brand":[],"product_cat":[497,57],"product_tag":[],"class_list":{"0":"post-10939","1":"product","2":"type-product","3":"status-publish","4":"has-post-thumbnail","6":"product_cat-marshall-boya","7":"product_cat-paint","8":"pa_size-15-l","9":"pa_size-25-l","10":"pa_size-75-l","13":"instock","14":"shipping-taxable","15":"purchasable","16":"product-type-variable"},"_links":{"self":[{"href":"https:\/\/newhometr.com\/store\/wp-json\/wp\/v2\/product\/10939","targetHints":{"allow":["GET"]}}],"collection":[{"href":"https:\/\/newhometr.com\/store\/wp-json\/wp\/v2\/product"}],"about":[{"href":"https:\/\/newhometr.com\/store\/wp-json\/wp\/v2\/types\/product"}],"replies":[{"embeddable":true,"href":"https:\/\/newhometr.com\/store\/wp-json\/wp\/v2\/comments?post=10939"}],"version-history":[{"count":2,"href":"https:\/\/newhometr.com\/store\/wp-json\/wp\/v2\/product\/10939\/revisions"}],"predecessor-version":[{"id":10945,"href":"https:\/\/newhometr.com\/store\/wp-json\/wp\/v2\/product\/10939\/revisions\/10945"}],"wp:featuredmedia":[{"embeddable":true,"href":"https:\/\/newhometr.com\/store\/wp-json\/wp\/v2\/media\/10940"}],"wp:attachment":[{"href":"https:\/\/newhometr.com\/store\/wp-json\/wp\/v2\/media?parent=10939"}],"wp:term":[{"taxonomy":"product_brand","embeddable":true,"href":"https:\/\/newhometr.com\/store\/wp-json\/wp\/v2\/product_brand?post=10939"},{"taxonomy":"product_cat","embeddable":true,"href":"https:\/\/newhometr.com\/store\/wp-json\/wp\/v2\/product_cat?post=10939"},{"taxonomy":"product_tag","embeddable":true,"href":"https:\/\/newhometr.com\/store\/wp-json\/wp\/v2\/product_tag?post=10939"}],"curies":[{"name":"wp","href":"https:\/\/api.w.org\/{rel}","templated":true}]}}