{"id":10931,"date":"2025-07-08T12:55:16","date_gmt":"2025-07-08T12:55:16","guid":{"rendered":"https:\/\/newhometr.com\/store\/?post_type=product&#038;p=10931"},"modified":"2025-07-10T16:39:53","modified_gmt":"2025-07-10T16:39:53","slug":"gecis-astari","status":"publish","type":"product","link":"https:\/\/newhometr.com\/store\/product\/gecis-astari\/","title":{"rendered":"Ge\u00e7i\u015f Astar\u0131"},"content":{"rendered":"<p>Su ile inceltilebilen, rahats\u0131z edici kokusu olmayan \u00f6rt\u00fcc\u00fc astard\u0131r. \u0130\u00e7 mek\u00e2nlarda su veya solvent bazl\u0131 son kat boyalar\u0131n alt\u0131nda, \u00f6zellikle solvent bazl\u0131<br \/>\nboya \u00fczerine su bazl\u0131 boya uygulamalar\u0131nda kullan\u0131l\u0131r. Uyguland\u0131\u011f\u0131 y\u00fczeyde emicili\u011fi azalt\u0131r ve son kat\u0131n kapamas\u0131n\u0131 g\u00fc\u00e7lendirir. Son kata d\u00fczg\u00fcn<br \/>\ndayan\u0131kl\u0131 alt y\u00fczey haz\u0131rlanmas\u0131n\u0131 sa\u011flar, son kat sarfiyat\u0131n\u0131 azalt\u0131r.<\/p>\n","protected":false},"excerpt":{"rendered":"<p>Su ile inceltilebilen, rahats\u0131z edici kokusu olmayan \u00f6rt\u00fcc\u00fc astard\u0131r. \u0130\u00e7 mek\u00e2nlarda su veya solvent bazl\u0131 son kat boyalar\u0131n alt\u0131nda, \u00f6zellikle solvent bazl\u0131 boya \u00fczerine su bazl\u0131 boya uygulamalar\u0131nda kullan\u0131l\u0131r. Uyguland\u0131\u011f\u0131 y\u00fczeyde emicili\u011fi azalt\u0131r ve son kat\u0131n kapamas\u0131n\u0131 g\u00fc\u00e7lendirir. Son kata d\u00fczg\u00fcn dayan\u0131kl\u0131 alt y\u00fczey haz\u0131rlanmas\u0131n\u0131 sa\u011flar, son kat sarfiyat\u0131n\u0131 azalt\u0131r.<\/p>\n","protected":false},"featured_media":10997,"comment_status":"open","ping_status":"closed","template":"","meta":[],"product_brand":[],"product_cat":[497,57],"product_tag":[],"class_list":{"0":"post-10931","1":"product","2":"type-product","3":"status-publish","4":"has-post-thumbnail","6":"product_cat-marshall-boya","7":"product_cat-paint","8":"pa_size-15-l","9":"pa_size-25-l","10":"pa_size-75-l","13":"instock","14":"shipping-taxable","15":"purchasable","16":"product-type-variable"},"_links":{"self":[{"href":"https:\/\/newhometr.com\/store\/wp-json\/wp\/v2\/product\/10931","targetHints":{"allow":["GET"]}}],"collection":[{"href":"https:\/\/newhometr.com\/store\/wp-json\/wp\/v2\/product"}],"about":[{"href":"https:\/\/newhometr.com\/store\/wp-json\/wp\/v2\/types\/product"}],"replies":[{"embeddable":true,"href":"https:\/\/newhometr.com\/store\/wp-json\/wp\/v2\/comments?post=10931"}],"version-history":[{"count":1,"href":"https:\/\/newhometr.com\/store\/wp-json\/wp\/v2\/product\/10931\/revisions"}],"predecessor-version":[{"id":10938,"href":"https:\/\/newhometr.com\/store\/wp-json\/wp\/v2\/product\/10931\/revisions\/10938"}],"wp:featuredmedia":[{"embeddable":true,"href":"https:\/\/newhometr.com\/store\/wp-json\/wp\/v2\/media\/10997"}],"wp:attachment":[{"href":"https:\/\/newhometr.com\/store\/wp-json\/wp\/v2\/media?parent=10931"}],"wp:term":[{"taxonomy":"product_brand","embeddable":true,"href":"https:\/\/newhometr.com\/store\/wp-json\/wp\/v2\/product_brand?post=10931"},{"taxonomy":"product_cat","embeddable":true,"href":"https:\/\/newhometr.com\/store\/wp-json\/wp\/v2\/product_cat?post=10931"},{"taxonomy":"product_tag","embeddable":true,"href":"https:\/\/newhometr.com\/store\/wp-json\/wp\/v2\/product_tag?post=10931"}],"curies":[{"name":"wp","href":"https:\/\/api.w.org\/{rel}","templated":true}]}}