{"id":10925,"date":"2025-07-08T12:28:26","date_gmt":"2025-07-08T12:28:26","guid":{"rendered":"https:\/\/newhometr.com\/store\/?post_type=product&#038;p=10925"},"modified":"2025-07-08T12:28:27","modified_gmt":"2025-07-08T12:28:27","slug":"fit-sentetik-astar","status":"publish","type":"product","link":"https:\/\/newhometr.com\/store\/product\/fit-sentetik-astar\/","title":{"rendered":"Fit Sentetik Astar"},"content":{"rendered":"<p>&#8220;Solvent Bazl\u0131, Konvansiyonel s\u0131va, br\u00fct beton, ah\u015fap, sunta, metal,<br \/>\ns\u0131va vb. yap\u0131 elemanlar\u0131nda astar olarak kullan\u0131l\u0131r.&#8221;<\/p>\n","protected":false},"excerpt":{"rendered":"<p>&#8220;Solvent Bazl\u0131, Konvansiyonel s\u0131va, br\u00fct beton, ah\u015fap, sunta, metal, s\u0131va vb. yap\u0131 elemanlar\u0131nda astar olarak kullan\u0131l\u0131r.&#8221;<\/p>\n","protected":false},"featured_media":10929,"comment_status":"open","ping_status":"closed","template":"","meta":[],"product_brand":[],"product_cat":[497,57],"product_tag":[],"class_list":{"0":"post-10925","1":"product","2":"type-product","3":"status-publish","4":"has-post-thumbnail","6":"product_cat-marshall-boya","7":"product_cat-paint","8":"pa_size-1-kg","9":"pa_size-18-kg","10":"pa_size-3-kg","13":"instock","14":"shipping-taxable","15":"purchasable","16":"product-type-variable"},"_links":{"self":[{"href":"https:\/\/newhometr.com\/store\/wp-json\/wp\/v2\/product\/10925","targetHints":{"allow":["GET"]}}],"collection":[{"href":"https:\/\/newhometr.com\/store\/wp-json\/wp\/v2\/product"}],"about":[{"href":"https:\/\/newhometr.com\/store\/wp-json\/wp\/v2\/types\/product"}],"replies":[{"embeddable":true,"href":"https:\/\/newhometr.com\/store\/wp-json\/wp\/v2\/comments?post=10925"}],"version-history":[{"count":1,"href":"https:\/\/newhometr.com\/store\/wp-json\/wp\/v2\/product\/10925\/revisions"}],"predecessor-version":[{"id":10930,"href":"https:\/\/newhometr.com\/store\/wp-json\/wp\/v2\/product\/10925\/revisions\/10930"}],"wp:featuredmedia":[{"embeddable":true,"href":"https:\/\/newhometr.com\/store\/wp-json\/wp\/v2\/media\/10929"}],"wp:attachment":[{"href":"https:\/\/newhometr.com\/store\/wp-json\/wp\/v2\/media?parent=10925"}],"wp:term":[{"taxonomy":"product_brand","embeddable":true,"href":"https:\/\/newhometr.com\/store\/wp-json\/wp\/v2\/product_brand?post=10925"},{"taxonomy":"product_cat","embeddable":true,"href":"https:\/\/newhometr.com\/store\/wp-json\/wp\/v2\/product_cat?post=10925"},{"taxonomy":"product_tag","embeddable":true,"href":"https:\/\/newhometr.com\/store\/wp-json\/wp\/v2\/product_tag?post=10925"}],"curies":[{"name":"wp","href":"https:\/\/api.w.org\/{rel}","templated":true}]}}