{"id":10920,"date":"2025-07-08T11:08:56","date_gmt":"2025-07-08T11:08:56","guid":{"rendered":"https:\/\/newhometr.com\/store\/?post_type=product&#038;p=10920"},"modified":"2025-07-08T11:08:58","modified_gmt":"2025-07-08T11:08:58","slug":"enamel-antipas","status":"publish","type":"product","link":"https:\/\/newhometr.com\/store\/product\/enamel-antipas\/","title":{"rendered":"Enamel Antipas"},"content":{"rendered":"<p>Solvent Bazl\u0131, metal y\u00fczeyde korozyonu \u00f6nleyici astar olarak kullan\u0131l\u0131r.<\/p>\n","protected":false},"excerpt":{"rendered":"<p>Solvent Bazl\u0131, metal y\u00fczeyde korozyonu \u00f6nleyici astar olarak kullan\u0131l\u0131r.<\/p>\n","protected":false},"featured_media":10916,"comment_status":"open","ping_status":"closed","template":"","meta":[],"product_brand":[],"product_cat":[497,57],"product_tag":[],"class_list":{"0":"post-10920","1":"product","2":"type-product","3":"status-publish","4":"has-post-thumbnail","6":"product_cat-marshall-boya","7":"product_cat-paint","8":"pa_size-15-l","9":"pa_size-25-l","10":"pa_size-750-ml","13":"instock","14":"shipping-taxable","15":"purchasable","16":"product-type-variable"},"_links":{"self":[{"href":"https:\/\/newhometr.com\/store\/wp-json\/wp\/v2\/product\/10920","targetHints":{"allow":["GET"]}}],"collection":[{"href":"https:\/\/newhometr.com\/store\/wp-json\/wp\/v2\/product"}],"about":[{"href":"https:\/\/newhometr.com\/store\/wp-json\/wp\/v2\/types\/product"}],"replies":[{"embeddable":true,"href":"https:\/\/newhometr.com\/store\/wp-json\/wp\/v2\/comments?post=10920"}],"version-history":[{"count":1,"href":"https:\/\/newhometr.com\/store\/wp-json\/wp\/v2\/product\/10920\/revisions"}],"predecessor-version":[{"id":10924,"href":"https:\/\/newhometr.com\/store\/wp-json\/wp\/v2\/product\/10920\/revisions\/10924"}],"wp:featuredmedia":[{"embeddable":true,"href":"https:\/\/newhometr.com\/store\/wp-json\/wp\/v2\/media\/10916"}],"wp:attachment":[{"href":"https:\/\/newhometr.com\/store\/wp-json\/wp\/v2\/media?parent=10920"}],"wp:term":[{"taxonomy":"product_brand","embeddable":true,"href":"https:\/\/newhometr.com\/store\/wp-json\/wp\/v2\/product_brand?post=10920"},{"taxonomy":"product_cat","embeddable":true,"href":"https:\/\/newhometr.com\/store\/wp-json\/wp\/v2\/product_cat?post=10920"},{"taxonomy":"product_tag","embeddable":true,"href":"https:\/\/newhometr.com\/store\/wp-json\/wp\/v2\/product_tag?post=10920"}],"curies":[{"name":"wp","href":"https:\/\/api.w.org\/{rel}","templated":true}]}}