{"id":10907,"date":"2025-07-07T13:42:38","date_gmt":"2025-07-07T13:42:38","guid":{"rendered":"https:\/\/newhometr.com\/store\/?post_type=product&#038;p=10907"},"modified":"2025-07-07T13:42:40","modified_gmt":"2025-07-07T13:42:40","slug":"macun-ic-cephe","status":"publish","type":"product","link":"https:\/\/newhometr.com\/store\/product\/macun-ic-cephe\/","title":{"rendered":"Macun \u0130\u00e7 Cephe"},"content":{"rendered":"<p>Akrilik esasl\u0131,su bazl\u0131, i\u00e7 cephe y\u00fczey d\u00fczeltme macunudur.<\/p>\n","protected":false},"excerpt":{"rendered":"<p>Akrilik esasl\u0131,su bazl\u0131, i\u00e7 cephe y\u00fczey d\u00fczeltme macunudur.<\/p>\n","protected":false},"featured_media":10908,"comment_status":"open","ping_status":"closed","template":"","meta":[],"product_brand":[],"product_cat":[497,57],"product_tag":[],"class_list":{"0":"post-10907","1":"product","2":"type-product","3":"status-publish","4":"has-post-thumbnail","6":"product_cat-marshall-boya","7":"product_cat-paint","8":"pa_size-25-kg","9":"pa_size-45-kg","12":"instock","13":"shipping-taxable","14":"purchasable","15":"product-type-variable"},"_links":{"self":[{"href":"https:\/\/newhometr.com\/store\/wp-json\/wp\/v2\/product\/10907","targetHints":{"allow":["GET"]}}],"collection":[{"href":"https:\/\/newhometr.com\/store\/wp-json\/wp\/v2\/product"}],"about":[{"href":"https:\/\/newhometr.com\/store\/wp-json\/wp\/v2\/types\/product"}],"replies":[{"embeddable":true,"href":"https:\/\/newhometr.com\/store\/wp-json\/wp\/v2\/comments?post=10907"}],"version-history":[{"count":2,"href":"https:\/\/newhometr.com\/store\/wp-json\/wp\/v2\/product\/10907\/revisions"}],"predecessor-version":[{"id":10912,"href":"https:\/\/newhometr.com\/store\/wp-json\/wp\/v2\/product\/10907\/revisions\/10912"}],"wp:featuredmedia":[{"embeddable":true,"href":"https:\/\/newhometr.com\/store\/wp-json\/wp\/v2\/media\/10908"}],"wp:attachment":[{"href":"https:\/\/newhometr.com\/store\/wp-json\/wp\/v2\/media?parent=10907"}],"wp:term":[{"taxonomy":"product_brand","embeddable":true,"href":"https:\/\/newhometr.com\/store\/wp-json\/wp\/v2\/product_brand?post=10907"},{"taxonomy":"product_cat","embeddable":true,"href":"https:\/\/newhometr.com\/store\/wp-json\/wp\/v2\/product_cat?post=10907"},{"taxonomy":"product_tag","embeddable":true,"href":"https:\/\/newhometr.com\/store\/wp-json\/wp\/v2\/product_tag?post=10907"}],"curies":[{"name":"wp","href":"https:\/\/api.w.org\/{rel}","templated":true}]}}