{"id":10899,"date":"2025-07-07T12:49:55","date_gmt":"2025-07-07T12:49:55","guid":{"rendered":"https:\/\/newhometr.com\/store\/?post_type=product&#038;p=10899"},"modified":"2025-07-07T12:49:57","modified_gmt":"2025-07-07T12:49:57","slug":"pastel-yari-mat","status":"publish","type":"product","link":"https:\/\/newhometr.com\/store\/product\/pastel-yari-mat\/","title":{"rendered":"Pastel Yar\u0131 Mat"},"content":{"rendered":"<p>Solvent Bazl\u0131, Y\u00fcksek kaliteli, i\u00e7 ve d\u0131\u015fta beton, ah\u015fap, metal, al\u00e7\u0131, s\u0131va vb yap\u0131 malzemelerinde uygun macun ve astarlardan sonra kullan\u0131labilen, \u00fcst\u00fcn kapama, y\u00fcksek yap\u0131\u015fma, iyi yay\u0131lma \u00f6zelli\u011finde soft, elastiki, silinebilen, yar\u0131 mat g\u00f6r\u00fcn\u00fcml\u00fc dekoratif ve koruyucu son kat boyas\u0131d\u0131r.<\/p>\n","protected":false},"excerpt":{"rendered":"<p>Solvent Bazl\u0131, Y\u00fcksek kaliteli, i\u00e7 ve d\u0131\u015fta beton, ah\u015fap, metal, al\u00e7\u0131, s\u0131va vb yap\u0131 malzemelerinde uygun macun ve astarlardan sonra kullan\u0131labilen, \u00fcst\u00fcn kapama, y\u00fcksek yap\u0131\u015fma, iyi yay\u0131lma \u00f6zelli\u011finde soft, elastiki, silinebilen, yar\u0131 mat g\u00f6r\u00fcn\u00fcml\u00fc dekoratif ve koruyucu son kat boyas\u0131d\u0131r.<\/p>\n","protected":false},"featured_media":10905,"comment_status":"open","ping_status":"closed","template":"","meta":[],"product_brand":[],"product_cat":[497,57],"product_tag":[],"class_list":{"0":"post-10899","1":"product","2":"type-product","3":"status-publish","4":"has-post-thumbnail","6":"product_cat-marshall-boya","7":"product_cat-paint","8":"pa_size-1-l","9":"pa_size-15-l","10":"pa_size-25-l","11":"pa_size-75-l","14":"instock","15":"shipping-taxable","16":"purchasable","17":"product-type-variable"},"_links":{"self":[{"href":"https:\/\/newhometr.com\/store\/wp-json\/wp\/v2\/product\/10899","targetHints":{"allow":["GET"]}}],"collection":[{"href":"https:\/\/newhometr.com\/store\/wp-json\/wp\/v2\/product"}],"about":[{"href":"https:\/\/newhometr.com\/store\/wp-json\/wp\/v2\/types\/product"}],"replies":[{"embeddable":true,"href":"https:\/\/newhometr.com\/store\/wp-json\/wp\/v2\/comments?post=10899"}],"version-history":[{"count":1,"href":"https:\/\/newhometr.com\/store\/wp-json\/wp\/v2\/product\/10899\/revisions"}],"predecessor-version":[{"id":10906,"href":"https:\/\/newhometr.com\/store\/wp-json\/wp\/v2\/product\/10899\/revisions\/10906"}],"wp:featuredmedia":[{"embeddable":true,"href":"https:\/\/newhometr.com\/store\/wp-json\/wp\/v2\/media\/10905"}],"wp:attachment":[{"href":"https:\/\/newhometr.com\/store\/wp-json\/wp\/v2\/media?parent=10899"}],"wp:term":[{"taxonomy":"product_brand","embeddable":true,"href":"https:\/\/newhometr.com\/store\/wp-json\/wp\/v2\/product_brand?post=10899"},{"taxonomy":"product_cat","embeddable":true,"href":"https:\/\/newhometr.com\/store\/wp-json\/wp\/v2\/product_cat?post=10899"},{"taxonomy":"product_tag","embeddable":true,"href":"https:\/\/newhometr.com\/store\/wp-json\/wp\/v2\/product_tag?post=10899"}],"curies":[{"name":"wp","href":"https:\/\/api.w.org\/{rel}","templated":true}]}}