{"id":10885,"date":"2025-07-06T17:26:17","date_gmt":"2025-07-06T17:26:17","guid":{"rendered":"https:\/\/newhometr.com\/store\/?post_type=product&#038;p=10885"},"modified":"2025-07-06T17:30:20","modified_gmt":"2025-07-06T17:30:20","slug":"akrikor-silikonluakrilik","status":"publish","type":"product","link":"https:\/\/newhometr.com\/store\/product\/akrikor-silikonluakrilik\/","title":{"rendered":"Akrikor Silikonlu+Akrilik"},"content":{"rendered":"<p>Konvansiyonel s\u0131va, beton, br\u00fct beton, sunta, gaz beton, tu\u011fla vb., ayr\u0131ca eski boyal\u0131 y\u00fczeylerde dekoratif olarak g\u00fcvenle kullan\u0131l\u0131r.<\/p>\n","protected":false},"excerpt":{"rendered":"<p>Konvansiyonel s\u0131va, beton, br\u00fct beton, sunta, gaz beton, tu\u011fla vb., ayr\u0131ca eski boyal\u0131 y\u00fczeylerde dekoratif olarak g\u00fcvenle kullan\u0131l\u0131r.<\/p>\n","protected":false},"featured_media":10884,"comment_status":"open","ping_status":"closed","template":"","meta":[],"product_brand":[],"product_cat":[497,57],"product_tag":[],"class_list":{"0":"post-10885","1":"product","2":"type-product","3":"status-publish","4":"has-post-thumbnail","6":"product_cat-marshall-boya","7":"product_cat-paint","8":"pa_size-15-l","9":"pa_size-25-l","10":"pa_size-75-l","13":"instock","14":"shipping-taxable","15":"purchasable","16":"product-type-variable"},"_links":{"self":[{"href":"https:\/\/newhometr.com\/store\/wp-json\/wp\/v2\/product\/10885","targetHints":{"allow":["GET"]}}],"collection":[{"href":"https:\/\/newhometr.com\/store\/wp-json\/wp\/v2\/product"}],"about":[{"href":"https:\/\/newhometr.com\/store\/wp-json\/wp\/v2\/types\/product"}],"replies":[{"embeddable":true,"href":"https:\/\/newhometr.com\/store\/wp-json\/wp\/v2\/comments?post=10885"}],"version-history":[{"count":2,"href":"https:\/\/newhometr.com\/store\/wp-json\/wp\/v2\/product\/10885\/revisions"}],"predecessor-version":[{"id":10890,"href":"https:\/\/newhometr.com\/store\/wp-json\/wp\/v2\/product\/10885\/revisions\/10890"}],"wp:featuredmedia":[{"embeddable":true,"href":"https:\/\/newhometr.com\/store\/wp-json\/wp\/v2\/media\/10884"}],"wp:attachment":[{"href":"https:\/\/newhometr.com\/store\/wp-json\/wp\/v2\/media?parent=10885"}],"wp:term":[{"taxonomy":"product_brand","embeddable":true,"href":"https:\/\/newhometr.com\/store\/wp-json\/wp\/v2\/product_brand?post=10885"},{"taxonomy":"product_cat","embeddable":true,"href":"https:\/\/newhometr.com\/store\/wp-json\/wp\/v2\/product_cat?post=10885"},{"taxonomy":"product_tag","embeddable":true,"href":"https:\/\/newhometr.com\/store\/wp-json\/wp\/v2\/product_tag?post=10885"}],"curies":[{"name":"wp","href":"https:\/\/api.w.org\/{rel}","templated":true}]}}