{"id":10878,"date":"2025-07-06T17:16:15","date_gmt":"2025-07-06T17:16:15","guid":{"rendered":"https:\/\/newhometr.com\/store\/?post_type=product&#038;p=10878"},"modified":"2025-07-06T17:16:17","modified_gmt":"2025-07-06T17:16:17","slug":"macun-dis-cephe","status":"publish","type":"product","link":"https:\/\/newhometr.com\/store\/product\/macun-dis-cephe\/","title":{"rendered":"Macun D\u0131\u015f Cephe"},"content":{"rendered":"<p>Akrilik esasl\u0131, d\u0131\u015f cephe y\u00fczey d\u00fczeltme macunudur.<\/p>\n","protected":false},"excerpt":{"rendered":"<p>Akrilik esasl\u0131, d\u0131\u015f cephe y\u00fczey d\u00fczeltme macunudur.<\/p>\n","protected":false},"featured_media":10881,"comment_status":"open","ping_status":"closed","template":"","meta":[],"product_brand":[],"product_cat":[497,57],"product_tag":[],"class_list":{"0":"post-10878","1":"product","2":"type-product","3":"status-publish","4":"has-post-thumbnail","6":"product_cat-marshall-boya","7":"product_cat-paint","8":"pa_size-25-kg","9":"pa_size-45-kg","12":"instock","13":"shipping-taxable","14":"purchasable","15":"product-type-variable"},"_links":{"self":[{"href":"https:\/\/newhometr.com\/store\/wp-json\/wp\/v2\/product\/10878","targetHints":{"allow":["GET"]}}],"collection":[{"href":"https:\/\/newhometr.com\/store\/wp-json\/wp\/v2\/product"}],"about":[{"href":"https:\/\/newhometr.com\/store\/wp-json\/wp\/v2\/types\/product"}],"replies":[{"embeddable":true,"href":"https:\/\/newhometr.com\/store\/wp-json\/wp\/v2\/comments?post=10878"}],"version-history":[{"count":1,"href":"https:\/\/newhometr.com\/store\/wp-json\/wp\/v2\/product\/10878\/revisions"}],"predecessor-version":[{"id":10882,"href":"https:\/\/newhometr.com\/store\/wp-json\/wp\/v2\/product\/10878\/revisions\/10882"}],"wp:featuredmedia":[{"embeddable":true,"href":"https:\/\/newhometr.com\/store\/wp-json\/wp\/v2\/media\/10881"}],"wp:attachment":[{"href":"https:\/\/newhometr.com\/store\/wp-json\/wp\/v2\/media?parent=10878"}],"wp:term":[{"taxonomy":"product_brand","embeddable":true,"href":"https:\/\/newhometr.com\/store\/wp-json\/wp\/v2\/product_brand?post=10878"},{"taxonomy":"product_cat","embeddable":true,"href":"https:\/\/newhometr.com\/store\/wp-json\/wp\/v2\/product_cat?post=10878"},{"taxonomy":"product_tag","embeddable":true,"href":"https:\/\/newhometr.com\/store\/wp-json\/wp\/v2\/product_tag?post=10878"}],"curies":[{"name":"wp","href":"https:\/\/api.w.org\/{rel}","templated":true}]}}