{"id":10871,"date":"2025-07-06T17:06:02","date_gmt":"2025-07-06T17:06:02","guid":{"rendered":"https:\/\/newhometr.com\/store\/?post_type=product&#038;p=10871"},"modified":"2025-07-06T17:06:03","modified_gmt":"2025-07-06T17:06:03","slug":"akrikor-silikonlu-astar","status":"publish","type":"product","link":"https:\/\/newhometr.com\/store\/product\/akrikor-silikonlu-astar\/","title":{"rendered":"Akrikor Silikonlu Astar"},"content":{"rendered":"<p>Su Bazl\u0131, Silikonlu, S\u0131va, br\u00fct beton, sunta, gaz beton, tu\u011fla ve betopan v.b yap\u0131 elemanlar\u0131nda son kat boya performans\u0131n\u0131 tamamlamak, yap\u0131\u015fmay\u0131 maximize etmek, \u00fcst kat sarfiyat\u0131n\u0131 azaltmak amac\u0131yla kullan\u0131lan \u015feffaf D\u0131\u015f Cephe Astar\u0131d\u0131r.<\/p>\n","protected":false},"excerpt":{"rendered":"<p>Su Bazl\u0131, Silikonlu, S\u0131va, br\u00fct beton, sunta, gaz beton, tu\u011fla ve betopan v.b yap\u0131 elemanlar\u0131nda son kat boya performans\u0131n\u0131 tamamlamak, yap\u0131\u015fmay\u0131 maximize etmek, \u00fcst kat sarfiyat\u0131n\u0131 azaltmak amac\u0131yla kullan\u0131lan \u015feffaf D\u0131\u015f Cephe Astar\u0131d\u0131r.<\/p>\n","protected":false},"featured_media":10872,"comment_status":"open","ping_status":"closed","template":"","meta":[],"product_brand":[],"product_cat":[497,57],"product_tag":[],"class_list":{"0":"post-10871","1":"product","2":"type-product","3":"status-publish","4":"has-post-thumbnail","6":"product_cat-marshall-boya","7":"product_cat-paint","8":"pa_size-125-l","9":"pa_size-4-l","12":"instock","13":"shipping-taxable","14":"purchasable","15":"product-type-variable"},"_links":{"self":[{"href":"https:\/\/newhometr.com\/store\/wp-json\/wp\/v2\/product\/10871","targetHints":{"allow":["GET"]}}],"collection":[{"href":"https:\/\/newhometr.com\/store\/wp-json\/wp\/v2\/product"}],"about":[{"href":"https:\/\/newhometr.com\/store\/wp-json\/wp\/v2\/types\/product"}],"replies":[{"embeddable":true,"href":"https:\/\/newhometr.com\/store\/wp-json\/wp\/v2\/comments?post=10871"}],"version-history":[{"count":1,"href":"https:\/\/newhometr.com\/store\/wp-json\/wp\/v2\/product\/10871\/revisions"}],"predecessor-version":[{"id":10875,"href":"https:\/\/newhometr.com\/store\/wp-json\/wp\/v2\/product\/10871\/revisions\/10875"}],"wp:featuredmedia":[{"embeddable":true,"href":"https:\/\/newhometr.com\/store\/wp-json\/wp\/v2\/media\/10872"}],"wp:attachment":[{"href":"https:\/\/newhometr.com\/store\/wp-json\/wp\/v2\/media?parent=10871"}],"wp:term":[{"taxonomy":"product_brand","embeddable":true,"href":"https:\/\/newhometr.com\/store\/wp-json\/wp\/v2\/product_brand?post=10871"},{"taxonomy":"product_cat","embeddable":true,"href":"https:\/\/newhometr.com\/store\/wp-json\/wp\/v2\/product_cat?post=10871"},{"taxonomy":"product_tag","embeddable":true,"href":"https:\/\/newhometr.com\/store\/wp-json\/wp\/v2\/product_tag?post=10871"}],"curies":[{"name":"wp","href":"https:\/\/api.w.org\/{rel}","templated":true}]}}