{"id":10861,"date":"2025-07-06T16:09:44","date_gmt":"2025-07-06T16:09:44","guid":{"rendered":"https:\/\/newhometr.com\/store\/?post_type=product&#038;p=10861"},"modified":"2025-07-06T16:23:33","modified_gmt":"2025-07-06T16:23:33","slug":"tiner-sentetik","status":"publish","type":"product","link":"https:\/\/newhometr.com\/store\/product\/tiner-sentetik\/","title":{"rendered":"Tiner Sentetik"},"content":{"rendered":"<p>Sentetik bazl\u0131 \u00fcr\u00fcnlerin inceltilmesinde ve uygulama ara\u00e7lar\u0131n\u0131n temizli\u011finde kullan\u0131l\u0131r.<\/p>\n","protected":false},"excerpt":{"rendered":"<p>Sentetik bazl\u0131 \u00fcr\u00fcnlerin inceltilmesinde ve uygulama ara\u00e7lar\u0131n\u0131n temizli\u011finde kullan\u0131l\u0131r.<\/p>\n","protected":false},"featured_media":10869,"comment_status":"open","ping_status":"closed","template":"","meta":[],"product_brand":[],"product_cat":[497,57],"product_tag":[],"class_list":{"0":"post-10861","1":"product","2":"type-product","3":"status-publish","4":"has-post-thumbnail","6":"product_cat-marshall-boya","7":"product_cat-paint","8":"pa_size-1-l","9":"pa_size-15-l","10":"pa_size-25-l","11":"pa_size-500-ml","14":"instock","15":"shipping-taxable","16":"purchasable","17":"product-type-variable"},"_links":{"self":[{"href":"https:\/\/newhometr.com\/store\/wp-json\/wp\/v2\/product\/10861","targetHints":{"allow":["GET"]}}],"collection":[{"href":"https:\/\/newhometr.com\/store\/wp-json\/wp\/v2\/product"}],"about":[{"href":"https:\/\/newhometr.com\/store\/wp-json\/wp\/v2\/types\/product"}],"replies":[{"embeddable":true,"href":"https:\/\/newhometr.com\/store\/wp-json\/wp\/v2\/comments?post=10861"}],"version-history":[{"count":3,"href":"https:\/\/newhometr.com\/store\/wp-json\/wp\/v2\/product\/10861\/revisions"}],"predecessor-version":[{"id":10870,"href":"https:\/\/newhometr.com\/store\/wp-json\/wp\/v2\/product\/10861\/revisions\/10870"}],"wp:featuredmedia":[{"embeddable":true,"href":"https:\/\/newhometr.com\/store\/wp-json\/wp\/v2\/media\/10869"}],"wp:attachment":[{"href":"https:\/\/newhometr.com\/store\/wp-json\/wp\/v2\/media?parent=10861"}],"wp:term":[{"taxonomy":"product_brand","embeddable":true,"href":"https:\/\/newhometr.com\/store\/wp-json\/wp\/v2\/product_brand?post=10861"},{"taxonomy":"product_cat","embeddable":true,"href":"https:\/\/newhometr.com\/store\/wp-json\/wp\/v2\/product_cat?post=10861"},{"taxonomy":"product_tag","embeddable":true,"href":"https:\/\/newhometr.com\/store\/wp-json\/wp\/v2\/product_tag?post=10861"}],"curies":[{"name":"wp","href":"https:\/\/api.w.org\/{rel}","templated":true}]}}