{"id":10852,"date":"2025-07-06T14:39:05","date_gmt":"2025-07-06T14:39:05","guid":{"rendered":"https:\/\/newhometr.com\/store\/?post_type=product&#038;p=10852"},"modified":"2025-07-15T10:31:46","modified_gmt":"2025-07-15T10:31:46","slug":"yale-kollu-kasa-ofis-tipi-siyah-ysv-390-db2","status":"publish","type":"product","link":"https:\/\/newhometr.com\/store\/product\/yale-kollu-kasa-ofis-tipi-siyah-ysv-390-db2\/","title":{"rendered":"Yale Kollu Kasa &#8211; Ofis Tipi &#8211; Siyah &#8211; YSV\/390\/DB2"},"content":{"rendered":"<ul>\n<li>Siyah renkli kasa y\u00fczeyi<\/li>\n<li>16mm \u00e7ap\u0131nda 2 adet kilitleme mili<\/li>\n<li>Mekanik kol ile a\u00e7ma kapama<\/li>\n<li>Mekanik anahtar ile a\u00e7ma imkan\u0131<\/li>\n<li>Kolay kullan\u0131ml\u0131 tu\u015f tak\u0131m\u0131<\/li>\n<li>D\u0131\u015f \u00f6l\u00e7\u00fcler: Y:390 G:350 D:360 mm<\/li>\n<li>\u0130\u00e7 \u00f6l\u00e7\u00fcler: Y:380 G:340 D:310 mm<\/li>\n<li>A\u011f\u0131rl\u0131k: 10.6kg<\/li>\n<\/ul>\n","protected":false},"excerpt":{"rendered":"<p>Siyah renkli kasa y\u00fczeyi 16mm \u00e7ap\u0131nda 2 adet kilitleme mili Mekanik kol ile a\u00e7ma kapama Mekanik anahtar ile a\u00e7ma imkan\u0131 Kolay kullan\u0131ml\u0131 tu\u015f tak\u0131m\u0131 D\u0131\u015f \u00f6l\u00e7\u00fcler: Y:390 G:350 D:360 mm \u0130\u00e7 \u00f6l\u00e7\u00fcler: Y:380 G:340 D:310 mm A\u011f\u0131rl\u0131k: 10.6kg<\/p>\n","protected":false},"featured_media":11214,"comment_status":"open","ping_status":"closed","template":"","meta":[],"product_brand":[488],"product_cat":[472,38],"product_tag":[],"class_list":{"0":"post-10852","1":"product","2":"type-product","3":"status-publish","4":"has-post-thumbnail","6":"product_brand-yale","7":"product_cat-safety-equipment-and-locks","8":"product_cat-tools","11":"instock","12":"shipping-taxable","13":"purchasable","14":"product-type-simple"},"_links":{"self":[{"href":"https:\/\/newhometr.com\/store\/wp-json\/wp\/v2\/product\/10852","targetHints":{"allow":["GET"]}}],"collection":[{"href":"https:\/\/newhometr.com\/store\/wp-json\/wp\/v2\/product"}],"about":[{"href":"https:\/\/newhometr.com\/store\/wp-json\/wp\/v2\/types\/product"}],"replies":[{"embeddable":true,"href":"https:\/\/newhometr.com\/store\/wp-json\/wp\/v2\/comments?post=10852"}],"version-history":[{"count":1,"href":"https:\/\/newhometr.com\/store\/wp-json\/wp\/v2\/product\/10852\/revisions"}],"predecessor-version":[{"id":10853,"href":"https:\/\/newhometr.com\/store\/wp-json\/wp\/v2\/product\/10852\/revisions\/10853"}],"wp:featuredmedia":[{"embeddable":true,"href":"https:\/\/newhometr.com\/store\/wp-json\/wp\/v2\/media\/11214"}],"wp:attachment":[{"href":"https:\/\/newhometr.com\/store\/wp-json\/wp\/v2\/media?parent=10852"}],"wp:term":[{"taxonomy":"product_brand","embeddable":true,"href":"https:\/\/newhometr.com\/store\/wp-json\/wp\/v2\/product_brand?post=10852"},{"taxonomy":"product_cat","embeddable":true,"href":"https:\/\/newhometr.com\/store\/wp-json\/wp\/v2\/product_cat?post=10852"},{"taxonomy":"product_tag","embeddable":true,"href":"https:\/\/newhometr.com\/store\/wp-json\/wp\/v2\/product_tag?post=10852"}],"curies":[{"name":"wp","href":"https:\/\/api.w.org\/{rel}","templated":true}]}}