{"id":10810,"date":"2025-07-05T12:39:54","date_gmt":"2025-07-05T12:39:54","guid":{"rendered":"https:\/\/newhometr.com\/store\/?post_type=product&#038;p=10810"},"modified":"2025-07-05T12:39:55","modified_gmt":"2025-07-05T12:39:55","slug":"koldoor-uzun-cizme-45-numara","status":"publish","type":"product","link":"https:\/\/newhometr.com\/store\/product\/koldoor-uzun-cizme-45-numara\/","title":{"rendered":"Koldoor Uzun \u00c7izme 45 Numara"},"content":{"rendered":"<p>Gezer Uzun \u00c7izme 45 Numara<br \/>\nSu ge\u00e7irmez,<br \/>\nKaymaya kar\u015f\u0131 diren\u00e7li,<br \/>\n\u00d6rme kuma\u015ftan astar,<br \/>\nTar\u0131m,sanayi,oto y\u0131kama,hayvanc\u0131l\u0131k vb. sekt\u00f6rlerde kullan\u0131ma uygun,<\/p>\n","protected":false},"excerpt":{"rendered":"<p>Gezer Uzun \u00c7izme 45 Numara Su ge\u00e7irmez, Kaymaya kar\u015f\u0131 diren\u00e7li, \u00d6rme kuma\u015ftan astar, Tar\u0131m,sanayi,oto y\u0131kama,hayvanc\u0131l\u0131k vb. sekt\u00f6rlerde kullan\u0131ma uygun,<\/p>\n","protected":false},"featured_media":10811,"comment_status":"open","ping_status":"closed","template":"","meta":[],"product_brand":[],"product_cat":[469,38],"product_tag":[],"class_list":{"0":"post-10810","1":"product","2":"type-product","3":"status-publish","4":"has-post-thumbnail","6":"product_cat-safety-equipment","7":"product_cat-tools","10":"instock","11":"shipping-taxable","12":"purchasable","13":"product-type-simple"},"_links":{"self":[{"href":"https:\/\/newhometr.com\/store\/wp-json\/wp\/v2\/product\/10810","targetHints":{"allow":["GET"]}}],"collection":[{"href":"https:\/\/newhometr.com\/store\/wp-json\/wp\/v2\/product"}],"about":[{"href":"https:\/\/newhometr.com\/store\/wp-json\/wp\/v2\/types\/product"}],"replies":[{"embeddable":true,"href":"https:\/\/newhometr.com\/store\/wp-json\/wp\/v2\/comments?post=10810"}],"version-history":[{"count":2,"href":"https:\/\/newhometr.com\/store\/wp-json\/wp\/v2\/product\/10810\/revisions"}],"predecessor-version":[{"id":10813,"href":"https:\/\/newhometr.com\/store\/wp-json\/wp\/v2\/product\/10810\/revisions\/10813"}],"wp:featuredmedia":[{"embeddable":true,"href":"https:\/\/newhometr.com\/store\/wp-json\/wp\/v2\/media\/10811"}],"wp:attachment":[{"href":"https:\/\/newhometr.com\/store\/wp-json\/wp\/v2\/media?parent=10810"}],"wp:term":[{"taxonomy":"product_brand","embeddable":true,"href":"https:\/\/newhometr.com\/store\/wp-json\/wp\/v2\/product_brand?post=10810"},{"taxonomy":"product_cat","embeddable":true,"href":"https:\/\/newhometr.com\/store\/wp-json\/wp\/v2\/product_cat?post=10810"},{"taxonomy":"product_tag","embeddable":true,"href":"https:\/\/newhometr.com\/store\/wp-json\/wp\/v2\/product_tag?post=10810"}],"curies":[{"name":"wp","href":"https:\/\/api.w.org\/{rel}","templated":true}]}}