{"id":10803,"date":"2025-07-05T12:29:04","date_gmt":"2025-07-05T12:29:04","guid":{"rendered":"https:\/\/newhometr.com\/store\/?post_type=product&#038;p=10803"},"modified":"2025-07-05T12:29:06","modified_gmt":"2025-07-05T12:29:06","slug":"kupa-profesyonel-su-terazisi-sari-100-cm","status":"publish","type":"product","link":"https:\/\/newhometr.com\/store\/product\/kupa-profesyonel-su-terazisi-sari-100-cm\/","title":{"rendered":"Kupa Profesyonel Su Terazisi Sar\u0131 &#8211; 100 Cm."},"content":{"rendered":"","protected":false},"excerpt":{"rendered":"<p>Y\u00fcksek hassasiyetli ve darbelere kar\u015f\u0131 dayan\u0131kl\u0131 al\u00fcminyum g\u00f6vdelidir. Elektrostatik boya ile boyanm\u0131\u015ft\u0131r, darbe emici kapaklar\u0131 mevcuttur.<\/p>\n","protected":false},"featured_media":10804,"comment_status":"open","ping_status":"closed","template":"","meta":[],"product_brand":[],"product_cat":[38,175],"product_tag":[],"class_list":{"0":"post-10803","1":"product","2":"type-product","3":"status-publish","4":"has-post-thumbnail","6":"product_cat-tools","7":"product_cat-hand-tools","10":"instock","11":"shipping-taxable","12":"purchasable","13":"product-type-simple"},"_links":{"self":[{"href":"https:\/\/newhometr.com\/store\/wp-json\/wp\/v2\/product\/10803","targetHints":{"allow":["GET"]}}],"collection":[{"href":"https:\/\/newhometr.com\/store\/wp-json\/wp\/v2\/product"}],"about":[{"href":"https:\/\/newhometr.com\/store\/wp-json\/wp\/v2\/types\/product"}],"replies":[{"embeddable":true,"href":"https:\/\/newhometr.com\/store\/wp-json\/wp\/v2\/comments?post=10803"}],"version-history":[{"count":1,"href":"https:\/\/newhometr.com\/store\/wp-json\/wp\/v2\/product\/10803\/revisions"}],"predecessor-version":[{"id":10806,"href":"https:\/\/newhometr.com\/store\/wp-json\/wp\/v2\/product\/10803\/revisions\/10806"}],"wp:featuredmedia":[{"embeddable":true,"href":"https:\/\/newhometr.com\/store\/wp-json\/wp\/v2\/media\/10804"}],"wp:attachment":[{"href":"https:\/\/newhometr.com\/store\/wp-json\/wp\/v2\/media?parent=10803"}],"wp:term":[{"taxonomy":"product_brand","embeddable":true,"href":"https:\/\/newhometr.com\/store\/wp-json\/wp\/v2\/product_brand?post=10803"},{"taxonomy":"product_cat","embeddable":true,"href":"https:\/\/newhometr.com\/store\/wp-json\/wp\/v2\/product_cat?post=10803"},{"taxonomy":"product_tag","embeddable":true,"href":"https:\/\/newhometr.com\/store\/wp-json\/wp\/v2\/product_tag?post=10803"}],"curies":[{"name":"wp","href":"https:\/\/api.w.org\/{rel}","templated":true}]}}