{"id":10795,"date":"2025-07-05T11:13:17","date_gmt":"2025-07-05T11:13:17","guid":{"rendered":"https:\/\/newhometr.com\/store\/?post_type=product&#038;p=10795"},"modified":"2025-07-05T12:22:43","modified_gmt":"2025-07-05T12:22:43","slug":"kale-kilit-otomatik-blokaj-sistemli-bilyali-silindir-sari-68-mm-164obsbe0013","status":"publish","type":"product","link":"https:\/\/newhometr.com\/store\/product\/kale-kilit-otomatik-blokaj-sistemli-bilyali-silindir-sari-68-mm-164obsbe0013\/","title":{"rendered":"Kale Kilit Otomatik Blokaj Sistemli Bilyal\u0131 Silindir Sar\u0131 68 mm 164OBSBE0013"},"content":{"rendered":"","protected":false},"excerpt":{"rendered":"<p>kale kilit otomatik blokaj sistemli bilyal\u0131 silindir sar\u0131 68 mm 164obsbe0013, geni\u015f bilyal\u0131 \u015fifre kombinasyonunun yan\u0131 s\u0131ra tornavida, maymuncuk gibi aparatlarla zorland\u0131\u011f\u0131nda otomatik blokaj sistemi sayesinde kendini bloke ederek kilit sistemini tamamen hareketsiz b\u0131rak\u0131r&#8230;.K\u0131salt<br \/>\nBu \u00fcr\u00fcn \u00f6zel iade ko\u015fullar\u0131na sahiptir.<\/p>\n","protected":false},"featured_media":10796,"comment_status":"open","ping_status":"closed","template":"","meta":[],"product_brand":[],"product_cat":[472,38],"product_tag":[],"class_list":{"0":"post-10795","1":"product","2":"type-product","3":"status-publish","4":"has-post-thumbnail","6":"product_cat-safety-equipment-and-locks","7":"product_cat-tools","10":"instock","11":"shipping-taxable","12":"purchasable","13":"product-type-simple"},"_links":{"self":[{"href":"https:\/\/newhometr.com\/store\/wp-json\/wp\/v2\/product\/10795","targetHints":{"allow":["GET"]}}],"collection":[{"href":"https:\/\/newhometr.com\/store\/wp-json\/wp\/v2\/product"}],"about":[{"href":"https:\/\/newhometr.com\/store\/wp-json\/wp\/v2\/types\/product"}],"replies":[{"embeddable":true,"href":"https:\/\/newhometr.com\/store\/wp-json\/wp\/v2\/comments?post=10795"}],"version-history":[{"count":2,"href":"https:\/\/newhometr.com\/store\/wp-json\/wp\/v2\/product\/10795\/revisions"}],"predecessor-version":[{"id":10802,"href":"https:\/\/newhometr.com\/store\/wp-json\/wp\/v2\/product\/10795\/revisions\/10802"}],"wp:featuredmedia":[{"embeddable":true,"href":"https:\/\/newhometr.com\/store\/wp-json\/wp\/v2\/media\/10796"}],"wp:attachment":[{"href":"https:\/\/newhometr.com\/store\/wp-json\/wp\/v2\/media?parent=10795"}],"wp:term":[{"taxonomy":"product_brand","embeddable":true,"href":"https:\/\/newhometr.com\/store\/wp-json\/wp\/v2\/product_brand?post=10795"},{"taxonomy":"product_cat","embeddable":true,"href":"https:\/\/newhometr.com\/store\/wp-json\/wp\/v2\/product_cat?post=10795"},{"taxonomy":"product_tag","embeddable":true,"href":"https:\/\/newhometr.com\/store\/wp-json\/wp\/v2\/product_tag?post=10795"}],"curies":[{"name":"wp","href":"https:\/\/api.w.org\/{rel}","templated":true}]}}