{"id":10791,"date":"2025-07-04T23:07:45","date_gmt":"2025-07-04T23:07:45","guid":{"rendered":"https:\/\/newhometr.com\/store\/?post_type=product&#038;p=10791"},"modified":"2025-07-04T23:07:46","modified_gmt":"2025-07-04T23:07:46","slug":"feza-el-arabasi","status":"publish","type":"product","link":"https:\/\/newhometr.com\/store\/product\/feza-el-arabasi\/","title":{"rendered":"Feza El Arabas\u0131"},"content":{"rendered":"<p>\u2022 Bur\u00e7lu teker.<br \/>\n\u2022 Hacim: 90 lt<br \/>\n\u2022 Kaynakl\u0131 el arabas\u0131.<\/p>\n<p>\u2022 Tekne Sa\u00e7 Kal\u0131nl\u0131\u011f\u0131: 0,7 mm<br \/>\n\u2022 \u015ea\u015fe Boru Kal\u0131nl\u0131\u011f\u0131: 32 x 1,20 mm<\/p>\n","protected":false},"excerpt":{"rendered":"<p>\u2022 Bur\u00e7lu teker. \u2022 Hacim: 90 lt \u2022 Kaynakl\u0131 el arabas\u0131. \u2022 Tekne Sa\u00e7 Kal\u0131nl\u0131\u011f\u0131: 0,7 mm \u2022 \u015ea\u015fe Boru Kal\u0131nl\u0131\u011f\u0131: 32 x 1,20 mm<\/p>\n","protected":false},"featured_media":10792,"comment_status":"open","ping_status":"closed","template":"","meta":[],"product_brand":[],"product_cat":[38,175],"product_tag":[],"class_list":{"0":"post-10791","1":"product","2":"type-product","3":"status-publish","4":"has-post-thumbnail","6":"product_cat-tools","7":"product_cat-hand-tools","10":"instock","11":"shipping-taxable","12":"purchasable","13":"product-type-simple"},"_links":{"self":[{"href":"https:\/\/newhometr.com\/store\/wp-json\/wp\/v2\/product\/10791","targetHints":{"allow":["GET"]}}],"collection":[{"href":"https:\/\/newhometr.com\/store\/wp-json\/wp\/v2\/product"}],"about":[{"href":"https:\/\/newhometr.com\/store\/wp-json\/wp\/v2\/types\/product"}],"replies":[{"embeddable":true,"href":"https:\/\/newhometr.com\/store\/wp-json\/wp\/v2\/comments?post=10791"}],"version-history":[{"count":1,"href":"https:\/\/newhometr.com\/store\/wp-json\/wp\/v2\/product\/10791\/revisions"}],"predecessor-version":[{"id":10793,"href":"https:\/\/newhometr.com\/store\/wp-json\/wp\/v2\/product\/10791\/revisions\/10793"}],"wp:featuredmedia":[{"embeddable":true,"href":"https:\/\/newhometr.com\/store\/wp-json\/wp\/v2\/media\/10792"}],"wp:attachment":[{"href":"https:\/\/newhometr.com\/store\/wp-json\/wp\/v2\/media?parent=10791"}],"wp:term":[{"taxonomy":"product_brand","embeddable":true,"href":"https:\/\/newhometr.com\/store\/wp-json\/wp\/v2\/product_brand?post=10791"},{"taxonomy":"product_cat","embeddable":true,"href":"https:\/\/newhometr.com\/store\/wp-json\/wp\/v2\/product_cat?post=10791"},{"taxonomy":"product_tag","embeddable":true,"href":"https:\/\/newhometr.com\/store\/wp-json\/wp\/v2\/product_tag?post=10791"}],"curies":[{"name":"wp","href":"https:\/\/api.w.org\/{rel}","templated":true}]}}