{"id":10788,"date":"2025-07-04T23:04:42","date_gmt":"2025-07-04T23:04:42","guid":{"rendered":"https:\/\/newhometr.com\/store\/?post_type=product&#038;p=10788"},"modified":"2025-07-04T23:04:45","modified_gmt":"2025-07-04T23:04:45","slug":"doras-7-pimli-yuksek-guvenlikli-barel","status":"publish","type":"product","link":"https:\/\/newhometr.com\/store\/product\/doras-7-pimli-yuksek-guvenlikli-barel\/","title":{"rendered":"Doras 7 Pimli Y\u00fcksek G\u00fcvenlikli Barel"},"content":{"rendered":"<p>MS58 pirin\u00e7 ala\u015f\u0131m g\u00f6vde ve t\u00fcp<br \/>\nSaten renk g\u00f6vde ve t\u00fcp kaplama<br \/>\nY\u00fcksek g\u00fcvenlikli 7 s\u0131ra mantar \u015fifre pim<br \/>\nY\u00fcksek kombinasyonlu anahtar \u015fifresi<br \/>\nDelinmeye kar\u015f\u0131 \u00e7elik takviye<br \/>\nH\u0131rs\u0131za kar\u015f\u0131 tuzakl\u0131 \u00f6zel tasar\u0131m kgb g\u00f6vde<br \/>\nMaymuncukla a\u00e7\u0131lmaya kar\u015f\u0131 y\u00fcksek diren\u00e7li<br \/>\n\u00d6zel alpaka metal ala\u015f\u0131m &#8211; plastik kafal\u0131 anahtar<\/p>\n","protected":false},"excerpt":{"rendered":"<p>MS58 pirin\u00e7 ala\u015f\u0131m g\u00f6vde ve t\u00fcp Saten renk g\u00f6vde ve t\u00fcp kaplama Y\u00fcksek g\u00fcvenlikli 7 s\u0131ra mantar \u015fifre pim Y\u00fcksek kombinasyonlu anahtar \u015fifresi Delinmeye kar\u015f\u0131 \u00e7elik takviye H\u0131rs\u0131za kar\u015f\u0131 tuzakl\u0131 \u00f6zel tasar\u0131m kgb g\u00f6vde Maymuncukla a\u00e7\u0131lmaya kar\u015f\u0131 y\u00fcksek diren\u00e7li \u00d6zel alpaka metal ala\u015f\u0131m &#8211; plastik kafal\u0131 anahtar<\/p>\n","protected":false},"featured_media":10789,"comment_status":"open","ping_status":"closed","template":"","meta":[],"product_brand":[],"product_cat":[472,38],"product_tag":[],"class_list":{"0":"post-10788","1":"product","2":"type-product","3":"status-publish","4":"has-post-thumbnail","6":"product_cat-safety-equipment-and-locks","7":"product_cat-tools","10":"instock","11":"shipping-taxable","12":"purchasable","13":"product-type-simple"},"_links":{"self":[{"href":"https:\/\/newhometr.com\/store\/wp-json\/wp\/v2\/product\/10788","targetHints":{"allow":["GET"]}}],"collection":[{"href":"https:\/\/newhometr.com\/store\/wp-json\/wp\/v2\/product"}],"about":[{"href":"https:\/\/newhometr.com\/store\/wp-json\/wp\/v2\/types\/product"}],"replies":[{"embeddable":true,"href":"https:\/\/newhometr.com\/store\/wp-json\/wp\/v2\/comments?post=10788"}],"version-history":[{"count":1,"href":"https:\/\/newhometr.com\/store\/wp-json\/wp\/v2\/product\/10788\/revisions"}],"predecessor-version":[{"id":10790,"href":"https:\/\/newhometr.com\/store\/wp-json\/wp\/v2\/product\/10788\/revisions\/10790"}],"wp:featuredmedia":[{"embeddable":true,"href":"https:\/\/newhometr.com\/store\/wp-json\/wp\/v2\/media\/10789"}],"wp:attachment":[{"href":"https:\/\/newhometr.com\/store\/wp-json\/wp\/v2\/media?parent=10788"}],"wp:term":[{"taxonomy":"product_brand","embeddable":true,"href":"https:\/\/newhometr.com\/store\/wp-json\/wp\/v2\/product_brand?post=10788"},{"taxonomy":"product_cat","embeddable":true,"href":"https:\/\/newhometr.com\/store\/wp-json\/wp\/v2\/product_cat?post=10788"},{"taxonomy":"product_tag","embeddable":true,"href":"https:\/\/newhometr.com\/store\/wp-json\/wp\/v2\/product_tag?post=10788"}],"curies":[{"name":"wp","href":"https:\/\/api.w.org\/{rel}","templated":true}]}}