{"id":10785,"date":"2025-07-04T23:02:04","date_gmt":"2025-07-04T23:02:04","guid":{"rendered":"https:\/\/newhometr.com\/store\/?post_type=product&#038;p=10785"},"modified":"2025-07-04T23:02:07","modified_gmt":"2025-07-04T23:02:07","slug":"adilon-sunta-vidasi-siyah-3535-cm-25li","status":"publish","type":"product","link":"https:\/\/newhometr.com\/store\/product\/adilon-sunta-vidasi-siyah-3535-cm-25li\/","title":{"rendered":"Adilon Sunta Vidas\u0131 Siyah 3,5*3,5 cm 25&#8217;li"},"content":{"rendered":"<p>\u2022 Metal<br \/>\n\u2022 Siyah \u2022 3,5 x 3,5 cm ebatlar\u0131nda<br \/>\n\u2022 Ah\u015fap malzelerde kullan\u0131lan vidad\u0131r. \u2022 Paket i\u00e7erisinde 25 adet vard\u0131r.<\/p>\n","protected":false},"excerpt":{"rendered":"<p>\u2022 Metal \u2022 Siyah \u2022 3,5 x 3,5 cm ebatlar\u0131nda \u2022 Ah\u015fap malzelerde kullan\u0131lan vidad\u0131r. \u2022 Paket i\u00e7erisinde 25 adet vard\u0131r.<\/p>\n","protected":false},"featured_media":10786,"comment_status":"open","ping_status":"closed","template":"","meta":[],"product_brand":[],"product_cat":[467,38],"product_tag":[],"class_list":{"0":"post-10785","1":"product","2":"type-product","3":"status-publish","4":"has-post-thumbnail","6":"product_cat-mounting-accessories","7":"product_cat-tools","10":"instock","11":"shipping-taxable","12":"purchasable","13":"product-type-simple"},"_links":{"self":[{"href":"https:\/\/newhometr.com\/store\/wp-json\/wp\/v2\/product\/10785","targetHints":{"allow":["GET"]}}],"collection":[{"href":"https:\/\/newhometr.com\/store\/wp-json\/wp\/v2\/product"}],"about":[{"href":"https:\/\/newhometr.com\/store\/wp-json\/wp\/v2\/types\/product"}],"replies":[{"embeddable":true,"href":"https:\/\/newhometr.com\/store\/wp-json\/wp\/v2\/comments?post=10785"}],"version-history":[{"count":1,"href":"https:\/\/newhometr.com\/store\/wp-json\/wp\/v2\/product\/10785\/revisions"}],"predecessor-version":[{"id":10787,"href":"https:\/\/newhometr.com\/store\/wp-json\/wp\/v2\/product\/10785\/revisions\/10787"}],"wp:featuredmedia":[{"embeddable":true,"href":"https:\/\/newhometr.com\/store\/wp-json\/wp\/v2\/media\/10786"}],"wp:attachment":[{"href":"https:\/\/newhometr.com\/store\/wp-json\/wp\/v2\/media?parent=10785"}],"wp:term":[{"taxonomy":"product_brand","embeddable":true,"href":"https:\/\/newhometr.com\/store\/wp-json\/wp\/v2\/product_brand?post=10785"},{"taxonomy":"product_cat","embeddable":true,"href":"https:\/\/newhometr.com\/store\/wp-json\/wp\/v2\/product_cat?post=10785"},{"taxonomy":"product_tag","embeddable":true,"href":"https:\/\/newhometr.com\/store\/wp-json\/wp\/v2\/product_tag?post=10785"}],"curies":[{"name":"wp","href":"https:\/\/api.w.org\/{rel}","templated":true}]}}