{"id":10782,"date":"2025-07-04T22:58:35","date_gmt":"2025-07-04T22:58:35","guid":{"rendered":"https:\/\/newhometr.com\/store\/?post_type=product&#038;p=10782"},"modified":"2025-07-04T22:58:38","modified_gmt":"2025-07-04T22:58:38","slug":"adilon-mentese-tamir-saci-seti-beyaz","status":"publish","type":"product","link":"https:\/\/newhometr.com\/store\/product\/adilon-mentese-tamir-saci-seti-beyaz\/","title":{"rendered":"Adilon Mente\u015fe Tamir Sac\u0131 Seti Beyaz"},"content":{"rendered":"<p>\u2022 Metal<br \/>\n\u2022 Beyaz<br \/>\n\u2022 Dolap kapaklar\u0131nda mente\u015fenin yuvas\u0131n\u0131n bozulmu\u015f olan yerlerinde kullan\u0131l\u0131r.Bozuk yuvan\u0131n \u00fcst k\u0131sm\u0131na vidalan\u0131p mente\u015fe \u00fczerine sabitlenir. \u2022 Paket i\u00e7erisinde 1 tak\u0131m vard\u0131r.<\/p>\n","protected":false},"excerpt":{"rendered":"<p>\u2022 Metal \u2022 Beyaz \u2022 Dolap kapaklar\u0131nda mente\u015fenin yuvas\u0131n\u0131n bozulmu\u015f olan yerlerinde kullan\u0131l\u0131r.Bozuk yuvan\u0131n \u00fcst k\u0131sm\u0131na vidalan\u0131p mente\u015fe \u00fczerine sabitlenir. \u2022 Paket i\u00e7erisinde 1 tak\u0131m vard\u0131r.<\/p>\n","protected":false},"featured_media":10783,"comment_status":"open","ping_status":"closed","template":"","meta":[],"product_brand":[],"product_cat":[467,38],"product_tag":[],"class_list":{"0":"post-10782","1":"product","2":"type-product","3":"status-publish","4":"has-post-thumbnail","6":"product_cat-mounting-accessories","7":"product_cat-tools","10":"instock","11":"shipping-taxable","12":"purchasable","13":"product-type-simple"},"_links":{"self":[{"href":"https:\/\/newhometr.com\/store\/wp-json\/wp\/v2\/product\/10782","targetHints":{"allow":["GET"]}}],"collection":[{"href":"https:\/\/newhometr.com\/store\/wp-json\/wp\/v2\/product"}],"about":[{"href":"https:\/\/newhometr.com\/store\/wp-json\/wp\/v2\/types\/product"}],"replies":[{"embeddable":true,"href":"https:\/\/newhometr.com\/store\/wp-json\/wp\/v2\/comments?post=10782"}],"version-history":[{"count":1,"href":"https:\/\/newhometr.com\/store\/wp-json\/wp\/v2\/product\/10782\/revisions"}],"predecessor-version":[{"id":10784,"href":"https:\/\/newhometr.com\/store\/wp-json\/wp\/v2\/product\/10782\/revisions\/10784"}],"wp:featuredmedia":[{"embeddable":true,"href":"https:\/\/newhometr.com\/store\/wp-json\/wp\/v2\/media\/10783"}],"wp:attachment":[{"href":"https:\/\/newhometr.com\/store\/wp-json\/wp\/v2\/media?parent=10782"}],"wp:term":[{"taxonomy":"product_brand","embeddable":true,"href":"https:\/\/newhometr.com\/store\/wp-json\/wp\/v2\/product_brand?post=10782"},{"taxonomy":"product_cat","embeddable":true,"href":"https:\/\/newhometr.com\/store\/wp-json\/wp\/v2\/product_cat?post=10782"},{"taxonomy":"product_tag","embeddable":true,"href":"https:\/\/newhometr.com\/store\/wp-json\/wp\/v2\/product_tag?post=10782"}],"curies":[{"name":"wp","href":"https:\/\/api.w.org\/{rel}","templated":true}]}}