{"id":10779,"date":"2025-07-04T22:55:32","date_gmt":"2025-07-04T22:55:32","guid":{"rendered":"https:\/\/newhometr.com\/store\/?post_type=product&#038;p=10779"},"modified":"2025-07-04T22:55:34","modified_gmt":"2025-07-04T22:55:34","slug":"ermo-2mm-kanalli-kosebent-65x5x7cm","status":"publish","type":"product","link":"https:\/\/newhometr.com\/store\/product\/ermo-2mm-kanalli-kosebent-65x5x7cm\/","title":{"rendered":"Ermo 2mm Kanall\u0131 K\u00f6\u015febent 6,5x5x7cm"},"content":{"rendered":"<p>\u2022 Par\u00e7alar\u0131 birbirine sabitlemek i\u00e7in kullan\u0131l\u0131r.<br \/>\n\u2022 \u00dcr\u00fcn \u00f6l\u00e7\u00fcs\u00fc: 6,5x5x7cm<\/p>\n","protected":false},"excerpt":{"rendered":"<p>\u2022 Par\u00e7alar\u0131 birbirine sabitlemek i\u00e7in kullan\u0131l\u0131r. \u2022 \u00dcr\u00fcn \u00f6l\u00e7\u00fcs\u00fc: 6,5x5x7cm<\/p>\n","protected":false},"featured_media":10780,"comment_status":"open","ping_status":"closed","template":"","meta":[],"product_brand":[],"product_cat":[467,38],"product_tag":[],"class_list":{"0":"post-10779","1":"product","2":"type-product","3":"status-publish","4":"has-post-thumbnail","6":"product_cat-mounting-accessories","7":"product_cat-tools","10":"instock","11":"shipping-taxable","12":"purchasable","13":"product-type-simple"},"_links":{"self":[{"href":"https:\/\/newhometr.com\/store\/wp-json\/wp\/v2\/product\/10779","targetHints":{"allow":["GET"]}}],"collection":[{"href":"https:\/\/newhometr.com\/store\/wp-json\/wp\/v2\/product"}],"about":[{"href":"https:\/\/newhometr.com\/store\/wp-json\/wp\/v2\/types\/product"}],"replies":[{"embeddable":true,"href":"https:\/\/newhometr.com\/store\/wp-json\/wp\/v2\/comments?post=10779"}],"version-history":[{"count":1,"href":"https:\/\/newhometr.com\/store\/wp-json\/wp\/v2\/product\/10779\/revisions"}],"predecessor-version":[{"id":10781,"href":"https:\/\/newhometr.com\/store\/wp-json\/wp\/v2\/product\/10779\/revisions\/10781"}],"wp:featuredmedia":[{"embeddable":true,"href":"https:\/\/newhometr.com\/store\/wp-json\/wp\/v2\/media\/10780"}],"wp:attachment":[{"href":"https:\/\/newhometr.com\/store\/wp-json\/wp\/v2\/media?parent=10779"}],"wp:term":[{"taxonomy":"product_brand","embeddable":true,"href":"https:\/\/newhometr.com\/store\/wp-json\/wp\/v2\/product_brand?post=10779"},{"taxonomy":"product_cat","embeddable":true,"href":"https:\/\/newhometr.com\/store\/wp-json\/wp\/v2\/product_cat?post=10779"},{"taxonomy":"product_tag","embeddable":true,"href":"https:\/\/newhometr.com\/store\/wp-json\/wp\/v2\/product_tag?post=10779"}],"curies":[{"name":"wp","href":"https:\/\/api.w.org\/{rel}","templated":true}]}}