{"id":10769,"date":"2025-07-04T22:46:16","date_gmt":"2025-07-04T22:46:16","guid":{"rendered":"https:\/\/newhometr.com\/store\/?post_type=product&#038;p=10769"},"modified":"2025-07-04T22:46:18","modified_gmt":"2025-07-04T22:46:18","slug":"adilon-kare-tampon-12-cm","status":"publish","type":"product","link":"https:\/\/newhometr.com\/store\/product\/adilon-kare-tampon-12-cm\/","title":{"rendered":"Adilon Kare Tampon 12 cm"},"content":{"rendered":"<ul>\n<li>Metal<\/li>\n<li>Krom<\/li>\n<li>12 cm.<\/li>\n<li>Yere montaj yap\u0131l\u0131r.<\/li>\n<li>Kap\u0131n\u0131n duvara \u00e7arpmas\u0131n\u0131 engeller.<\/li>\n<li>Paket i\u00e7erisinde 1 adet vard\u0131r.<\/li>\n<\/ul>\n","protected":false},"excerpt":{"rendered":"<p>Metal Krom 12 cm. Yere montaj yap\u0131l\u0131r. Kap\u0131n\u0131n duvara \u00e7arpmas\u0131n\u0131 engeller. Paket i\u00e7erisinde 1 adet vard\u0131r.<\/p>\n","protected":false},"featured_media":10770,"comment_status":"open","ping_status":"closed","template":"","meta":[],"product_brand":[],"product_cat":[467,38],"product_tag":[],"class_list":{"0":"post-10769","1":"product","2":"type-product","3":"status-publish","4":"has-post-thumbnail","6":"product_cat-mounting-accessories","7":"product_cat-tools","10":"instock","11":"shipping-taxable","12":"purchasable","13":"product-type-simple"},"_links":{"self":[{"href":"https:\/\/newhometr.com\/store\/wp-json\/wp\/v2\/product\/10769","targetHints":{"allow":["GET"]}}],"collection":[{"href":"https:\/\/newhometr.com\/store\/wp-json\/wp\/v2\/product"}],"about":[{"href":"https:\/\/newhometr.com\/store\/wp-json\/wp\/v2\/types\/product"}],"replies":[{"embeddable":true,"href":"https:\/\/newhometr.com\/store\/wp-json\/wp\/v2\/comments?post=10769"}],"version-history":[{"count":2,"href":"https:\/\/newhometr.com\/store\/wp-json\/wp\/v2\/product\/10769\/revisions"}],"predecessor-version":[{"id":10772,"href":"https:\/\/newhometr.com\/store\/wp-json\/wp\/v2\/product\/10769\/revisions\/10772"}],"wp:featuredmedia":[{"embeddable":true,"href":"https:\/\/newhometr.com\/store\/wp-json\/wp\/v2\/media\/10770"}],"wp:attachment":[{"href":"https:\/\/newhometr.com\/store\/wp-json\/wp\/v2\/media?parent=10769"}],"wp:term":[{"taxonomy":"product_brand","embeddable":true,"href":"https:\/\/newhometr.com\/store\/wp-json\/wp\/v2\/product_brand?post=10769"},{"taxonomy":"product_cat","embeddable":true,"href":"https:\/\/newhometr.com\/store\/wp-json\/wp\/v2\/product_cat?post=10769"},{"taxonomy":"product_tag","embeddable":true,"href":"https:\/\/newhometr.com\/store\/wp-json\/wp\/v2\/product_tag?post=10769"}],"curies":[{"name":"wp","href":"https:\/\/api.w.org\/{rel}","templated":true}]}}