{"id":10766,"date":"2025-07-04T22:42:55","date_gmt":"2025-07-04T22:42:55","guid":{"rendered":"https:\/\/newhometr.com\/store\/?post_type=product&#038;p=10766"},"modified":"2025-07-04T22:42:57","modified_gmt":"2025-07-04T22:42:57","slug":"adilon-somun-m-8","status":"publish","type":"product","link":"https:\/\/newhometr.com\/store\/product\/adilon-somun-m-8\/","title":{"rendered":"Adilon Somun M-8"},"content":{"rendered":"<ul>\n<li>Metal<\/li>\n<li>\u00c7inko<\/li>\n<li>M \/ 8 di\u015f<\/li>\n<li>Alt\u0131gen k\u00f6\u015fedir.<\/li>\n<\/ul>\n","protected":false},"excerpt":{"rendered":"<p>Metal \u00c7inko M \/ 8 di\u015f Alt\u0131gen k\u00f6\u015fedir.<\/p>\n","protected":false},"featured_media":10767,"comment_status":"open","ping_status":"closed","template":"","meta":[],"product_brand":[],"product_cat":[467,38],"product_tag":[],"class_list":{"0":"post-10766","1":"product","2":"type-product","3":"status-publish","4":"has-post-thumbnail","6":"product_cat-mounting-accessories","7":"product_cat-tools","10":"instock","11":"shipping-taxable","12":"purchasable","13":"product-type-simple"},"_links":{"self":[{"href":"https:\/\/newhometr.com\/store\/wp-json\/wp\/v2\/product\/10766","targetHints":{"allow":["GET"]}}],"collection":[{"href":"https:\/\/newhometr.com\/store\/wp-json\/wp\/v2\/product"}],"about":[{"href":"https:\/\/newhometr.com\/store\/wp-json\/wp\/v2\/types\/product"}],"replies":[{"embeddable":true,"href":"https:\/\/newhometr.com\/store\/wp-json\/wp\/v2\/comments?post=10766"}],"version-history":[{"count":1,"href":"https:\/\/newhometr.com\/store\/wp-json\/wp\/v2\/product\/10766\/revisions"}],"predecessor-version":[{"id":10768,"href":"https:\/\/newhometr.com\/store\/wp-json\/wp\/v2\/product\/10766\/revisions\/10768"}],"wp:featuredmedia":[{"embeddable":true,"href":"https:\/\/newhometr.com\/store\/wp-json\/wp\/v2\/media\/10767"}],"wp:attachment":[{"href":"https:\/\/newhometr.com\/store\/wp-json\/wp\/v2\/media?parent=10766"}],"wp:term":[{"taxonomy":"product_brand","embeddable":true,"href":"https:\/\/newhometr.com\/store\/wp-json\/wp\/v2\/product_brand?post=10766"},{"taxonomy":"product_cat","embeddable":true,"href":"https:\/\/newhometr.com\/store\/wp-json\/wp\/v2\/product_cat?post=10766"},{"taxonomy":"product_tag","embeddable":true,"href":"https:\/\/newhometr.com\/store\/wp-json\/wp\/v2\/product_tag?post=10766"}],"curies":[{"name":"wp","href":"https:\/\/api.w.org\/{rel}","templated":true}]}}