{"id":10762,"date":"2025-07-04T22:35:36","date_gmt":"2025-07-04T22:35:36","guid":{"rendered":"https:\/\/newhometr.com\/store\/?post_type=product&#038;p=10762"},"modified":"2025-07-04T22:38:52","modified_gmt":"2025-07-04T22:38:52","slug":"kale-kilit-emniyet-kelepcesi-pirinc","status":"publish","type":"product","link":"https:\/\/newhometr.com\/store\/product\/kale-kilit-emniyet-kelepcesi-pirinc\/","title":{"rendered":"Kale Kilit Emniyet Kelep\u00e7esi Pirin\u00e7"},"content":{"rendered":"<p>\u2022 \u00c7elik kap\u0131 emniyet kelep\u00e7esi<br \/>\n\u2022 Renk pirin\u00e7<br \/>\n\u2022 Garanti s\u00fcresi 5 y\u0131l<\/p>\n","protected":false},"excerpt":{"rendered":"<p>\u2022 \u00c7elik kap\u0131 emniyet kelep\u00e7esi \u2022 Renk pirin\u00e7 \u2022 Garanti s\u00fcresi 5 y\u0131l<\/p>\n","protected":false},"featured_media":10764,"comment_status":"open","ping_status":"closed","template":"","meta":[],"product_brand":[],"product_cat":[472,38],"product_tag":[],"class_list":{"0":"post-10762","1":"product","2":"type-product","3":"status-publish","4":"has-post-thumbnail","6":"product_cat-safety-equipment-and-locks","7":"product_cat-tools","10":"instock","11":"shipping-taxable","12":"purchasable","13":"product-type-simple"},"_links":{"self":[{"href":"https:\/\/newhometr.com\/store\/wp-json\/wp\/v2\/product\/10762","targetHints":{"allow":["GET"]}}],"collection":[{"href":"https:\/\/newhometr.com\/store\/wp-json\/wp\/v2\/product"}],"about":[{"href":"https:\/\/newhometr.com\/store\/wp-json\/wp\/v2\/types\/product"}],"replies":[{"embeddable":true,"href":"https:\/\/newhometr.com\/store\/wp-json\/wp\/v2\/comments?post=10762"}],"version-history":[{"count":1,"href":"https:\/\/newhometr.com\/store\/wp-json\/wp\/v2\/product\/10762\/revisions"}],"predecessor-version":[{"id":10765,"href":"https:\/\/newhometr.com\/store\/wp-json\/wp\/v2\/product\/10762\/revisions\/10765"}],"wp:featuredmedia":[{"embeddable":true,"href":"https:\/\/newhometr.com\/store\/wp-json\/wp\/v2\/media\/10764"}],"wp:attachment":[{"href":"https:\/\/newhometr.com\/store\/wp-json\/wp\/v2\/media?parent=10762"}],"wp:term":[{"taxonomy":"product_brand","embeddable":true,"href":"https:\/\/newhometr.com\/store\/wp-json\/wp\/v2\/product_brand?post=10762"},{"taxonomy":"product_cat","embeddable":true,"href":"https:\/\/newhometr.com\/store\/wp-json\/wp\/v2\/product_cat?post=10762"},{"taxonomy":"product_tag","embeddable":true,"href":"https:\/\/newhometr.com\/store\/wp-json\/wp\/v2\/product_tag?post=10762"}],"curies":[{"name":"wp","href":"https:\/\/api.w.org\/{rel}","templated":true}]}}